{"id":109,"date":"2022-04-21T12:25:21","date_gmt":"2022-04-21T10:25:21","guid":{"rendered":"https:\/\/cyberwroc.pl\/?page_id=109"},"modified":"2022-11-09T15:24:56","modified_gmt":"2022-11-09T14:24:56","slug":"tajniacy-obrazkowi","status":"publish","type":"page","link":"https:\/\/cyberwroc.pl\/index.php\/tajniacy-obrazkowi\/","title":{"rendered":"Tajniacy Obrazkowi"},"content":{"rendered":"\n<div class=\"wp-block-media-text alignwide is-stacked-on-mobile\" style=\"grid-template-columns:40% auto\"><figure class=\"wp-block-media-text__media\"><img decoding=\"async\" src=\"https:\/\/image.ceneostatic.pl\/data\/products\/47749906\/i-tajniacy-obrazki.jpg\" alt=\"\"\/><\/figure><div class=\"wp-block-media-text__content\">\n<p>C\u00f3\u017c to za dziwaczne symbole na mapie? To zakodowane oznaczenia miejsc, w kt\u00f3rych Tajniacy musz\u0105 nawi\u0105za\u0107 kontakt z agentami ze swojej organizacji!<\/p>\n\n\n\n<p>Dw\u00f3ch Szef\u00f3w przeciwnych dru\u017cyn zna to\u017csamo\u015b\u0107 os\u00f3b przebywaj\u0105cych w danej lokalizacji. Szefowie przekazuj\u0105 swoim Tajniakom zakodowane wiadomo\u015bci dotycz\u0105ce miejsc tajnych spotka\u0144. Tajniacy musz\u0105 wykaza\u0107 si\u0119 inteligencj\u0105. B\u0142\u0105d w odczytaniu wiadomo\u015bci mo\u017ce prowadzi\u0107 do niezbyt przyjemnego spotkania z agentem z przeciwnej dru\u017cyny albo &#8211; co gorsza &#8211; z zab\u00f3jc\u0105!<\/p>\n\n\n\n<p>Obydwie dru\u017cyny pr\u00f3buj\u0105 skontaktowa\u0107 si\u0119 z wszystkimi swoimi agentami, ale tylko jedna z nich mo\u017ce zwyci\u0119\u017cy\u0107.<\/p>\n<\/div><\/div>\n\n\n\n<p class=\"has-text-align-center has-large-font-size\"><a href=\"https:\/\/files.rebel.pl\/files\/instrukcje\/Tajniacy_Obrazki_InstrukcjaPL.pdf\" data-type=\"URL\" data-id=\"https:\/\/files.rebel.pl\/files\/instrukcje\/Tajniacy_Obrazki_InstrukcjaPL.pdf\"><strong>INSTRUKCJA<\/strong><\/a><\/p>\n","protected":false},"excerpt":{"rendered":"<p>C\u00f3\u017c to za dziwaczne symbole na mapie? To zakodowane oznaczenia miejsc, w kt\u00f3rych Tajniacy musz\u0105 nawi\u0105za\u0107 kontakt z agentami ze swojej organizacji! Dw\u00f3ch Szef\u00f3w przeciwnych dru\u017cyn zna to\u017csamo\u015b\u0107 os\u00f3b przebywaj\u0105cych w danej lokalizacji. Szefowie przekazuj\u0105 swoim Tajniakom zakodowane wiadomo\u015bci dotycz\u0105ce miejsc tajnych spotka\u0144. Tajniacy musz\u0105 wykaza\u0107 si\u0119 inteligencj\u0105. B\u0142\u0105d w odczytaniu wiadomo\u015bci mo\u017ce prowadzi\u0107 do [&hellip;]<\/p>\n","protected":false},"author":2,"featured_media":0,"parent":0,"menu_order":0,"comment_status":"closed","ping_status":"closed","template":"","meta":{"footnotes":""},"class_list":["post-109","page","type-page","status-publish","hentry"],"_links":{"self":[{"href":"https:\/\/cyberwroc.pl\/index.php\/wp-json\/wp\/v2\/pages\/109","targetHints":{"allow":["GET"]}}],"collection":[{"href":"https:\/\/cyberwroc.pl\/index.php\/wp-json\/wp\/v2\/pages"}],"about":[{"href":"https:\/\/cyberwroc.pl\/index.php\/wp-json\/wp\/v2\/types\/page"}],"author":[{"embeddable":true,"href":"https:\/\/cyberwroc.pl\/index.php\/wp-json\/wp\/v2\/users\/2"}],"replies":[{"embeddable":true,"href":"https:\/\/cyberwroc.pl\/index.php\/wp-json\/wp\/v2\/comments?post=109"}],"version-history":[{"count":3,"href":"https:\/\/cyberwroc.pl\/index.php\/wp-json\/wp\/v2\/pages\/109\/revisions"}],"predecessor-version":[{"id":520,"href":"https:\/\/cyberwroc.pl\/index.php\/wp-json\/wp\/v2\/pages\/109\/revisions\/520"}],"wp:attachment":[{"href":"https:\/\/cyberwroc.pl\/index.php\/wp-json\/wp\/v2\/media?parent=109"}],"curies":[{"name":"wp","href":"https:\/\/api.w.org\/{rel}","templated":true}]}}