{"id":115,"date":"2022-04-21T12:26:26","date_gmt":"2022-04-21T10:26:26","guid":{"rendered":"https:\/\/cyberwroc.pl\/?page_id=115"},"modified":"2022-11-09T14:59:56","modified_gmt":"2022-11-09T13:59:56","slug":"5-sekund-bez-cenzury","status":"publish","type":"page","link":"https:\/\/cyberwroc.pl\/index.php\/5-sekund-bez-cenzury\/","title":{"rendered":"5 Sekund bez Cenzury"},"content":{"rendered":"\n<div class=\"wp-block-media-text alignwide is-stacked-on-mobile\"><figure class=\"wp-block-media-text__media\"><img decoding=\"async\" src=\"https:\/\/strefamtg.pl\/92108-large_default\/5-sekund-bez-cenzury-pl-.jpg\" alt=\"\"\/><\/figure><div class=\"wp-block-media-text__content\">\n<p>W grze <strong>&#8222;5 sekund (Bez cenzury)&#8221;<\/strong> pytania zosta\u0142y przygotowane z my\u015bl\u0105 o pe\u0142noletnich graczach, a odpowiedzi na nie, nie obejd\u0105 si\u0119 bez dwuznacznych aluzji. Wymienienie trzech zastosowa\u0144 Twojego j\u0119zyka wydaje si\u0119 z pozoru \u0142atwe, ale czy potrafisz to zrobi\u0107 w 5 sekund, gdy w\u0142a\u015bnie pl\u0105cze Ci si\u0119 j\u0119zyk? Pozostali gracze bacznie Ci\u0119 obserwuj\u0105, z niecierpliwo\u015bci\u0105 oczekuj\u0105c Twojej odpowiedzi, a czas ucieka&#8230;<\/p>\n<\/div><\/div>\n\n\n\n<p class=\"has-text-align-center has-large-font-size\"><a href=\"https:\/\/3.bp.blogspot.com\/-Kh6bQS8s3eY\/WjaRWc5SJcI\/AAAAAAAABS0\/zJG8hgtJ5X83oj8CENrCZ7YSGyOzEA2pwCEwYBhgL\/s1600\/20171217_164003.jpg\">INSTRUKCJA<\/a><\/p>\n","protected":false},"excerpt":{"rendered":"<p>W grze &#8222;5 sekund (Bez cenzury)&#8221; pytania zosta\u0142y przygotowane z my\u015bl\u0105 o pe\u0142noletnich graczach, a odpowiedzi na nie, nie obejd\u0105 si\u0119 bez dwuznacznych aluzji. Wymienienie trzech zastosowa\u0144 Twojego j\u0119zyka wydaje si\u0119 z pozoru \u0142atwe, ale czy potrafisz to zrobi\u0107 w 5 sekund, gdy w\u0142a\u015bnie pl\u0105cze Ci si\u0119 j\u0119zyk? Pozostali gracze bacznie Ci\u0119 obserwuj\u0105, z niecierpliwo\u015bci\u0105 [&hellip;]<\/p>\n","protected":false},"author":2,"featured_media":0,"parent":0,"menu_order":0,"comment_status":"closed","ping_status":"closed","template":"","meta":{"footnotes":""},"class_list":["post-115","page","type-page","status-publish","hentry"],"_links":{"self":[{"href":"https:\/\/cyberwroc.pl\/index.php\/wp-json\/wp\/v2\/pages\/115","targetHints":{"allow":["GET"]}}],"collection":[{"href":"https:\/\/cyberwroc.pl\/index.php\/wp-json\/wp\/v2\/pages"}],"about":[{"href":"https:\/\/cyberwroc.pl\/index.php\/wp-json\/wp\/v2\/types\/page"}],"author":[{"embeddable":true,"href":"https:\/\/cyberwroc.pl\/index.php\/wp-json\/wp\/v2\/users\/2"}],"replies":[{"embeddable":true,"href":"https:\/\/cyberwroc.pl\/index.php\/wp-json\/wp\/v2\/comments?post=115"}],"version-history":[{"count":4,"href":"https:\/\/cyberwroc.pl\/index.php\/wp-json\/wp\/v2\/pages\/115\/revisions"}],"predecessor-version":[{"id":684,"href":"https:\/\/cyberwroc.pl\/index.php\/wp-json\/wp\/v2\/pages\/115\/revisions\/684"}],"wp:attachment":[{"href":"https:\/\/cyberwroc.pl\/index.php\/wp-json\/wp\/v2\/media?parent=115"}],"curies":[{"name":"wp","href":"https:\/\/api.w.org\/{rel}","templated":true}]}}