{"id":118,"date":"2022-04-21T12:27:25","date_gmt":"2022-04-21T10:27:25","guid":{"rendered":"https:\/\/cyberwroc.pl\/?page_id=118"},"modified":"2022-11-09T15:00:28","modified_gmt":"2022-11-09T14:00:28","slug":"5-sekund-niebieskie","status":"publish","type":"page","link":"https:\/\/cyberwroc.pl\/index.php\/5-sekund-niebieskie\/","title":{"rendered":"5 Sekund Niebieskie"},"content":{"rendered":"\n<div class=\"wp-block-media-text alignwide is-stacked-on-mobile\"><figure class=\"wp-block-media-text__media\"><img decoding=\"async\" src=\"https:\/\/ecsmedia.pl\/c\/trefl-gra-towarzyska-5-sekund-wersja-2-0-w-iext107572717.jpg\" alt=\"\"\/><\/figure><div class=\"wp-block-media-text__content\">\n<p>Raz, dwa, trzy, cztery, pi\u0119\u0107 i ju\u017c! Kuleczki w klepsydrze nie zaczekaj\u0105! Okazuje si\u0119, \u017ce nawet proste pytania, potrafi\u0105 wprawi\u0107 gracza w os\u0142upienie. To si\u0119 nigdy nie nudzi! Im bardziej nietypowe i pomys\u0142owe odpowiedzi, tym zabawniej.<\/p>\n\n\n\n<p>Mo\u017ce jest w\u015br\u00f3d Was kto\u015b, kto doskonale dzia\u0142a po presj\u0105 i uwa\u017ca, \u017ce 5 sekund to bardzo du\u017co czasu, by udzieli\u0107 odpowiedzi na ka\u017cde pytanie? Poczekajcie, a\u017c jego pionek znajdzie si\u0119 w Strefie Zagro\u017cenia. Tylko trzy poprawne odpowiedzi b\u0119d\u0105 mog\u0142y uratowa\u0107 go przed strat\u0105 tury lub utrat\u0105 wszystkich punkt\u00f3w. Ma\u0142o jest na \u015bwiecie zawodnik\u00f3w o tak stalowych nerwach!<\/p>\n<\/div><\/div>\n\n\n\n<p class=\"has-text-align-center has-large-font-size\"><a href=\"https:\/\/www.trefl.com\/media\/instruction\/\/0\/1\/01778_instrukcja.pdf\" data-type=\"URL\" data-id=\"https:\/\/www.trefl.com\/media\/instruction\/\/0\/1\/01778_instrukcja.pdf\">INSTRUKCJA<\/a><\/p>\n","protected":false},"excerpt":{"rendered":"<p>Raz, dwa, trzy, cztery, pi\u0119\u0107 i ju\u017c! Kuleczki w klepsydrze nie zaczekaj\u0105! Okazuje si\u0119, \u017ce nawet proste pytania, potrafi\u0105 wprawi\u0107 gracza w os\u0142upienie. To si\u0119 nigdy nie nudzi! Im bardziej nietypowe i pomys\u0142owe odpowiedzi, tym zabawniej. Mo\u017ce jest w\u015br\u00f3d Was kto\u015b, kto doskonale dzia\u0142a po presj\u0105 i uwa\u017ca, \u017ce 5 sekund to bardzo du\u017co czasu, [&hellip;]<\/p>\n","protected":false},"author":2,"featured_media":0,"parent":0,"menu_order":0,"comment_status":"closed","ping_status":"closed","template":"","meta":{"footnotes":""},"class_list":["post-118","page","type-page","status-publish","hentry"],"_links":{"self":[{"href":"https:\/\/cyberwroc.pl\/index.php\/wp-json\/wp\/v2\/pages\/118","targetHints":{"allow":["GET"]}}],"collection":[{"href":"https:\/\/cyberwroc.pl\/index.php\/wp-json\/wp\/v2\/pages"}],"about":[{"href":"https:\/\/cyberwroc.pl\/index.php\/wp-json\/wp\/v2\/types\/page"}],"author":[{"embeddable":true,"href":"https:\/\/cyberwroc.pl\/index.php\/wp-json\/wp\/v2\/users\/2"}],"replies":[{"embeddable":true,"href":"https:\/\/cyberwroc.pl\/index.php\/wp-json\/wp\/v2\/comments?post=118"}],"version-history":[{"count":3,"href":"https:\/\/cyberwroc.pl\/index.php\/wp-json\/wp\/v2\/pages\/118\/revisions"}],"predecessor-version":[{"id":453,"href":"https:\/\/cyberwroc.pl\/index.php\/wp-json\/wp\/v2\/pages\/118\/revisions\/453"}],"wp:attachment":[{"href":"https:\/\/cyberwroc.pl\/index.php\/wp-json\/wp\/v2\/media?parent=118"}],"curies":[{"name":"wp","href":"https:\/\/api.w.org\/{rel}","templated":true}]}}