{"id":120,"date":"2022-04-21T12:27:34","date_gmt":"2022-04-21T10:27:34","guid":{"rendered":"https:\/\/cyberwroc.pl\/?page_id=120"},"modified":"2022-11-09T15:22:31","modified_gmt":"2022-11-09T14:22:31","slug":"splendor","status":"publish","type":"page","link":"https:\/\/cyberwroc.pl\/index.php\/splendor\/","title":{"rendered":"Splendor"},"content":{"rendered":"\n<div class=\"wp-block-media-text alignwide is-stacked-on-mobile\"><figure class=\"wp-block-media-text__media\"><img decoding=\"async\" src=\"https:\/\/bigimg.taniaksiazka.pl\/images\/popups\/9CE\/69254602882GR.jpg\" alt=\"\"\/><\/figure><div class=\"wp-block-media-text__content\">\n<p>Splendor jest dynamiczn\u0105 i niemal uzale\u017cniaj\u0105c\u0105 gr\u0105 w zbieranie \u017ceton\u00f3w i kart, kt\u00f3re tworz\u0105 zasoby gracza, umo\u017cliwiaj\u0105ce mu dalszy rozw\u00f3j. Gracze wcielaj\u0105 si\u0119 w renesansowych kupc\u00f3w, kt\u00f3rzy pr\u00f3buj\u0105 naby\u0107 kopalnie klejnot\u00f3w, \u015brodki transportu, sklepy &#8211; wszystko to w celu zdobycia jak najwi\u0119kszego presti\u017cu. Gdy b\u0119dziesz ju\u017c dostatecznie bogaty, by\u0107 mo\u017ce zaszczyci Ci\u0119 sw\u0105 wizyt\u0105 przedstawiciel szlachty, co jeszcze podniesie Tw\u00f3j presti\u017c w oczach konkurencji.<strong><\/strong><\/p>\n<\/div><\/div>\n\n\n\n<p class=\"has-text-align-center has-large-font-size\"><a href=\"https:\/\/repository.rebel.pl\/files\/instrukcje\/Splendor%20PL.pdf\" data-type=\"URL\" data-id=\"https:\/\/repository.rebel.pl\/files\/instrukcje\/Splendor%20PL.pdf\"><strong>INSTRUKCJA<\/strong><\/a><\/p>\n","protected":false},"excerpt":{"rendered":"<p>Splendor jest dynamiczn\u0105 i niemal uzale\u017cniaj\u0105c\u0105 gr\u0105 w zbieranie \u017ceton\u00f3w i kart, kt\u00f3re tworz\u0105 zasoby gracza, umo\u017cliwiaj\u0105ce mu dalszy rozw\u00f3j. Gracze wcielaj\u0105 si\u0119 w renesansowych kupc\u00f3w, kt\u00f3rzy pr\u00f3buj\u0105 naby\u0107 kopalnie klejnot\u00f3w, \u015brodki transportu, sklepy &#8211; wszystko to w celu zdobycia jak najwi\u0119kszego presti\u017cu. Gdy b\u0119dziesz ju\u017c dostatecznie bogaty, by\u0107 mo\u017ce zaszczyci Ci\u0119 sw\u0105 wizyt\u0105 przedstawiciel [&hellip;]<\/p>\n","protected":false},"author":2,"featured_media":0,"parent":0,"menu_order":0,"comment_status":"closed","ping_status":"closed","template":"","meta":{"footnotes":""},"class_list":["post-120","page","type-page","status-publish","hentry"],"_links":{"self":[{"href":"https:\/\/cyberwroc.pl\/index.php\/wp-json\/wp\/v2\/pages\/120","targetHints":{"allow":["GET"]}}],"collection":[{"href":"https:\/\/cyberwroc.pl\/index.php\/wp-json\/wp\/v2\/pages"}],"about":[{"href":"https:\/\/cyberwroc.pl\/index.php\/wp-json\/wp\/v2\/types\/page"}],"author":[{"embeddable":true,"href":"https:\/\/cyberwroc.pl\/index.php\/wp-json\/wp\/v2\/users\/2"}],"replies":[{"embeddable":true,"href":"https:\/\/cyberwroc.pl\/index.php\/wp-json\/wp\/v2\/comments?post=120"}],"version-history":[{"count":3,"href":"https:\/\/cyberwroc.pl\/index.php\/wp-json\/wp\/v2\/pages\/120\/revisions"}],"predecessor-version":[{"id":511,"href":"https:\/\/cyberwroc.pl\/index.php\/wp-json\/wp\/v2\/pages\/120\/revisions\/511"}],"wp:attachment":[{"href":"https:\/\/cyberwroc.pl\/index.php\/wp-json\/wp\/v2\/media?parent=120"}],"curies":[{"name":"wp","href":"https:\/\/api.w.org\/{rel}","templated":true}]}}