{"id":122,"date":"2022-04-21T12:27:45","date_gmt":"2022-04-21T10:27:45","guid":{"rendered":"https:\/\/cyberwroc.pl\/?page_id=122"},"modified":"2022-11-09T15:05:02","modified_gmt":"2022-11-09T14:05:02","slug":"dixit","status":"publish","type":"page","link":"https:\/\/cyberwroc.pl\/index.php\/dixit\/","title":{"rendered":"Dixit"},"content":{"rendered":"\n<div class=\"wp-block-media-text alignwide is-stacked-on-mobile\"><figure class=\"wp-block-media-text__media\"><img decoding=\"async\" src=\"https:\/\/image.ceneostatic.pl\/data\/products\/10813131\/i-dixit.jpg\" alt=\"\"\/><\/figure><div class=\"wp-block-media-text__content\">\n<p class=\"has-medium-font-size\">Dixit to narracyjna gra karciana, w kt\u00f3rej wymy\u015blamy i odgadujemy skojarzenia do wieloznacznych, bogato ilustrowanych kart. W ka\u017cdej rundzie jedna z os\u00f3b zostaje Bajarzem &#8211; wybiera dowoln\u0105 kart\u0119 z r\u0119ki i podaje has\u0142o, kt\u00f3re jej zdaniem odzwierciedla obrazek. Mo\u017ce to by\u0107 pojedyncze s\u0142owo, ca\u0142e zdanie, cytat lub fragment piosenki czy filmu. Kolejne osoby wybieraj\u0105 spo\u015br\u00f3d swoich kart po jednej pasuj\u0105cej do s\u0142\u00f3w Bajarza, a nast\u0119pnie wszystkie obrazki s\u0105 tasowane. Zadaniem graczy jest odgadni\u0119cie, kt\u00f3ry obrazek by\u0142 tym pierwszym.<\/p>\n<\/div><\/div>\n\n\n\n<p class=\"has-text-align-center has-large-font-size\"><strong><a href=\"https:\/\/www.wydawnictworebel.pl\/repository\/files\/instrukcje\/Dixit\/Dixit_PL_2016.pdf\" data-type=\"URL\" data-id=\"https:\/\/www.wydawnictworebel.pl\/repository\/files\/instrukcje\/Dixit\/Dixit_PL_2016.pdf\">INSTRUKCJA<\/a><\/strong><\/p>\n","protected":false},"excerpt":{"rendered":"<p>Dixit to narracyjna gra karciana, w kt\u00f3rej wymy\u015blamy i odgadujemy skojarzenia do wieloznacznych, bogato ilustrowanych kart. W ka\u017cdej rundzie jedna z os\u00f3b zostaje Bajarzem &#8211; wybiera dowoln\u0105 kart\u0119 z r\u0119ki i podaje has\u0142o, kt\u00f3re jej zdaniem odzwierciedla obrazek. Mo\u017ce to by\u0107 pojedyncze s\u0142owo, ca\u0142e zdanie, cytat lub fragment piosenki czy filmu. Kolejne osoby wybieraj\u0105 spo\u015br\u00f3d [&hellip;]<\/p>\n","protected":false},"author":2,"featured_media":0,"parent":0,"menu_order":0,"comment_status":"closed","ping_status":"closed","template":"","meta":{"footnotes":""},"class_list":["post-122","page","type-page","status-publish","hentry"],"_links":{"self":[{"href":"https:\/\/cyberwroc.pl\/index.php\/wp-json\/wp\/v2\/pages\/122","targetHints":{"allow":["GET"]}}],"collection":[{"href":"https:\/\/cyberwroc.pl\/index.php\/wp-json\/wp\/v2\/pages"}],"about":[{"href":"https:\/\/cyberwroc.pl\/index.php\/wp-json\/wp\/v2\/types\/page"}],"author":[{"embeddable":true,"href":"https:\/\/cyberwroc.pl\/index.php\/wp-json\/wp\/v2\/users\/2"}],"replies":[{"embeddable":true,"href":"https:\/\/cyberwroc.pl\/index.php\/wp-json\/wp\/v2\/comments?post=122"}],"version-history":[{"count":3,"href":"https:\/\/cyberwroc.pl\/index.php\/wp-json\/wp\/v2\/pages\/122\/revisions"}],"predecessor-version":[{"id":465,"href":"https:\/\/cyberwroc.pl\/index.php\/wp-json\/wp\/v2\/pages\/122\/revisions\/465"}],"wp:attachment":[{"href":"https:\/\/cyberwroc.pl\/index.php\/wp-json\/wp\/v2\/media?parent=122"}],"curies":[{"name":"wp","href":"https:\/\/api.w.org\/{rel}","templated":true}]}}