{"id":130,"date":"2022-04-21T12:28:40","date_gmt":"2022-04-21T10:28:40","guid":{"rendered":"https:\/\/cyberwroc.pl\/?page_id=130"},"modified":"2022-05-09T13:34:29","modified_gmt":"2022-05-09T11:34:29","slug":"carcassonne","status":"publish","type":"page","link":"https:\/\/cyberwroc.pl\/index.php\/carcassonne\/","title":{"rendered":"Carcassonne"},"content":{"rendered":"\n<div class=\"wp-block-media-text alignwide is-stacked-on-mobile\" style=\"grid-template-columns:41% auto\"><figure class=\"wp-block-media-text__media\"><img decoding=\"async\" src=\"https:\/\/boardtime.pl\/wp-content\/uploads\/2012\/06\/bard-carcassonne-gra-planszowa-b-iext6246428.jpg\" alt=\"\"\/><\/figure><div class=\"wp-block-media-text__content\">\n<p>Gracze wyci\u0105gaj\u0105 losowe elementy planszy i k\u0142ad\u0105 na stole, uk\u0142adaj\u0105c przy sobie tak, aby stworzy\u0107 nowe zamki, rzeki i \u0142\u0105ki.&nbsp;Gdy stworzysz nowy obiekt, mo\u017cesz przej\u0105\u0107 nad nim kontrol\u0119. Im wi\u0119cej \u017ceton\u00f3w znajduje si\u0119 na stole, tym obiekty robi\u0105 si\u0119 wi\u0119ksze, ogromne nawet, czasem si\u0119 \u0142\u0105cz\u0105.<\/p>\n\n\n\n<p>W chwili gdy dany obiekt zostaje uko\u0144czony &#8211; jak miasto lub droga &#8211; osoba kontroluj\u0105ca go otrzymuje punkty, a znacznik kontroli wraca do gracza.<\/p>\n\n\n\n<p>Nalezy jednak uwa\u017ca\u0107, by nagle nie odkry\u0107, \u017ce wszystkie nasze znaczniki kontroli zosta\u0142y rozstawione na planszy w nieuko\u0144czonych obiektach! W takiej sytuacji nie mamy mo\u017cliwo\u015bci zdobywania kolejnych punkt\u00f3w!<\/p>\n\n\n\n<p>Celem gry jest zebranie jak najwi\u0119kszej liczby punkt\u00f3w na koniec rozgrywki, nast\u0119puj\u0105cy, gdy sko\u0144cz\u0105 si\u0119 \u017cetony, kt\u00f3re mo\u017cna uk\u0142ada\u0107 na stole.<\/p>\n<\/div><\/div>\n\n\n\n<p class=\"has-text-align-center has-large-font-size\"><a href=\"https:\/\/gralnia.org\/wp-content\/uploads\/2019\/11\/Carcassonne-Big-Box-Instrukcja.pdf\" data-type=\"URL\" data-id=\"https:\/\/gralnia.org\/wp-content\/uploads\/2019\/11\/Carcassonne-Big-Box-Instrukcja.pdf\">INSTRUKCJA<\/a><\/p>\n","protected":false},"excerpt":{"rendered":"<p>Gracze wyci\u0105gaj\u0105 losowe elementy planszy i k\u0142ad\u0105 na stole, uk\u0142adaj\u0105c przy sobie tak, aby stworzy\u0107 nowe zamki, rzeki i \u0142\u0105ki.&nbsp;Gdy stworzysz nowy obiekt, mo\u017cesz przej\u0105\u0107 nad nim kontrol\u0119. Im wi\u0119cej \u017ceton\u00f3w znajduje si\u0119 na stole, tym obiekty robi\u0105 si\u0119 wi\u0119ksze, ogromne nawet, czasem si\u0119 \u0142\u0105cz\u0105. W chwili gdy dany obiekt zostaje uko\u0144czony &#8211; jak miasto [&hellip;]<\/p>\n","protected":false},"author":2,"featured_media":0,"parent":0,"menu_order":0,"comment_status":"closed","ping_status":"closed","template":"","meta":{"footnotes":""},"class_list":["post-130","page","type-page","status-publish","hentry"],"_links":{"self":[{"href":"https:\/\/cyberwroc.pl\/index.php\/wp-json\/wp\/v2\/pages\/130","targetHints":{"allow":["GET"]}}],"collection":[{"href":"https:\/\/cyberwroc.pl\/index.php\/wp-json\/wp\/v2\/pages"}],"about":[{"href":"https:\/\/cyberwroc.pl\/index.php\/wp-json\/wp\/v2\/types\/page"}],"author":[{"embeddable":true,"href":"https:\/\/cyberwroc.pl\/index.php\/wp-json\/wp\/v2\/users\/2"}],"replies":[{"embeddable":true,"href":"https:\/\/cyberwroc.pl\/index.php\/wp-json\/wp\/v2\/comments?post=130"}],"version-history":[{"count":2,"href":"https:\/\/cyberwroc.pl\/index.php\/wp-json\/wp\/v2\/pages\/130\/revisions"}],"predecessor-version":[{"id":172,"href":"https:\/\/cyberwroc.pl\/index.php\/wp-json\/wp\/v2\/pages\/130\/revisions\/172"}],"wp:attachment":[{"href":"https:\/\/cyberwroc.pl\/index.php\/wp-json\/wp\/v2\/media?parent=130"}],"curies":[{"name":"wp","href":"https:\/\/api.w.org\/{rel}","templated":true}]}}