{"id":134,"date":"2022-04-21T12:29:08","date_gmt":"2022-04-21T10:29:08","guid":{"rendered":"https:\/\/cyberwroc.pl\/?page_id=134"},"modified":"2022-11-09T15:15:40","modified_gmt":"2022-11-09T14:15:40","slug":"park-niedzwiedzi","status":"publish","type":"page","link":"https:\/\/cyberwroc.pl\/index.php\/park-niedzwiedzi\/","title":{"rendered":"Park Nied\u017awiedzi"},"content":{"rendered":"\n<div class=\"wp-block-media-text alignwide is-stacked-on-mobile\"><figure class=\"wp-block-media-text__media\"><img decoding=\"async\" src=\"https:\/\/ecsmedia.pl\/c\/lacerta-gra-rodzinna-park-niedzwiedzi-b-iext120161029.jpg\" alt=\"\"\/><\/figure><div class=\"wp-block-media-text__content\">\n<p>Podczas gry b\u0119dziecie budowa\u0107 sw\u00f3j w\u0142asny Park Nied\u017awiedzi. Planujcie umiej\u0119tnie lokalizacje poszczeg\u00f3lnych atrakcji: wybieg\u00f3w, pawilon\u00f3w oraz teren\u00f3w zielonych tak, aby \u017cadna powierzchnia w waszych parkach si\u0119 nie zmarnowa\u0142a. Pawilony oraz wybiegi przynios\u0105 wam punkty zwyci\u0119stwa. Im szybciej je wybudujecie, tym wi\u0119cej punkt\u00f3w zdob\u0119dziecie.<\/p>\n\n\n\n<p>Dbajcie te\u017c o to, aby odpowiednio wcze\u015bnie zdoby\u0107 pozwolenie na budow\u0119 i powi\u0119kszy\u0107 teren swojego parku. Gra dobiegnie ko\u0144ca, kiedy pierwsza osoba w pe\u0142ni zabuduje sw\u00f3j park atrakcjami. Wygra ten, kto zdob\u0119dzie najwi\u0119ksz\u0105 liczb\u0119 punkt\u00f3w zwyci\u0119stwa!<\/p>\n<\/div><\/div>\n\n\n\n<p class=\"has-text-align-center has-large-font-size\"><a href=\"https:\/\/files.rebel.pl\/files\/instrukcje\/park-niedzwiedzi-instrukcja.pdf\"><strong>INSTRUKCJA<\/strong><\/a><\/p>\n","protected":false},"excerpt":{"rendered":"<p>Podczas gry b\u0119dziecie budowa\u0107 sw\u00f3j w\u0142asny Park Nied\u017awiedzi. Planujcie umiej\u0119tnie lokalizacje poszczeg\u00f3lnych atrakcji: wybieg\u00f3w, pawilon\u00f3w oraz teren\u00f3w zielonych tak, aby \u017cadna powierzchnia w waszych parkach si\u0119 nie zmarnowa\u0142a. Pawilony oraz wybiegi przynios\u0105 wam punkty zwyci\u0119stwa. Im szybciej je wybudujecie, tym wi\u0119cej punkt\u00f3w zdob\u0119dziecie. Dbajcie te\u017c o to, aby odpowiednio wcze\u015bnie zdoby\u0107 pozwolenie na budow\u0119 i [&hellip;]<\/p>\n","protected":false},"author":2,"featured_media":0,"parent":0,"menu_order":0,"comment_status":"closed","ping_status":"closed","template":"","meta":{"footnotes":""},"class_list":["post-134","page","type-page","status-publish","hentry"],"_links":{"self":[{"href":"https:\/\/cyberwroc.pl\/index.php\/wp-json\/wp\/v2\/pages\/134","targetHints":{"allow":["GET"]}}],"collection":[{"href":"https:\/\/cyberwroc.pl\/index.php\/wp-json\/wp\/v2\/pages"}],"about":[{"href":"https:\/\/cyberwroc.pl\/index.php\/wp-json\/wp\/v2\/types\/page"}],"author":[{"embeddable":true,"href":"https:\/\/cyberwroc.pl\/index.php\/wp-json\/wp\/v2\/users\/2"}],"replies":[{"embeddable":true,"href":"https:\/\/cyberwroc.pl\/index.php\/wp-json\/wp\/v2\/comments?post=134"}],"version-history":[{"count":3,"href":"https:\/\/cyberwroc.pl\/index.php\/wp-json\/wp\/v2\/pages\/134\/revisions"}],"predecessor-version":[{"id":498,"href":"https:\/\/cyberwroc.pl\/index.php\/wp-json\/wp\/v2\/pages\/134\/revisions\/498"}],"wp:attachment":[{"href":"https:\/\/cyberwroc.pl\/index.php\/wp-json\/wp\/v2\/media?parent=134"}],"curies":[{"name":"wp","href":"https:\/\/api.w.org\/{rel}","templated":true}]}}