{"id":136,"date":"2022-04-21T12:29:25","date_gmt":"2022-04-21T10:29:25","guid":{"rendered":"https:\/\/cyberwroc.pl\/?page_id=136"},"modified":"2022-11-09T15:12:11","modified_gmt":"2022-11-09T14:12:11","slug":"magic-maze","status":"publish","type":"page","link":"https:\/\/cyberwroc.pl\/index.php\/magic-maze\/","title":{"rendered":"Magic Maze"},"content":{"rendered":"\n<div class=\"wp-block-media-text alignwide is-stacked-on-mobile\"><figure class=\"wp-block-media-text__media\"><img decoding=\"async\" src=\"https:\/\/files.rebel.pl\/products\/100\/1203\/_107197\/magic-maze-pudelko-3d.jpg\" alt=\"\"\/><\/figure><div class=\"wp-block-media-text__content\">\n<p>W grze&nbsp;Magic Maze&nbsp;ka\u017cdy gracz mo\u017ce porusza\u0107 w dowolnym momencie dowolnym bohaterem. Ka\u017cdy gracz ma jednak ograniczony zakres akcji, kt\u00f3re mo\u017ce nim wykona\u0107, np.: ruch na zach\u00f3d, odkrycie nowego obszaru, jazda ruchomymi schodami, itp. <\/p>\n\n\n\n<p>To co mo\u017ce wykona\u0107 jeden gracz, nie jest dost\u0119pne dla nikogo innego. Dlatego wsp\u00f3\u0142praca jest tu kluczowa. Jest jednak jedno &#8222;ale&#8221;&#8230; w grze nie wolno m\u00f3wi\u0107, ani pokazywa\u0107. Jeste\u015bcie zainteresowani? Z pewno\u015bci\u0105 musicie zagra\u0107. Czeka Was mn\u00f3stwo \u015bwietnej zabawy.<\/p>\n<\/div><\/div>\n\n\n\n<p class=\"has-text-align-center has-large-font-size\"><a href=\"https:\/\/files.rebel.pl\/files\/instrukcje\/magic-maze-instrukcja-2021.pdf\"><strong>INSTRUKCJA<\/strong><\/a><\/p>\n","protected":false},"excerpt":{"rendered":"<p>W grze&nbsp;Magic Maze&nbsp;ka\u017cdy gracz mo\u017ce porusza\u0107 w dowolnym momencie dowolnym bohaterem. Ka\u017cdy gracz ma jednak ograniczony zakres akcji, kt\u00f3re mo\u017ce nim wykona\u0107, np.: ruch na zach\u00f3d, odkrycie nowego obszaru, jazda ruchomymi schodami, itp. To co mo\u017ce wykona\u0107 jeden gracz, nie jest dost\u0119pne dla nikogo innego. Dlatego wsp\u00f3\u0142praca jest tu kluczowa. Jest jednak jedno &#8222;ale&#8221;&#8230; w [&hellip;]<\/p>\n","protected":false},"author":2,"featured_media":0,"parent":0,"menu_order":0,"comment_status":"closed","ping_status":"closed","template":"","meta":{"footnotes":""},"class_list":["post-136","page","type-page","status-publish","hentry"],"_links":{"self":[{"href":"https:\/\/cyberwroc.pl\/index.php\/wp-json\/wp\/v2\/pages\/136","targetHints":{"allow":["GET"]}}],"collection":[{"href":"https:\/\/cyberwroc.pl\/index.php\/wp-json\/wp\/v2\/pages"}],"about":[{"href":"https:\/\/cyberwroc.pl\/index.php\/wp-json\/wp\/v2\/types\/page"}],"author":[{"embeddable":true,"href":"https:\/\/cyberwroc.pl\/index.php\/wp-json\/wp\/v2\/users\/2"}],"replies":[{"embeddable":true,"href":"https:\/\/cyberwroc.pl\/index.php\/wp-json\/wp\/v2\/comments?post=136"}],"version-history":[{"count":4,"href":"https:\/\/cyberwroc.pl\/index.php\/wp-json\/wp\/v2\/pages\/136\/revisions"}],"predecessor-version":[{"id":489,"href":"https:\/\/cyberwroc.pl\/index.php\/wp-json\/wp\/v2\/pages\/136\/revisions\/489"}],"wp:attachment":[{"href":"https:\/\/cyberwroc.pl\/index.php\/wp-json\/wp\/v2\/media?parent=136"}],"curies":[{"name":"wp","href":"https:\/\/api.w.org\/{rel}","templated":true}]}}