{"id":138,"date":"2022-04-21T12:29:39","date_gmt":"2022-04-21T10:29:39","guid":{"rendered":"https:\/\/cyberwroc.pl\/?page_id=138"},"modified":"2024-10-07T17:18:52","modified_gmt":"2024-10-07T15:18:52","slug":"iknow","status":"publish","type":"page","link":"https:\/\/cyberwroc.pl\/index.php\/iknow\/","title":{"rendered":"IKnow"},"content":{"rendered":"\n<div class=\"wp-block-media-text alignwide is-stacked-on-mobile\"><figure class=\"wp-block-media-text__media\"><img decoding=\"async\" src=\"https:\/\/img.tantis.pl\/image\/667a2cae-4b86-4eef-910d-75703ecf33e6\/1024x768\/webp\" alt=\"\"\/><\/figure><div class=\"wp-block-media-text__content\">\n<p>Know: Wielki Test Wiedzy wymaga zar\u00f3wno wiedzy, jak i umiej\u0119tno\u015bci taktycznych. Aby zwyci\u0119\u017cy\u0107, trzeba wykorzysta\u0107 w\u0142asny intelekt, wiedz\u0119 przeciwnik\u00f3w oraz skutecznie przewidywa\u0107 trafno\u015b\u0107 ich odpowiedzi.<br><br>Gra obejmuje 1600 pyta\u0144 podzielonych na cztery bloki tematyczne. Trzy podpowiedzi do ka\u017cdego z pyta\u0144 nie tylko stopniowo przybli\u017caj\u0105 graczy do rozwi\u0105zania, ale i pog\u0142\u0119biaj\u0105 ich wiedz\u0119.<br><\/p>\n<\/div><\/div>\n\n\n\n<p class=\"has-text-align-center has-large-font-size\"><strong><a href=\"https:\/\/www.tactic.net\/site\/rules\/PL\/40665.pdf\" data-type=\"link\" data-id=\"https:\/\/www.tactic.net\/site\/rules\/PL\/40665.pdf\">INSTRUKCJA<\/a><\/strong><\/p>\n","protected":false},"excerpt":{"rendered":"<p>Know: Wielki Test Wiedzy wymaga zar\u00f3wno wiedzy, jak i umiej\u0119tno\u015bci taktycznych. Aby zwyci\u0119\u017cy\u0107, trzeba wykorzysta\u0107 w\u0142asny intelekt, wiedz\u0119 przeciwnik\u00f3w oraz skutecznie przewidywa\u0107 trafno\u015b\u0107 ich odpowiedzi. Gra obejmuje 1600 pyta\u0144 podzielonych na cztery bloki tematyczne. Trzy podpowiedzi do ka\u017cdego z pyta\u0144 nie tylko stopniowo przybli\u017caj\u0105 graczy do rozwi\u0105zania, ale i pog\u0142\u0119biaj\u0105 ich wiedz\u0119. INSTRUKCJA<\/p>\n","protected":false},"author":2,"featured_media":0,"parent":0,"menu_order":0,"comment_status":"closed","ping_status":"closed","template":"","meta":{"footnotes":""},"class_list":["post-138","page","type-page","status-publish","hentry"],"_links":{"self":[{"href":"https:\/\/cyberwroc.pl\/index.php\/wp-json\/wp\/v2\/pages\/138","targetHints":{"allow":["GET"]}}],"collection":[{"href":"https:\/\/cyberwroc.pl\/index.php\/wp-json\/wp\/v2\/pages"}],"about":[{"href":"https:\/\/cyberwroc.pl\/index.php\/wp-json\/wp\/v2\/types\/page"}],"author":[{"embeddable":true,"href":"https:\/\/cyberwroc.pl\/index.php\/wp-json\/wp\/v2\/users\/2"}],"replies":[{"embeddable":true,"href":"https:\/\/cyberwroc.pl\/index.php\/wp-json\/wp\/v2\/comments?post=138"}],"version-history":[{"count":5,"href":"https:\/\/cyberwroc.pl\/index.php\/wp-json\/wp\/v2\/pages\/138\/revisions"}],"predecessor-version":[{"id":793,"href":"https:\/\/cyberwroc.pl\/index.php\/wp-json\/wp\/v2\/pages\/138\/revisions\/793"}],"wp:attachment":[{"href":"https:\/\/cyberwroc.pl\/index.php\/wp-json\/wp\/v2\/media?parent=138"}],"curies":[{"name":"wp","href":"https:\/\/api.w.org\/{rel}","templated":true}]}}