{"id":161,"date":"2022-10-19T17:05:21","date_gmt":"2022-10-19T15:05:21","guid":{"rendered":"https:\/\/cyberwroc.pl\/?page_id=161"},"modified":"2022-11-09T15:07:17","modified_gmt":"2022-11-09T14:07:17","slug":"eksplodujace-kotki","status":"publish","type":"page","link":"https:\/\/cyberwroc.pl\/index.php\/eksplodujace-kotki\/","title":{"rendered":"Eksploduj\u0105ce Kotki"},"content":{"rendered":"\n<div class=\"wp-block-media-text alignwide is-stacked-on-mobile\"><figure class=\"wp-block-media-text__media\"><img decoding=\"async\" src=\"https:\/\/files.rebel.pl\/products\/100\/1203\/_2005848\/rebel-gra-imprezowa-eksplodujace-kotki-box3d-1200x900-ffffff.jpeg\" alt=\"\"\/><\/figure><div class=\"wp-block-media-text__content\">\n<p><strong>Eksploduj\u0105ce Kotki<\/strong>&nbsp;to nap\u0119dzana kociakami odmiana rosyjskiej ruletki. Gracze ci\u0105gn\u0105 co tur\u0119 po karcie, a\u017c do momentu dobrania eksploduj\u0105cego kota &#8211; wtedy nieszcz\u0119\u015bnik wybucha i ginie, a gra si\u0119 ko\u0144czy. Ale! W talii s\u0105 te\u017c karty, dzi\u0119ki kt\u00f3rym mo\u017cna odwr\u00f3ci\u0107 uwag\u0119 samob\u00f3jczego koci\u0119cia, unikn\u0105\u0107 go, czy te\u017c zmusi\u0107 przeciwnika do dobrania kilku kart na raz.<\/p>\n\n\n\n<p>Gra z ka\u017cd\u0105 up\u0142ywaj\u0105c\u0105 kolejk\u0105 staje si\u0119 coraz bardziej intensywna &#8211; im mniej kart pozostaje w talii, tym wi\u0119ksze prawdopodobie\u0144stwo wyci\u0105gni\u0119cia morderczego futrzaka i wywo\u0142ania wybuchu, po kt\u00f3rym pozostanie tylko p\u0142on\u0105ca kulka k\u0142ak\u00f3w.<\/p>\n<\/div><\/div>\n\n\n\n<p class=\"has-text-align-center has-large-font-size\"><a href=\"https:\/\/www.wydawnictworebel.pl\/repository\/files\/instrukcje\/Eksplodujace_kotki_instrukcja_PL.pdf\"><strong>INSTRUKCJA<\/strong><\/a><\/p>\n","protected":false},"excerpt":{"rendered":"<p>Eksploduj\u0105ce Kotki&nbsp;to nap\u0119dzana kociakami odmiana rosyjskiej ruletki. Gracze ci\u0105gn\u0105 co tur\u0119 po karcie, a\u017c do momentu dobrania eksploduj\u0105cego kota &#8211; wtedy nieszcz\u0119\u015bnik wybucha i ginie, a gra si\u0119 ko\u0144czy. Ale! W talii s\u0105 te\u017c karty, dzi\u0119ki kt\u00f3rym mo\u017cna odwr\u00f3ci\u0107 uwag\u0119 samob\u00f3jczego koci\u0119cia, unikn\u0105\u0107 go, czy te\u017c zmusi\u0107 przeciwnika do dobrania kilku kart na raz. Gra [&hellip;]<\/p>\n","protected":false},"author":2,"featured_media":0,"parent":0,"menu_order":0,"comment_status":"closed","ping_status":"closed","template":"","meta":{"footnotes":""},"class_list":["post-161","page","type-page","status-publish","hentry"],"_links":{"self":[{"href":"https:\/\/cyberwroc.pl\/index.php\/wp-json\/wp\/v2\/pages\/161","targetHints":{"allow":["GET"]}}],"collection":[{"href":"https:\/\/cyberwroc.pl\/index.php\/wp-json\/wp\/v2\/pages"}],"about":[{"href":"https:\/\/cyberwroc.pl\/index.php\/wp-json\/wp\/v2\/types\/page"}],"author":[{"embeddable":true,"href":"https:\/\/cyberwroc.pl\/index.php\/wp-json\/wp\/v2\/users\/2"}],"replies":[{"embeddable":true,"href":"https:\/\/cyberwroc.pl\/index.php\/wp-json\/wp\/v2\/comments?post=161"}],"version-history":[{"count":3,"href":"https:\/\/cyberwroc.pl\/index.php\/wp-json\/wp\/v2\/pages\/161\/revisions"}],"predecessor-version":[{"id":562,"href":"https:\/\/cyberwroc.pl\/index.php\/wp-json\/wp\/v2\/pages\/161\/revisions\/562"}],"wp:attachment":[{"href":"https:\/\/cyberwroc.pl\/index.php\/wp-json\/wp\/v2\/media?parent=161"}],"curies":[{"name":"wp","href":"https:\/\/api.w.org\/{rel}","templated":true}]}}