{"id":162,"date":"2022-10-19T17:11:27","date_gmt":"2022-10-19T15:11:27","guid":{"rendered":"https:\/\/cyberwroc.pl\/?page_id=162"},"modified":"2022-10-19T17:11:27","modified_gmt":"2022-10-19T15:11:27","slug":"wsiasc-do-pociagu-nowy-york","status":"publish","type":"page","link":"https:\/\/cyberwroc.pl\/index.php\/wsiasc-do-pociagu-nowy-york\/","title":{"rendered":"Wsi\u0105\u015b\u0107 do Poci\u0105gu Nowy York"},"content":{"rendered":"\n<div class=\"wp-block-media-text alignwide is-stacked-on-mobile\"><figure class=\"wp-block-media-text__media\"><img decoding=\"async\" src=\"https:\/\/image.ceneostatic.pl\/data\/products\/67193566\/i-wsiasc-do-pociagu-nowy-jork.jpg\" alt=\"\"\/><\/figure><div class=\"wp-block-media-text__content\">\n<p>Witaj w latach sze\u015b\u0107dziesi\u0105tych! Obejrzyj zapieraj\u0105cy dech w piersiach wie\u017cowiec Empire State Building albo przespaceruj si\u0119 po pi\u0119knym Central Parku. Zr\u00f3b sobie wycieczk\u0119 z Times Square na Brooklyn. Zwiedzaj i&#8230; baw si\u0119 dobrze!<\/p>\n\n\n\n<p><strong>&#8222;Wsi\u0105\u015b\u0107 do poci\u0105gu: Nowy Jork&#8221;<\/strong> to szybka gra, w kt\u00f3rej gracze \u015bcigaj\u0105 si\u0119 ze sob\u0105 przez zat\u0142oczone ulice Nowego Jorku, staraj\u0105c si\u0119 odwiedzi\u0107 najs\u0142ynniejsze atrakcje turystyczne miasta i zrealizowa\u0107 swoje bilety. Zwyci\u0119zc\u0105 zostaje gracz, kt\u00f3ry na koniec gry b\u0119dzie mia\u0142 najwi\u0119cej punkt\u00f3w.<\/p>\n<\/div><\/div>\n\n\n\n<p class=\"has-text-align-center\"><a href=\"https:\/\/www.wydawnictworebel.pl\/repository\/files\/instrukcje\/Nowy_Jork_WdP_instrukcja.pdf\">INSTRUKCJA<\/a><\/p>\n","protected":false},"excerpt":{"rendered":"<p>Witaj w latach sze\u015b\u0107dziesi\u0105tych! Obejrzyj zapieraj\u0105cy dech w piersiach wie\u017cowiec Empire State Building albo przespaceruj si\u0119 po pi\u0119knym Central Parku. Zr\u00f3b sobie wycieczk\u0119 z Times Square na Brooklyn. Zwiedzaj i&#8230; baw si\u0119 dobrze! &#8222;Wsi\u0105\u015b\u0107 do poci\u0105gu: Nowy Jork&#8221; to szybka gra, w kt\u00f3rej gracze \u015bcigaj\u0105 si\u0119 ze sob\u0105 przez zat\u0142oczone ulice Nowego Jorku, staraj\u0105c si\u0119 [&hellip;]<\/p>\n","protected":false},"author":2,"featured_media":0,"parent":0,"menu_order":0,"comment_status":"closed","ping_status":"closed","template":"","meta":{"footnotes":""},"class_list":["post-162","page","type-page","status-publish","hentry"],"_links":{"self":[{"href":"https:\/\/cyberwroc.pl\/index.php\/wp-json\/wp\/v2\/pages\/162","targetHints":{"allow":["GET"]}}],"collection":[{"href":"https:\/\/cyberwroc.pl\/index.php\/wp-json\/wp\/v2\/pages"}],"about":[{"href":"https:\/\/cyberwroc.pl\/index.php\/wp-json\/wp\/v2\/types\/page"}],"author":[{"embeddable":true,"href":"https:\/\/cyberwroc.pl\/index.php\/wp-json\/wp\/v2\/users\/2"}],"replies":[{"embeddable":true,"href":"https:\/\/cyberwroc.pl\/index.php\/wp-json\/wp\/v2\/comments?post=162"}],"version-history":[{"count":2,"href":"https:\/\/cyberwroc.pl\/index.php\/wp-json\/wp\/v2\/pages\/162\/revisions"}],"predecessor-version":[{"id":242,"href":"https:\/\/cyberwroc.pl\/index.php\/wp-json\/wp\/v2\/pages\/162\/revisions\/242"}],"wp:attachment":[{"href":"https:\/\/cyberwroc.pl\/index.php\/wp-json\/wp\/v2\/media?parent=162"}],"curies":[{"name":"wp","href":"https:\/\/api.w.org\/{rel}","templated":true}]}}