{"id":163,"date":"2022-10-19T17:01:41","date_gmt":"2022-10-19T15:01:41","guid":{"rendered":"https:\/\/cyberwroc.pl\/?page_id=163"},"modified":"2022-11-24T17:59:19","modified_gmt":"2022-11-24T16:59:19","slug":"odjechane-jednorozce","status":"publish","type":"page","link":"https:\/\/cyberwroc.pl\/index.php\/odjechane-jednorozce\/","title":{"rendered":"Odjechane Jednoro\u017cce"},"content":{"rendered":"\n<div class=\"wp-block-media-text alignwide is-stacked-on-mobile\"><figure class=\"wp-block-media-text__media\"><img decoding=\"async\" src=\"https:\/\/ecsmedia.pl\/c\/rebel-gra-towarzyska-odjechane-jednorozce-b-iext121759438.jpg\" alt=\"\"\/><\/figure><div class=\"wp-block-media-text__content\">\n<p>Stw\u00f3rz armi\u0119 jednoro\u017cc\u00f3w. Zdrad\u017a przyjaci\u00f3\u0142. Od dzi\u015b jednoro\u017cce s\u0105 Twoimi przyjaci\u00f3\u0142mi.<\/p>\n\n\n\n<p>Odjechane Jednoro\u017cce to strategiczna gra karciana pe\u0142na \u015bmiechu, destrukcji, interakcji i\u2026 jednoro\u017cc\u00f3w!<\/p>\n\n\n\n<p>Na samym pocz\u0105tku otrzymujesz kart\u0119 jednoro\u017cka. Uroczo, prawda? Ale nie przywi\u0105zuj si\u0119 do niego zbytnio, bo nie o jednoro\u017cki chodzi w tej grze. Twoim zadaniem jest zbudowanie unikalnej armii doros\u0142ych jednoro\u017cc\u00f3w.<\/p>\n\n\n\n<p>Zbuduj armi\u0119 tak szybko, jak to mo\u017cliwe, albo zgi\u0144 z r\u0119ki Twoich tak zwanych przyjaci\u00f3\u0142. Mo\u017cesz by\u0107 pewien, \u017ce wykorzystaj\u0105 ka\u017cd\u0105 okazj\u0119, aby Ci\u0119 zniszczy\u0107. Sam te\u017c mo\u017cesz to robi\u0107, podrzucaj\u0105c im do stajni specjalne karty kar z nieprzyjemnymi efektami.<\/p>\n\n\n\n<p>Zwyci\u0119\u017ca gracz, kt\u00f3ry jako pierwszy umie\u015bci w swojej stajni wymagan\u0105 liczb\u0119 jednoro\u017cc\u00f3w. Aby wygra\u0107, nale\u017cy umiej\u0119tnie wywo\u0142ywa\u0107 i \u0142\u0105czy\u0107 ze sob\u0105 efekty na kartach, jak r\u00f3wnie\u017c m\u0105drze wybiera\u0107 cele, kt\u00f3re b\u0119dziemy atakowali.<\/p>\n<\/div><\/div>\n\n\n\n<p class=\"has-text-align-center has-large-font-size\"><a href=\"https:\/\/www.wydawnictworebel.pl\/repository\/files\/instrukcje\/Instrukcja_Odjechane_jednorozce.pdf\"><strong>INSTRUKCJA<\/strong><\/a><\/p>\n","protected":false},"excerpt":{"rendered":"<p>Stw\u00f3rz armi\u0119 jednoro\u017cc\u00f3w. Zdrad\u017a przyjaci\u00f3\u0142. Od dzi\u015b jednoro\u017cce s\u0105 Twoimi przyjaci\u00f3\u0142mi. Odjechane Jednoro\u017cce to strategiczna gra karciana pe\u0142na \u015bmiechu, destrukcji, interakcji i\u2026 jednoro\u017cc\u00f3w! Na samym pocz\u0105tku otrzymujesz kart\u0119 jednoro\u017cka. Uroczo, prawda? Ale nie przywi\u0105zuj si\u0119 do niego zbytnio, bo nie o jednoro\u017cki chodzi w tej grze. Twoim zadaniem jest zbudowanie unikalnej armii doros\u0142ych jednoro\u017cc\u00f3w. Zbuduj [&hellip;]<\/p>\n","protected":false},"author":2,"featured_media":0,"parent":0,"menu_order":0,"comment_status":"closed","ping_status":"closed","template":"","meta":{"footnotes":""},"class_list":["post-163","page","type-page","status-publish","hentry"],"_links":{"self":[{"href":"https:\/\/cyberwroc.pl\/index.php\/wp-json\/wp\/v2\/pages\/163","targetHints":{"allow":["GET"]}}],"collection":[{"href":"https:\/\/cyberwroc.pl\/index.php\/wp-json\/wp\/v2\/pages"}],"about":[{"href":"https:\/\/cyberwroc.pl\/index.php\/wp-json\/wp\/v2\/types\/page"}],"author":[{"embeddable":true,"href":"https:\/\/cyberwroc.pl\/index.php\/wp-json\/wp\/v2\/users\/2"}],"replies":[{"embeddable":true,"href":"https:\/\/cyberwroc.pl\/index.php\/wp-json\/wp\/v2\/comments?post=163"}],"version-history":[{"count":4,"href":"https:\/\/cyberwroc.pl\/index.php\/wp-json\/wp\/v2\/pages\/163\/revisions"}],"predecessor-version":[{"id":542,"href":"https:\/\/cyberwroc.pl\/index.php\/wp-json\/wp\/v2\/pages\/163\/revisions\/542"}],"wp:attachment":[{"href":"https:\/\/cyberwroc.pl\/index.php\/wp-json\/wp\/v2\/media?parent=163"}],"curies":[{"name":"wp","href":"https:\/\/api.w.org\/{rel}","templated":true}]}}