{"id":164,"date":"2022-10-15T21:07:27","date_gmt":"2022-10-15T19:07:27","guid":{"rendered":"https:\/\/cyberwroc.pl\/?page_id=164"},"modified":"2022-11-09T15:04:18","modified_gmt":"2022-11-09T14:04:18","slug":"czolko","status":"publish","type":"page","link":"https:\/\/cyberwroc.pl\/index.php\/czolko\/","title":{"rendered":"Cz\u00f3\u0142ko"},"content":{"rendered":"\n<div class=\"wp-block-media-text alignwide is-stacked-on-mobile\"><figure class=\"wp-block-media-text__media\"><img decoding=\"async\" src=\"https:\/\/files.rebel.pl\/products\/100\/1203\/_106705\/portal-2pionki-gra-planszowa-czolko-pudelko.jpg\" alt=\"\"\/><\/figure><div class=\"wp-block-media-text__content\">\n<p>Gra karciana <strong>Cz\u00f3\u0142ko<\/strong> jest idealn\u0105 pozycj\u0105, by szybko rozrusza\u0107 ka\u017cd\u0105 imprez\u0119. Zbierz znajomych, przyjaci\u00f3\u0142, rodzin\u0119 i urz\u0105d\u017acie sobie istne kalambury wykorzystuj\u0105c mn\u00f3stwo podzielonych na kategorie hase\u0142. Wykorzystajcie w\u0142asne cz\u00f3\u0142ka jako plansz\u0119 do gry, a reszta graczy pomo\u017ce wam odgadn\u0105\u0107, co te\u017c wam na g\u0142owie chodzi!<\/p>\n\n\n\n<p>Do dyspozycji b\u0119dziecie mieli pokazywanie, opowiadanie, \u015bpiewanie, wszystko, co te\u017c wam w duszy gra. Podstawow\u0105 rozgrywk\u0119 skomplikuj\u0105 wam dodatkowe zabawne tryby zgadywania, a jakby tego by\u0142o ma\u0142o, Cz\u00f3\u0142ko dostarczy wam prawdziwych eksplozji \u015bmiechu dzi\u0119ki regule bomby &#8211; hase\u0142 zabronionych.<\/p>\n<\/div><\/div>\n\n\n\n<p class=\"has-text-align-center has-large-font-size\"><a href=\"https:\/\/portalgames.blob.core.windows.net\/czolko\/Cz%C3%B3%C5%82ko-Instrukcja.pdf\">INSTRUKCJA<\/a><\/p>\n","protected":false},"excerpt":{"rendered":"<p>Gra karciana Cz\u00f3\u0142ko jest idealn\u0105 pozycj\u0105, by szybko rozrusza\u0107 ka\u017cd\u0105 imprez\u0119. Zbierz znajomych, przyjaci\u00f3\u0142, rodzin\u0119 i urz\u0105d\u017acie sobie istne kalambury wykorzystuj\u0105c mn\u00f3stwo podzielonych na kategorie hase\u0142. Wykorzystajcie w\u0142asne cz\u00f3\u0142ka jako plansz\u0119 do gry, a reszta graczy pomo\u017ce wam odgadn\u0105\u0107, co te\u017c wam na g\u0142owie chodzi! Do dyspozycji b\u0119dziecie mieli pokazywanie, opowiadanie, \u015bpiewanie, wszystko, co te\u017c [&hellip;]<\/p>\n","protected":false},"author":2,"featured_media":0,"parent":0,"menu_order":0,"comment_status":"closed","ping_status":"closed","template":"","meta":{"footnotes":""},"class_list":["post-164","page","type-page","status-publish","hentry"],"_links":{"self":[{"href":"https:\/\/cyberwroc.pl\/index.php\/wp-json\/wp\/v2\/pages\/164","targetHints":{"allow":["GET"]}}],"collection":[{"href":"https:\/\/cyberwroc.pl\/index.php\/wp-json\/wp\/v2\/pages"}],"about":[{"href":"https:\/\/cyberwroc.pl\/index.php\/wp-json\/wp\/v2\/types\/page"}],"author":[{"embeddable":true,"href":"https:\/\/cyberwroc.pl\/index.php\/wp-json\/wp\/v2\/users\/2"}],"replies":[{"embeddable":true,"href":"https:\/\/cyberwroc.pl\/index.php\/wp-json\/wp\/v2\/comments?post=164"}],"version-history":[{"count":3,"href":"https:\/\/cyberwroc.pl\/index.php\/wp-json\/wp\/v2\/pages\/164\/revisions"}],"predecessor-version":[{"id":463,"href":"https:\/\/cyberwroc.pl\/index.php\/wp-json\/wp\/v2\/pages\/164\/revisions\/463"}],"wp:attachment":[{"href":"https:\/\/cyberwroc.pl\/index.php\/wp-json\/wp\/v2\/media?parent=164"}],"curies":[{"name":"wp","href":"https:\/\/api.w.org\/{rel}","templated":true}]}}