{"id":165,"date":"2022-10-15T21:14:15","date_gmt":"2022-10-15T19:14:15","guid":{"rendered":"https:\/\/cyberwroc.pl\/?page_id=165"},"modified":"2022-11-09T15:04:33","modified_gmt":"2022-11-09T14:04:33","slug":"czolko-bez-cenzury","status":"publish","type":"page","link":"https:\/\/cyberwroc.pl\/index.php\/czolko-bez-cenzury\/","title":{"rendered":"Cz\u00f3\u0142ko bez Cenzury"},"content":{"rendered":"\n<div class=\"wp-block-media-text alignwide is-stacked-on-mobile\"><figure class=\"wp-block-media-text__media\"><img decoding=\"async\" src=\"https:\/\/ecsmedia.pl\/c\/2-pionki-gra-towarzyska-czolko-bez-cenzury-b-iext119579322.jpg\" alt=\"\"\/><\/figure><div class=\"wp-block-media-text__content\">\n<p>Cz\u00f3\u0142ko Bez Cenzury Cz\u00f3\u0142ko Bez Cenzury to kultowa gra towarzyska dla doros\u0142ych w wersji karcianej! Cz\u00f3\u0142ko Bez Cenzury szybko rozrusza ka\u017cd\u0105 imprez\u0119 dla doros\u0142ych. Zbierz przyjaci\u00f3\u0142, partner\u00f3w czy znajomych i wykorzystuj\u0105c cz\u00f3\u0142ka jako plansze do gry, poka\u017ccie wsp\u00f3\u0142graczom has\u0142a z kategorii 18+! <\/p>\n\n\n\n<p>Cz\u00f3\u0142ko dostarczy wam prawdziwych eksplozji \u015bmiechu dzi\u0119ki regule bomby &#8211; hase\u0142 zabronionych, a piktanterii ca\u0142ej zabawie dodadz\u0105 r\u00f3\u017cne sposoby prezentacji hase\u0142. Proste zasady, soczyste has\u0142a i b\u0142yskawiczna rozgrywka to przepis na niezapomnian\u0105 imprez\u0119 z CZ\u00d3\u0141KIEM BEZ CENZURY!<\/p>\n<\/div><\/div>\n\n\n\n<p class=\"has-text-align-center has-large-font-size\"><a href=\"https:\/\/portalgames.blob.core.windows.net\/czolko\/Cz%C3%B3%C5%82ko-Bez-Cenzury-Instrukcja.pdf\">INSTRUKCJA<\/a><\/p>\n","protected":false},"excerpt":{"rendered":"<p>Cz\u00f3\u0142ko Bez Cenzury Cz\u00f3\u0142ko Bez Cenzury to kultowa gra towarzyska dla doros\u0142ych w wersji karcianej! Cz\u00f3\u0142ko Bez Cenzury szybko rozrusza ka\u017cd\u0105 imprez\u0119 dla doros\u0142ych. Zbierz przyjaci\u00f3\u0142, partner\u00f3w czy znajomych i wykorzystuj\u0105c cz\u00f3\u0142ka jako plansze do gry, poka\u017ccie wsp\u00f3\u0142graczom has\u0142a z kategorii 18+! Cz\u00f3\u0142ko dostarczy wam prawdziwych eksplozji \u015bmiechu dzi\u0119ki regule bomby &#8211; hase\u0142 zabronionych, a [&hellip;]<\/p>\n","protected":false},"author":2,"featured_media":0,"parent":0,"menu_order":0,"comment_status":"closed","ping_status":"closed","template":"","meta":{"footnotes":""},"class_list":["post-165","page","type-page","status-publish","hentry"],"_links":{"self":[{"href":"https:\/\/cyberwroc.pl\/index.php\/wp-json\/wp\/v2\/pages\/165","targetHints":{"allow":["GET"]}}],"collection":[{"href":"https:\/\/cyberwroc.pl\/index.php\/wp-json\/wp\/v2\/pages"}],"about":[{"href":"https:\/\/cyberwroc.pl\/index.php\/wp-json\/wp\/v2\/types\/page"}],"author":[{"embeddable":true,"href":"https:\/\/cyberwroc.pl\/index.php\/wp-json\/wp\/v2\/users\/2"}],"replies":[{"embeddable":true,"href":"https:\/\/cyberwroc.pl\/index.php\/wp-json\/wp\/v2\/comments?post=165"}],"version-history":[{"count":4,"href":"https:\/\/cyberwroc.pl\/index.php\/wp-json\/wp\/v2\/pages\/165\/revisions"}],"predecessor-version":[{"id":464,"href":"https:\/\/cyberwroc.pl\/index.php\/wp-json\/wp\/v2\/pages\/165\/revisions\/464"}],"wp:attachment":[{"href":"https:\/\/cyberwroc.pl\/index.php\/wp-json\/wp\/v2\/media?parent=165"}],"curies":[{"name":"wp","href":"https:\/\/api.w.org\/{rel}","templated":true}]}}