{"id":166,"date":"2022-10-19T16:19:23","date_gmt":"2022-10-19T14:19:23","guid":{"rendered":"https:\/\/cyberwroc.pl\/?page_id=166"},"modified":"2022-11-09T15:10:23","modified_gmt":"2022-11-09T14:10:23","slug":"kragmortha","status":"publish","type":"page","link":"https:\/\/cyberwroc.pl\/index.php\/kragmortha\/","title":{"rendered":"Kragmortha"},"content":{"rendered":"\n<div class=\"wp-block-media-text alignwide is-stacked-on-mobile\"><figure class=\"wp-block-media-text__media\"><img decoding=\"async\" src=\"https:\/\/ecsmedia.pl\/c\/gra-kragmortha-pl-b-iext103137973.jpg\" alt=\"\"\/><\/figure><div class=\"wp-block-media-text__content\">\n<p><strong>Kragmortha<\/strong> to zabawna gra planszowa dla 2-8 graczy. Wewn\u0105trz osobistej biblioteki Rigora Mortisa jego s\u0142ugi b\u0119d\u0105 walczy\u0107 o Magiczne Ksi\u0119gi i pr\u00f3bowa\u0107 uciec przed gniewem Mrocznego Pana.<\/p>\n\n\n\n<p>Ka\u017cdy z graczy b\u0119dzie porusza\u0142 Rigorem Mortisem lub swoim goblinem, staraj\u0105c si\u0119 ocali\u0107 \u017cycie i nie narazi\u0107 si\u0119 na otrzymanie Kart Krzywych Spojrze\u0144. Biblioteka kryje jednak i inne, przera\u017caj\u0105ce niespodzianki: czy jeste\u015b pewien, \u017ce chcesz sprawdzi\u0107, co kryje si\u0119 za nast\u0119pnym teleportem?<\/p>\n<\/div><\/div>\n\n\n\n<p class=\"has-text-align-center has-large-font-size\"><a href=\"https:\/\/files.rebel.pl\/files\/instrukcje\/kragmortha_instrukcja.pdf\"><strong>INSTRUKCJA<\/strong><\/a><\/p>\n","protected":false},"excerpt":{"rendered":"<p>Kragmortha to zabawna gra planszowa dla 2-8 graczy. Wewn\u0105trz osobistej biblioteki Rigora Mortisa jego s\u0142ugi b\u0119d\u0105 walczy\u0107 o Magiczne Ksi\u0119gi i pr\u00f3bowa\u0107 uciec przed gniewem Mrocznego Pana. Ka\u017cdy z graczy b\u0119dzie porusza\u0142 Rigorem Mortisem lub swoim goblinem, staraj\u0105c si\u0119 ocali\u0107 \u017cycie i nie narazi\u0107 si\u0119 na otrzymanie Kart Krzywych Spojrze\u0144. Biblioteka kryje jednak i inne, [&hellip;]<\/p>\n","protected":false},"author":2,"featured_media":0,"parent":0,"menu_order":0,"comment_status":"closed","ping_status":"closed","template":"","meta":{"footnotes":""},"class_list":["post-166","page","type-page","status-publish","hentry"],"_links":{"self":[{"href":"https:\/\/cyberwroc.pl\/index.php\/wp-json\/wp\/v2\/pages\/166","targetHints":{"allow":["GET"]}}],"collection":[{"href":"https:\/\/cyberwroc.pl\/index.php\/wp-json\/wp\/v2\/pages"}],"about":[{"href":"https:\/\/cyberwroc.pl\/index.php\/wp-json\/wp\/v2\/types\/page"}],"author":[{"embeddable":true,"href":"https:\/\/cyberwroc.pl\/index.php\/wp-json\/wp\/v2\/users\/2"}],"replies":[{"embeddable":true,"href":"https:\/\/cyberwroc.pl\/index.php\/wp-json\/wp\/v2\/comments?post=166"}],"version-history":[{"count":2,"href":"https:\/\/cyberwroc.pl\/index.php\/wp-json\/wp\/v2\/pages\/166\/revisions"}],"predecessor-version":[{"id":483,"href":"https:\/\/cyberwroc.pl\/index.php\/wp-json\/wp\/v2\/pages\/166\/revisions\/483"}],"wp:attachment":[{"href":"https:\/\/cyberwroc.pl\/index.php\/wp-json\/wp\/v2\/media?parent=166"}],"curies":[{"name":"wp","href":"https:\/\/api.w.org\/{rel}","templated":true}]}}