{"id":167,"date":"2022-10-19T17:18:11","date_gmt":"2022-10-19T15:18:11","guid":{"rendered":"https:\/\/cyberwroc.pl\/?page_id=167"},"modified":"2022-11-09T15:23:33","modified_gmt":"2022-11-09T14:23:33","slug":"tajemnicze-domostwo","status":"publish","type":"page","link":"https:\/\/cyberwroc.pl\/index.php\/tajemnicze-domostwo\/","title":{"rendered":"Tajemnicze Domostwo"},"content":{"rendered":"\n<div class=\"wp-block-media-text alignwide is-stacked-on-mobile\"><figure class=\"wp-block-media-text__media\"><img decoding=\"async\" src=\"https:\/\/cdn.al.to\/i\/setup\/images\/prod\/big\/2400x2000,,pr_2017_3_14_10_53_1_511.jpg\" alt=\"\"\/><\/figure><div class=\"wp-block-media-text__content\">\n<p><br><strong>Tajemnicze Domostwo<\/strong> to towarzyska gra planszowa dla 2-7 graczy. Jeden z nich wciela si\u0119 w posta\u0107 ducha. Jego zadaniem jest sprawi\u0107, by pozostali gracze odgadli przedmioty, miejsca i osoby powi\u0105zane ze zbrodni\u0105 sprzed lat. Pos\u0142u\u017c\u0105 im do tego przepi\u0119kna talia kart, si\u0142a skojarze\u0144 i pot\u0119ga wyobra\u017ani!<\/p>\n\n\n\n<p><br>Oto zabawa w skojarzenia, kt\u00f3ra \u015bwietnie sprawdza si\u0119 zar\u00f3wno dla pary, jak i w wi\u0119kszym gronie rodziny i przyjaci\u00f3\u0142!<\/p>\n<\/div><\/div>\n\n\n\n<p class=\"has-text-align-center has-large-font-size\"><a href=\"https:\/\/portalgames.blob.core.windows.net\/tajemnicze-domostwo\/Tajemnicze-Domostwo-Instrukcja.pdf\"><strong>INSTRUKCJA<\/strong><\/a><\/p>\n","protected":false},"excerpt":{"rendered":"<p>Tajemnicze Domostwo to towarzyska gra planszowa dla 2-7 graczy. Jeden z nich wciela si\u0119 w posta\u0107 ducha. Jego zadaniem jest sprawi\u0107, by pozostali gracze odgadli przedmioty, miejsca i osoby powi\u0105zane ze zbrodni\u0105 sprzed lat. Pos\u0142u\u017c\u0105 im do tego przepi\u0119kna talia kart, si\u0142a skojarze\u0144 i pot\u0119ga wyobra\u017ani! Oto zabawa w skojarzenia, kt\u00f3ra \u015bwietnie sprawdza si\u0119 zar\u00f3wno [&hellip;]<\/p>\n","protected":false},"author":2,"featured_media":0,"parent":0,"menu_order":0,"comment_status":"closed","ping_status":"closed","template":"","meta":{"footnotes":""},"class_list":["post-167","page","type-page","status-publish","hentry"],"_links":{"self":[{"href":"https:\/\/cyberwroc.pl\/index.php\/wp-json\/wp\/v2\/pages\/167","targetHints":{"allow":["GET"]}}],"collection":[{"href":"https:\/\/cyberwroc.pl\/index.php\/wp-json\/wp\/v2\/pages"}],"about":[{"href":"https:\/\/cyberwroc.pl\/index.php\/wp-json\/wp\/v2\/types\/page"}],"author":[{"embeddable":true,"href":"https:\/\/cyberwroc.pl\/index.php\/wp-json\/wp\/v2\/users\/2"}],"replies":[{"embeddable":true,"href":"https:\/\/cyberwroc.pl\/index.php\/wp-json\/wp\/v2\/comments?post=167"}],"version-history":[{"count":2,"href":"https:\/\/cyberwroc.pl\/index.php\/wp-json\/wp\/v2\/pages\/167\/revisions"}],"predecessor-version":[{"id":516,"href":"https:\/\/cyberwroc.pl\/index.php\/wp-json\/wp\/v2\/pages\/167\/revisions\/516"}],"wp:attachment":[{"href":"https:\/\/cyberwroc.pl\/index.php\/wp-json\/wp\/v2\/media?parent=167"}],"curies":[{"name":"wp","href":"https:\/\/api.w.org\/{rel}","templated":true}]}}