{"id":168,"date":"2022-10-19T16:07:15","date_gmt":"2022-10-19T14:07:15","guid":{"rendered":"https:\/\/cyberwroc.pl\/?page_id=168"},"modified":"2022-11-09T15:15:18","modified_gmt":"2022-11-09T14:15:18","slug":"nmbr-9","status":"publish","type":"page","link":"https:\/\/cyberwroc.pl\/index.php\/nmbr-9\/","title":{"rendered":"NMBR 9"},"content":{"rendered":"\n<div class=\"wp-block-media-text alignwide is-stacked-on-mobile\"><figure class=\"wp-block-media-text__media\"><img decoding=\"async\" src=\"https:\/\/gryplanszowe.pl\/pol_pl_NMBR-9-4188_1.jpg\" alt=\"\"\/><\/figure><div class=\"wp-block-media-text__content\">\n<p class=\"has-text-align-left\">&#8222;NMBR 9&#8221; to abstrakcyjna gra planszowa, przeznaczona dla od 1 do 4 os\u00f3b. W trakcie rozgrywki ka\u017cdy gracz uk\u0142ada przed sob\u0105 takie same kafelki z cyframi. <\/p>\n\n\n\n<p class=\"has-text-align-left\">Podczas dok\u0142adania kafelk\u00f3w, gracze staraj\u0105 si\u0119 umie\u015bci\u0107 je na jak najwy\u017cszym poziomie &#8211; im wy\u017cej zostanie umieszczony kafelek, tym wi\u0119cej punkt\u00f3w przyniesie na koniec gry. Dzi\u0119ki prostym zasadom i du\u017cej regrywalno\u015bci, &#8222;NMBR9&#8221; jest idealn\u0105 pozycj\u0105 dla ka\u017cdego.<\/p>\n<\/div><\/div>\n\n\n\n<p class=\"has-text-align-center has-large-font-size\"><a href=\"https:\/\/gryplanszowe.pl\/data\/links\/43ca16abe9b8074d1a03d21fe200469a\/4188_203.pdf\"><strong>INSTRUKCJA<\/strong><\/a><\/p>\n","protected":false},"excerpt":{"rendered":"<p>&#8222;NMBR 9&#8221; to abstrakcyjna gra planszowa, przeznaczona dla od 1 do 4 os\u00f3b. W trakcie rozgrywki ka\u017cdy gracz uk\u0142ada przed sob\u0105 takie same kafelki z cyframi. Podczas dok\u0142adania kafelk\u00f3w, gracze staraj\u0105 si\u0119 umie\u015bci\u0107 je na jak najwy\u017cszym poziomie &#8211; im wy\u017cej zostanie umieszczony kafelek, tym wi\u0119cej punkt\u00f3w przyniesie na koniec gry. Dzi\u0119ki prostym zasadom i [&hellip;]<\/p>\n","protected":false},"author":2,"featured_media":0,"parent":0,"menu_order":0,"comment_status":"closed","ping_status":"closed","template":"","meta":{"footnotes":""},"class_list":["post-168","page","type-page","status-publish","hentry"],"_links":{"self":[{"href":"https:\/\/cyberwroc.pl\/index.php\/wp-json\/wp\/v2\/pages\/168","targetHints":{"allow":["GET"]}}],"collection":[{"href":"https:\/\/cyberwroc.pl\/index.php\/wp-json\/wp\/v2\/pages"}],"about":[{"href":"https:\/\/cyberwroc.pl\/index.php\/wp-json\/wp\/v2\/types\/page"}],"author":[{"embeddable":true,"href":"https:\/\/cyberwroc.pl\/index.php\/wp-json\/wp\/v2\/users\/2"}],"replies":[{"embeddable":true,"href":"https:\/\/cyberwroc.pl\/index.php\/wp-json\/wp\/v2\/comments?post=168"}],"version-history":[{"count":5,"href":"https:\/\/cyberwroc.pl\/index.php\/wp-json\/wp\/v2\/pages\/168\/revisions"}],"predecessor-version":[{"id":495,"href":"https:\/\/cyberwroc.pl\/index.php\/wp-json\/wp\/v2\/pages\/168\/revisions\/495"}],"wp:attachment":[{"href":"https:\/\/cyberwroc.pl\/index.php\/wp-json\/wp\/v2\/media?parent=168"}],"curies":[{"name":"wp","href":"https:\/\/api.w.org\/{rel}","templated":true}]}}