{"id":169,"date":"2022-10-19T16:17:01","date_gmt":"2022-10-19T14:17:01","guid":{"rendered":"https:\/\/cyberwroc.pl\/?page_id=169"},"modified":"2022-11-09T15:10:06","modified_gmt":"2022-11-09T14:10:06","slug":"koncept","status":"publish","type":"page","link":"https:\/\/cyberwroc.pl\/index.php\/koncept\/","title":{"rendered":"Koncept"},"content":{"rendered":"\n<div class=\"wp-block-media-text alignwide is-stacked-on-mobile\"><figure class=\"wp-block-media-text__media\"><img decoding=\"async\" src=\"https:\/\/boardtime.pl\/wp-content\/uploads\/2014\/06\/pic2026711_md.jpg\" alt=\"\"\/><\/figure><div class=\"wp-block-media-text__content\">\n<p>W grze <strong>Koncept<\/strong> waszym celem jest odgadywanie hase\u0142 pokazywanych przez innych graczy. Ale&#8230; pokazuj\u0105cy nie mo\u017ce si\u0119 odzywa\u0107 ani nic pokazywa\u0107, czy rysowa\u0107, do dyspozycji ma tylko plansz\u0119 z r\u00f3\u017cnymi obrazkami i za pomoc\u0105 znacznik\u00f3w b\u0119dzie wskazywa\u0142 te, kt\u00f3re b\u0119d\u0105 mia\u0142y was naprowadzi\u0107.<\/p>\n\n\n\n<p>Gracz ma do dyspozycji jeden g\u0142\u00f3wny znacznik, kt\u00f3rym wyznacza kategori\u0119 g\u0142\u00f3wn\u0105 i u\u017cywaj\u0105c znacznik\u00f3w pomocniczych dookre\u015bla j\u0105 wskazuj\u0105c inne skojarzenia. Je\u015bli potrzebuje mo\u017ce u\u017cy\u0107 dodatkowych znacznik\u00f3w w innym kolorze, aby pokazywa\u0107 inne rzeczy, kt\u00f3re mog\u0105 naprowadzi\u0107 na trafne skojarzenie.<\/p>\n<\/div><\/div>\n\n\n\n<p class=\"has-text-align-center has-large-font-size\"><a href=\"https:\/\/www.wydawnictworebel.pl\/repository\/files\/instrukcje\/Concept\/concept_rules_pl.pdf\"><strong>INSTRUKCJA<\/strong><\/a><\/p>\n","protected":false},"excerpt":{"rendered":"<p>W grze Koncept waszym celem jest odgadywanie hase\u0142 pokazywanych przez innych graczy. Ale&#8230; pokazuj\u0105cy nie mo\u017ce si\u0119 odzywa\u0107 ani nic pokazywa\u0107, czy rysowa\u0107, do dyspozycji ma tylko plansz\u0119 z r\u00f3\u017cnymi obrazkami i za pomoc\u0105 znacznik\u00f3w b\u0119dzie wskazywa\u0142 te, kt\u00f3re b\u0119d\u0105 mia\u0142y was naprowadzi\u0107. Gracz ma do dyspozycji jeden g\u0142\u00f3wny znacznik, kt\u00f3rym wyznacza kategori\u0119 g\u0142\u00f3wn\u0105 i [&hellip;]<\/p>\n","protected":false},"author":2,"featured_media":0,"parent":0,"menu_order":0,"comment_status":"closed","ping_status":"closed","template":"","meta":{"footnotes":""},"class_list":["post-169","page","type-page","status-publish","hentry"],"_links":{"self":[{"href":"https:\/\/cyberwroc.pl\/index.php\/wp-json\/wp\/v2\/pages\/169","targetHints":{"allow":["GET"]}}],"collection":[{"href":"https:\/\/cyberwroc.pl\/index.php\/wp-json\/wp\/v2\/pages"}],"about":[{"href":"https:\/\/cyberwroc.pl\/index.php\/wp-json\/wp\/v2\/types\/page"}],"author":[{"embeddable":true,"href":"https:\/\/cyberwroc.pl\/index.php\/wp-json\/wp\/v2\/users\/2"}],"replies":[{"embeddable":true,"href":"https:\/\/cyberwroc.pl\/index.php\/wp-json\/wp\/v2\/comments?post=169"}],"version-history":[{"count":2,"href":"https:\/\/cyberwroc.pl\/index.php\/wp-json\/wp\/v2\/pages\/169\/revisions"}],"predecessor-version":[{"id":482,"href":"https:\/\/cyberwroc.pl\/index.php\/wp-json\/wp\/v2\/pages\/169\/revisions\/482"}],"wp:attachment":[{"href":"https:\/\/cyberwroc.pl\/index.php\/wp-json\/wp\/v2\/media?parent=169"}],"curies":[{"name":"wp","href":"https:\/\/api.w.org\/{rel}","templated":true}]}}