{"id":170,"date":"2022-10-19T16:50:11","date_gmt":"2022-10-19T14:50:11","guid":{"rendered":"https:\/\/cyberwroc.pl\/?page_id=170"},"modified":"2022-10-19T16:50:11","modified_gmt":"2022-10-19T14:50:11","slug":"alias","status":"publish","type":"page","link":"https:\/\/cyberwroc.pl\/index.php\/alias\/","title":{"rendered":"Alias"},"content":{"rendered":"\n<div class=\"wp-block-media-text alignwide is-stacked-on-mobile\"><figure class=\"wp-block-media-text__media\"><img decoding=\"async\" src=\"https:\/\/beta-cdn.smyk.com\/media\/product\/1600\/1\/tactic-alias-original-gra-towarzyska-5935530.jpg\" alt=\"\"\/><\/figure><div class=\"wp-block-media-text__content\">\n<p><strong>Alias<\/strong> to zabawna gra o wyrazach, w kt\u00f3rej podstawowa zasada brzmi \u201cinaczej m\u00f3wi\u0105c\u201d. Celem jest obja\u015bnienie, zanim przesypie si\u0119 piasek w klepsydrze, jak najwi\u0119cej hase\u0142 z kart, za pomoc\u0105 synonim\u00f3w, przeciwie\u0144stw i podpowiedzi. Za ka\u017cde odgadni\u0119te has\u0142o pionek przesuwa si\u0119 do przodu na planszy, a dru\u017cyna kt\u00f3ra szybciej dotrze do mety zwyci\u0119\u017ca!<\/p>\n\n\n\n<p>Brzmi prosto, ale czas dzia\u0142a na twoj\u0105 niekorzy\u015b\u0107&#8230;<\/p>\n<\/div><\/div>\n\n\n\n<p class=\"has-text-align-center\"><a href=\"http:\/\/alias.eu\/wp-content\/uploads\/2015\/09\/Alias_Original_rules_US-UK_D.pdf\">INSTRUKCJA W J\u0118ZYKU ANGIELSKIM<\/a><\/p>\n","protected":false},"excerpt":{"rendered":"<p>Alias to zabawna gra o wyrazach, w kt\u00f3rej podstawowa zasada brzmi \u201cinaczej m\u00f3wi\u0105c\u201d. Celem jest obja\u015bnienie, zanim przesypie si\u0119 piasek w klepsydrze, jak najwi\u0119cej hase\u0142 z kart, za pomoc\u0105 synonim\u00f3w, przeciwie\u0144stw i podpowiedzi. Za ka\u017cde odgadni\u0119te has\u0142o pionek przesuwa si\u0119 do przodu na planszy, a dru\u017cyna kt\u00f3ra szybciej dotrze do mety zwyci\u0119\u017ca! Brzmi prosto, ale [&hellip;]<\/p>\n","protected":false},"author":2,"featured_media":0,"parent":0,"menu_order":0,"comment_status":"closed","ping_status":"closed","template":"","meta":{"footnotes":""},"class_list":["post-170","page","type-page","status-publish","hentry"],"_links":{"self":[{"href":"https:\/\/cyberwroc.pl\/index.php\/wp-json\/wp\/v2\/pages\/170","targetHints":{"allow":["GET"]}}],"collection":[{"href":"https:\/\/cyberwroc.pl\/index.php\/wp-json\/wp\/v2\/pages"}],"about":[{"href":"https:\/\/cyberwroc.pl\/index.php\/wp-json\/wp\/v2\/types\/page"}],"author":[{"embeddable":true,"href":"https:\/\/cyberwroc.pl\/index.php\/wp-json\/wp\/v2\/users\/2"}],"replies":[{"embeddable":true,"href":"https:\/\/cyberwroc.pl\/index.php\/wp-json\/wp\/v2\/comments?post=170"}],"version-history":[{"count":2,"href":"https:\/\/cyberwroc.pl\/index.php\/wp-json\/wp\/v2\/pages\/170\/revisions"}],"predecessor-version":[{"id":454,"href":"https:\/\/cyberwroc.pl\/index.php\/wp-json\/wp\/v2\/pages\/170\/revisions\/454"}],"wp:attachment":[{"href":"https:\/\/cyberwroc.pl\/index.php\/wp-json\/wp\/v2\/media?parent=170"}],"curies":[{"name":"wp","href":"https:\/\/api.w.org\/{rel}","templated":true}]}}