{"id":264,"date":"2022-11-09T15:21:21","date_gmt":"2022-11-09T14:21:21","guid":{"rendered":"https:\/\/cyberwroc.pl\/?page_id=264"},"modified":"2022-11-09T15:21:21","modified_gmt":"2022-11-09T14:21:21","slug":"rummikub","status":"publish","type":"page","link":"https:\/\/cyberwroc.pl\/index.php\/rummikub\/","title":{"rendered":"Rummikub"},"content":{"rendered":"\n<div class=\"wp-block-media-text alignwide is-stacked-on-mobile\"><figure class=\"wp-block-media-text__media\"><img decoding=\"async\" src=\"https:\/\/ecsmedia.pl\/c\/tmtoys-gra-strategiczna-rummikub-standard-b-iext121200993.jpg\" alt=\"\"\/><\/figure><div class=\"wp-block-media-text__content\">\n<p>satysfakcj\u0119 ma si\u0119 z samego uczestnictwa w tej grze, a nie tylko z pokonania przeciwnika.<\/p>\n\n\n\n<p>Gra polega na pozbyciu si\u0119 wszystkich kostek z liczbami, wyk\u0142adaj\u0105c na st\u00f3\u0142 sekwencje lub ci\u0105gi minimum 3-liczbowe. Najciekawsz\u0105 mo\u017cliwo\u015bci\u0105 jest ingerencja w ju\u017c wy\u0142o\u017cone kostki &#8211; w swojej kolejce mo\u017cesz je dowolnie przesuwa\u0107 i modyfikowa\u0107, byle tylko na&nbsp;koniec&nbsp;nie naruszy\u0107 podstawowej zasady (minimum 3 kostki w sekwencji lub ci\u0105gu).<\/p>\n<\/div><\/div>\n\n\n\n<p class=\"has-text-align-center has-large-font-size\"><a href=\"https:\/\/rummikub.pl\/wp-content\/uploads\/2020\/01\/Zasady-Rummikub.pdf\"><strong>INSTRUKCJA<\/strong><\/a><\/p>\n","protected":false},"excerpt":{"rendered":"<p>satysfakcj\u0119 ma si\u0119 z samego uczestnictwa w tej grze, a nie tylko z pokonania przeciwnika. Gra polega na pozbyciu si\u0119 wszystkich kostek z liczbami, wyk\u0142adaj\u0105c na st\u00f3\u0142 sekwencje lub ci\u0105gi minimum 3-liczbowe. Najciekawsz\u0105 mo\u017cliwo\u015bci\u0105 jest ingerencja w ju\u017c wy\u0142o\u017cone kostki &#8211; w swojej kolejce mo\u017cesz je dowolnie przesuwa\u0107 i modyfikowa\u0107, byle tylko na&nbsp;koniec&nbsp;nie naruszy\u0107 podstawowej [&hellip;]<\/p>\n","protected":false},"author":3,"featured_media":0,"parent":0,"menu_order":0,"comment_status":"closed","ping_status":"closed","template":"","meta":{"footnotes":""},"class_list":["post-264","page","type-page","status-publish","hentry"],"_links":{"self":[{"href":"https:\/\/cyberwroc.pl\/index.php\/wp-json\/wp\/v2\/pages\/264","targetHints":{"allow":["GET"]}}],"collection":[{"href":"https:\/\/cyberwroc.pl\/index.php\/wp-json\/wp\/v2\/pages"}],"about":[{"href":"https:\/\/cyberwroc.pl\/index.php\/wp-json\/wp\/v2\/types\/page"}],"author":[{"embeddable":true,"href":"https:\/\/cyberwroc.pl\/index.php\/wp-json\/wp\/v2\/users\/3"}],"replies":[{"embeddable":true,"href":"https:\/\/cyberwroc.pl\/index.php\/wp-json\/wp\/v2\/comments?post=264"}],"version-history":[{"count":2,"href":"https:\/\/cyberwroc.pl\/index.php\/wp-json\/wp\/v2\/pages\/264\/revisions"}],"predecessor-version":[{"id":505,"href":"https:\/\/cyberwroc.pl\/index.php\/wp-json\/wp\/v2\/pages\/264\/revisions\/505"}],"wp:attachment":[{"href":"https:\/\/cyberwroc.pl\/index.php\/wp-json\/wp\/v2\/media?parent=264"}],"curies":[{"name":"wp","href":"https:\/\/api.w.org\/{rel}","templated":true}]}}