{"id":267,"date":"2022-10-19T18:07:38","date_gmt":"2022-10-19T16:07:38","guid":{"rendered":"https:\/\/cyberwroc.pl\/?page_id=267"},"modified":"2022-11-09T15:22:06","modified_gmt":"2022-11-09T14:22:06","slug":"scrabble","status":"publish","type":"page","link":"https:\/\/cyberwroc.pl\/index.php\/scrabble\/","title":{"rendered":"Scrabble"},"content":{"rendered":"\n<div class=\"wp-block-media-text alignwide is-stacked-on-mobile\"><figure class=\"wp-block-media-text__media\"><img decoding=\"async\" src=\"https:\/\/f01.osfr.pl\/foto\/2\/4651539442\/5c9b46532344eaf9e5f5e1f2865b0779\/archival-mattel-scrabble-polsko-angielskie,4651539442_3.jpg\" alt=\"\"\/><\/figure><div class=\"wp-block-media-text__content\">\n<p>W tej najpopularniejszej na \u015bwiecie grze s\u0142ownej liczy si\u0119 ka\u017cde s\u0142owo! Przy ca\u0142ej swej prostocie gra nies\u0142ychanie wci\u0105ga. Jest znakomitym polem do pasjonuj\u0105cych pojedynk\u00f3w t\u0119gich g\u0142\u00f3w, a tak\u017ce do relaksuj\u0105cych rozgrywek z rodzin\u0105 lub przyjaci\u00f3\u0142mi. Scrabble to niezmiennie fascynuj\u0105ca, rozwijaj\u0105ca rozrywka!<\/p>\n\n\n\n<p><\/p>\n<\/div><\/div>\n\n\n\n<p class=\"has-text-align-center has-large-font-size\"><a href=\"http:\/\/www.scrabble.info.pl\/pobierz\/zasady.pdf\"><strong>INSTRUKCJA<\/strong><\/a><\/p>\n","protected":false},"excerpt":{"rendered":"<p>W tej najpopularniejszej na \u015bwiecie grze s\u0142ownej liczy si\u0119 ka\u017cde s\u0142owo! Przy ca\u0142ej swej prostocie gra nies\u0142ychanie wci\u0105ga. Jest znakomitym polem do pasjonuj\u0105cych pojedynk\u00f3w t\u0119gich g\u0142\u00f3w, a tak\u017ce do relaksuj\u0105cych rozgrywek z rodzin\u0105 lub przyjaci\u00f3\u0142mi. Scrabble to niezmiennie fascynuj\u0105ca, rozwijaj\u0105ca rozrywka! INSTRUKCJA<\/p>\n","protected":false},"author":3,"featured_media":0,"parent":0,"menu_order":0,"comment_status":"closed","ping_status":"closed","template":"","meta":{"footnotes":""},"class_list":["post-267","page","type-page","status-publish","hentry"],"_links":{"self":[{"href":"https:\/\/cyberwroc.pl\/index.php\/wp-json\/wp\/v2\/pages\/267","targetHints":{"allow":["GET"]}}],"collection":[{"href":"https:\/\/cyberwroc.pl\/index.php\/wp-json\/wp\/v2\/pages"}],"about":[{"href":"https:\/\/cyberwroc.pl\/index.php\/wp-json\/wp\/v2\/types\/page"}],"author":[{"embeddable":true,"href":"https:\/\/cyberwroc.pl\/index.php\/wp-json\/wp\/v2\/users\/3"}],"replies":[{"embeddable":true,"href":"https:\/\/cyberwroc.pl\/index.php\/wp-json\/wp\/v2\/comments?post=267"}],"version-history":[{"count":3,"href":"https:\/\/cyberwroc.pl\/index.php\/wp-json\/wp\/v2\/pages\/267\/revisions"}],"predecessor-version":[{"id":508,"href":"https:\/\/cyberwroc.pl\/index.php\/wp-json\/wp\/v2\/pages\/267\/revisions\/508"}],"wp:attachment":[{"href":"https:\/\/cyberwroc.pl\/index.php\/wp-json\/wp\/v2\/media?parent=267"}],"curies":[{"name":"wp","href":"https:\/\/api.w.org\/{rel}","templated":true}]}}