{"id":274,"date":"2022-10-19T18:21:11","date_gmt":"2022-10-19T16:21:11","guid":{"rendered":"https:\/\/cyberwroc.pl\/?page_id=274"},"modified":"2022-11-09T15:25:26","modified_gmt":"2022-11-09T14:25:26","slug":"tik-tak-bum","status":"publish","type":"page","link":"https:\/\/cyberwroc.pl\/index.php\/tik-tak-bum\/","title":{"rendered":"Tik&#8230; Tak&#8230; Bum!"},"content":{"rendered":"\n<div class=\"wp-block-media-text alignwide is-stacked-on-mobile\"><figure class=\"wp-block-media-text__media\"><img decoding=\"async\" src=\"https:\/\/chochliki.sklep.pl\/userdata\/public\/gfx\/9399bd653d27675dbb8b83ec8a57b061.jpg\" alt=\"\"\/><\/figure><div class=\"wp-block-media-text__content\">\n<p>Przez oko\u0142o p\u00f3\u0142 minuty tykaj\u0105ca bomba wystawia graczy na pr\u00f3b\u0119. Losowana jest karta zawieraj\u0105ca kilka liter. Uruchamiany jest mechanizm zegarowy na losowy czas (od 10 do 60 sekund) i pierwszy gracz bierze bomb\u0119 do r\u0119ki. Gracz, na kt\u00f3rego przypada kolejka, musi poda\u0107 wyraz zawieraj\u0105cy litery wylosowane na karcie i przekaza\u0107 bomb\u0119 s\u0105siadowi z lewej, zanim nast\u0105pi wybuch!<\/p>\n\n\n\n<p>Cz\u0119sto wyraz, kt\u00f3ry wymy\u015blisz oczekuj\u0105c na swoj\u0105 kolejk\u0119, zostanie zu\u017cyty przez poprzedniego gracza i nawet osoby posiadaj\u0105ce bardzo bogaty zas\u00f3b s\u0142\u00f3w mog\u0105 poczu\u0107 pustk\u0119 w g\u0142owie.<\/p>\n<\/div><\/div>\n\n\n\n<p class=\"has-text-align-center has-large-font-size\"><a href=\"https:\/\/www.piatnik.pl\/instrukcje\/7180.pdf\"><strong>INSTRUKCJA<\/strong><\/a><\/p>\n","protected":false},"excerpt":{"rendered":"<p>Przez oko\u0142o p\u00f3\u0142 minuty tykaj\u0105ca bomba wystawia graczy na pr\u00f3b\u0119. Losowana jest karta zawieraj\u0105ca kilka liter. Uruchamiany jest mechanizm zegarowy na losowy czas (od 10 do 60 sekund) i pierwszy gracz bierze bomb\u0119 do r\u0119ki. Gracz, na kt\u00f3rego przypada kolejka, musi poda\u0107 wyraz zawieraj\u0105cy litery wylosowane na karcie i przekaza\u0107 bomb\u0119 s\u0105siadowi z lewej, zanim [&hellip;]<\/p>\n","protected":false},"author":3,"featured_media":0,"parent":0,"menu_order":0,"comment_status":"closed","ping_status":"closed","template":"","meta":{"footnotes":""},"class_list":["post-274","page","type-page","status-publish","hentry"],"_links":{"self":[{"href":"https:\/\/cyberwroc.pl\/index.php\/wp-json\/wp\/v2\/pages\/274","targetHints":{"allow":["GET"]}}],"collection":[{"href":"https:\/\/cyberwroc.pl\/index.php\/wp-json\/wp\/v2\/pages"}],"about":[{"href":"https:\/\/cyberwroc.pl\/index.php\/wp-json\/wp\/v2\/types\/page"}],"author":[{"embeddable":true,"href":"https:\/\/cyberwroc.pl\/index.php\/wp-json\/wp\/v2\/users\/3"}],"replies":[{"embeddable":true,"href":"https:\/\/cyberwroc.pl\/index.php\/wp-json\/wp\/v2\/comments?post=274"}],"version-history":[{"count":2,"href":"https:\/\/cyberwroc.pl\/index.php\/wp-json\/wp\/v2\/pages\/274\/revisions"}],"predecessor-version":[{"id":523,"href":"https:\/\/cyberwroc.pl\/index.php\/wp-json\/wp\/v2\/pages\/274\/revisions\/523"}],"wp:attachment":[{"href":"https:\/\/cyberwroc.pl\/index.php\/wp-json\/wp\/v2\/media?parent=274"}],"curies":[{"name":"wp","href":"https:\/\/api.w.org\/{rel}","templated":true}]}}