{"id":277,"date":"2022-10-19T18:26:36","date_gmt":"2022-10-19T16:26:36","guid":{"rendered":"https:\/\/cyberwroc.pl\/?page_id=277"},"modified":"2022-11-09T15:23:27","modified_gmt":"2022-11-09T14:23:27","slug":"taboo","status":"publish","type":"page","link":"https:\/\/cyberwroc.pl\/index.php\/taboo\/","title":{"rendered":"Taboo"},"content":{"rendered":"\n<div class=\"wp-block-media-text alignwide is-stacked-on-mobile\"><figure class=\"wp-block-media-text__media\"><img decoding=\"async\" src=\"https:\/\/beta-cdn.smyk.com\/media\/product\/1600\/1\/taboo-gra-towarzyska-4854930.jpg\" alt=\"\"\/><\/figure><div class=\"wp-block-media-text__content\">\n<p>Czas dzia\u0142a przeciwko Tobie. Wiesz, co chcesz powiedzie\u0107, je\u015bli tylko znajdziesz odpowiednie s\u0142owa. Ale w \u017cyciu s\u0105 rzeczy, kt\u00f3re s\u0105 tabu. Jak sprawi\u0107, by Twoja dru\u017cyna powiedzia\u0142a np. &#8222;przecinek&#8221;, je\u015bli nie wolno Ci u\u017cy\u0107 s\u0142\u00f3w &#8222;interpunkcja&#8221;, &#8222;znak&#8221;, &#8222;przestanek&#8221;, &#8222;zdanie&#8221;, ani &#8222;kropka&#8221;? Musisz u\u017cy\u0107 wyobra\u017ani, sprytu i wiedzy, by wygra\u0107. <\/p>\n\n\n\n<p>Je\u015bli Twoja dru\u017cyna odgadnie has\u0142o, zdobywacie punkt. Tabu jest niewymownie zabawn\u0105 gr\u0105!<\/p>\n<\/div><\/div>\n\n\n\n<p class=\"has-text-align-center has-large-font-size\"><a href=\"https:\/\/www.hasbro.com\/common\/instruct\/Taboo(2000).PDF\"><strong>INSTRUKCJA<\/strong><\/a><\/p>\n","protected":false},"excerpt":{"rendered":"<p>Czas dzia\u0142a przeciwko Tobie. Wiesz, co chcesz powiedzie\u0107, je\u015bli tylko znajdziesz odpowiednie s\u0142owa. Ale w \u017cyciu s\u0105 rzeczy, kt\u00f3re s\u0105 tabu. Jak sprawi\u0107, by Twoja dru\u017cyna powiedzia\u0142a np. &#8222;przecinek&#8221;, je\u015bli nie wolno Ci u\u017cy\u0107 s\u0142\u00f3w &#8222;interpunkcja&#8221;, &#8222;znak&#8221;, &#8222;przestanek&#8221;, &#8222;zdanie&#8221;, ani &#8222;kropka&#8221;? Musisz u\u017cy\u0107 wyobra\u017ani, sprytu i wiedzy, by wygra\u0107. Je\u015bli Twoja dru\u017cyna odgadnie has\u0142o, zdobywacie [&hellip;]<\/p>\n","protected":false},"author":3,"featured_media":0,"parent":0,"menu_order":0,"comment_status":"closed","ping_status":"closed","template":"","meta":{"footnotes":""},"class_list":["post-277","page","type-page","status-publish","hentry"],"_links":{"self":[{"href":"https:\/\/cyberwroc.pl\/index.php\/wp-json\/wp\/v2\/pages\/277","targetHints":{"allow":["GET"]}}],"collection":[{"href":"https:\/\/cyberwroc.pl\/index.php\/wp-json\/wp\/v2\/pages"}],"about":[{"href":"https:\/\/cyberwroc.pl\/index.php\/wp-json\/wp\/v2\/types\/page"}],"author":[{"embeddable":true,"href":"https:\/\/cyberwroc.pl\/index.php\/wp-json\/wp\/v2\/users\/3"}],"replies":[{"embeddable":true,"href":"https:\/\/cyberwroc.pl\/index.php\/wp-json\/wp\/v2\/comments?post=277"}],"version-history":[{"count":3,"href":"https:\/\/cyberwroc.pl\/index.php\/wp-json\/wp\/v2\/pages\/277\/revisions"}],"predecessor-version":[{"id":515,"href":"https:\/\/cyberwroc.pl\/index.php\/wp-json\/wp\/v2\/pages\/277\/revisions\/515"}],"wp:attachment":[{"href":"https:\/\/cyberwroc.pl\/index.php\/wp-json\/wp\/v2\/media?parent=277"}],"curies":[{"name":"wp","href":"https:\/\/api.w.org\/{rel}","templated":true}]}}