{"id":281,"date":"2022-10-19T18:32:16","date_gmt":"2022-10-19T16:32:16","guid":{"rendered":"https:\/\/cyberwroc.pl\/?page_id=281"},"modified":"2022-11-09T15:11:24","modified_gmt":"2022-11-09T14:11:24","slug":"loza-szydercow","status":"publish","type":"page","link":"https:\/\/cyberwroc.pl\/index.php\/loza-szydercow\/","title":{"rendered":"Lo\u017ca Szyderc\u00f3w"},"content":{"rendered":"\n<div class=\"wp-block-media-text alignwide is-stacked-on-mobile\"><figure class=\"wp-block-media-text__media\"><img decoding=\"async\" src=\"https:\/\/www.rubico.pl\/img\/4\/4\/8\/1675.jpg\" alt=\"\"\/><\/figure><div class=\"wp-block-media-text__content\">\n<p>W solidnym, zamykanym na magnesy i eleganckim pude\u0142ku znajduje si\u0119 ogromna ilo\u015b\u0107 unikatowych kart, kt\u00f3re w po\u0142\u0105czeniu z dobr\u0105 ekip\u0105 gwarantuje niejedn\u0105, szydercz\u0105 imprez\u0119. Aby rozgrywka by\u0142a jeszcze ciekawsza, dodane zosta\u0142y unikatowe karty akcji, kt\u00f3re zwi\u0119kszaj\u0105 interakcj\u0119 pomi\u0119dzy graczami.<\/p>\n\n\n\n<p>Gra przede wszystkim polega na szyderczym udzielaniu odpowiedzi na pojawiaj\u0105ce si\u0119 pytania oraz interakcji z graczami przy wykorzystaniu kart akcji.<\/p>\n<\/div><\/div>\n\n\n\n<p class=\"has-text-align-center has-large-font-size\"><a href=\"http:\/\/4.bp.blogspot.com\/-6injH2vxMOs\/Vbnw-A2-zaI\/AAAAAAAAA0I\/kZ7ZFdJLarw\/s1600\/Zdj%25C4%2599cie0968.jpg\"><strong>INSTRUKCJA<\/strong><\/a><\/p>\n","protected":false},"excerpt":{"rendered":"<p>W solidnym, zamykanym na magnesy i eleganckim pude\u0142ku znajduje si\u0119 ogromna ilo\u015b\u0107 unikatowych kart, kt\u00f3re w po\u0142\u0105czeniu z dobr\u0105 ekip\u0105 gwarantuje niejedn\u0105, szydercz\u0105 imprez\u0119. Aby rozgrywka by\u0142a jeszcze ciekawsza, dodane zosta\u0142y unikatowe karty akcji, kt\u00f3re zwi\u0119kszaj\u0105 interakcj\u0119 pomi\u0119dzy graczami. Gra przede wszystkim polega na szyderczym udzielaniu odpowiedzi na pojawiaj\u0105ce si\u0119 pytania oraz interakcji z graczami [&hellip;]<\/p>\n","protected":false},"author":3,"featured_media":0,"parent":0,"menu_order":0,"comment_status":"closed","ping_status":"closed","template":"","meta":{"footnotes":""},"class_list":["post-281","page","type-page","status-publish","hentry"],"_links":{"self":[{"href":"https:\/\/cyberwroc.pl\/index.php\/wp-json\/wp\/v2\/pages\/281","targetHints":{"allow":["GET"]}}],"collection":[{"href":"https:\/\/cyberwroc.pl\/index.php\/wp-json\/wp\/v2\/pages"}],"about":[{"href":"https:\/\/cyberwroc.pl\/index.php\/wp-json\/wp\/v2\/types\/page"}],"author":[{"embeddable":true,"href":"https:\/\/cyberwroc.pl\/index.php\/wp-json\/wp\/v2\/users\/3"}],"replies":[{"embeddable":true,"href":"https:\/\/cyberwroc.pl\/index.php\/wp-json\/wp\/v2\/comments?post=281"}],"version-history":[{"count":2,"href":"https:\/\/cyberwroc.pl\/index.php\/wp-json\/wp\/v2\/pages\/281\/revisions"}],"predecessor-version":[{"id":486,"href":"https:\/\/cyberwroc.pl\/index.php\/wp-json\/wp\/v2\/pages\/281\/revisions\/486"}],"wp:attachment":[{"href":"https:\/\/cyberwroc.pl\/index.php\/wp-json\/wp\/v2\/media?parent=281"}],"curies":[{"name":"wp","href":"https:\/\/api.w.org\/{rel}","templated":true}]}}