{"id":285,"date":"2022-10-26T13:38:32","date_gmt":"2022-10-26T11:38:32","guid":{"rendered":"https:\/\/cyberwroc.pl\/?page_id=285"},"modified":"2022-11-09T15:14:35","modified_gmt":"2022-11-09T14:14:35","slug":"neuroshima-hex","status":"publish","type":"page","link":"https:\/\/cyberwroc.pl\/index.php\/neuroshima-hex\/","title":{"rendered":"Neuroshima Hex"},"content":{"rendered":"\n<div class=\"wp-block-media-text alignwide is-stacked-on-mobile\"><figure class=\"wp-block-media-text__media\"><img decoding=\"async\" src=\"https:\/\/mepel.pl\/userdata\/public\/gfx\/b75d8d126f053f51e86fa8f036c3566d.jpg\" alt=\"\"\/><\/figure><div class=\"wp-block-media-text__content\">\n<p>Neuroshima Hex to planszowa gra strategiczna rozgrywaj\u0105ca si\u0119 w postapokaliptycznym \u015bwiecie opanowanym przez mutant\u00f3w i bezwgl\u0119dne maszyny Molocha. Ka\u017cdy z graczy dowodzi jedn\u0105 z armii, na kt\u00f3r\u0105 sk\u0142adaj\u0105 si\u0119 \u017cetony jednostek, modu\u0142\u00f3w i akcji, kt\u00f3re wyk\u0142ada si\u0119 na heksagonalnej planszy pola bitwy.<\/p>\n<\/div><\/div>\n\n\n\n<p class=\"has-text-align-center has-large-font-size\"><a href=\"http:\/\/neuroshimahex.pl\/dl\/neuroshima-hex-3.pdf\"><strong>INSTRUKCJA<\/strong><\/a><\/p>\n","protected":false},"excerpt":{"rendered":"<p>Neuroshima Hex to planszowa gra strategiczna rozgrywaj\u0105ca si\u0119 w postapokaliptycznym \u015bwiecie opanowanym przez mutant\u00f3w i bezwgl\u0119dne maszyny Molocha. Ka\u017cdy z graczy dowodzi jedn\u0105 z armii, na kt\u00f3r\u0105 sk\u0142adaj\u0105 si\u0119 \u017cetony jednostek, modu\u0142\u00f3w i akcji, kt\u00f3re wyk\u0142ada si\u0119 na heksagonalnej planszy pola bitwy. INSTRUKCJA<\/p>\n","protected":false},"author":3,"featured_media":0,"parent":0,"menu_order":0,"comment_status":"closed","ping_status":"closed","template":"","meta":{"footnotes":""},"class_list":["post-285","page","type-page","status-publish","hentry"],"_links":{"self":[{"href":"https:\/\/cyberwroc.pl\/index.php\/wp-json\/wp\/v2\/pages\/285","targetHints":{"allow":["GET"]}}],"collection":[{"href":"https:\/\/cyberwroc.pl\/index.php\/wp-json\/wp\/v2\/pages"}],"about":[{"href":"https:\/\/cyberwroc.pl\/index.php\/wp-json\/wp\/v2\/types\/page"}],"author":[{"embeddable":true,"href":"https:\/\/cyberwroc.pl\/index.php\/wp-json\/wp\/v2\/users\/3"}],"replies":[{"embeddable":true,"href":"https:\/\/cyberwroc.pl\/index.php\/wp-json\/wp\/v2\/comments?post=285"}],"version-history":[{"count":2,"href":"https:\/\/cyberwroc.pl\/index.php\/wp-json\/wp\/v2\/pages\/285\/revisions"}],"predecessor-version":[{"id":493,"href":"https:\/\/cyberwroc.pl\/index.php\/wp-json\/wp\/v2\/pages\/285\/revisions\/493"}],"wp:attachment":[{"href":"https:\/\/cyberwroc.pl\/index.php\/wp-json\/wp\/v2\/media?parent=285"}],"curies":[{"name":"wp","href":"https:\/\/api.w.org\/{rel}","templated":true}]}}