{"id":292,"date":"2022-10-26T14:01:12","date_gmt":"2022-10-26T12:01:12","guid":{"rendered":"https:\/\/cyberwroc.pl\/?page_id=292"},"modified":"2022-11-09T15:11:57","modified_gmt":"2022-11-09T14:11:57","slug":"mafia","status":"publish","type":"page","link":"https:\/\/cyberwroc.pl\/index.php\/mafia\/","title":{"rendered":"Mafia"},"content":{"rendered":"\n<div class=\"wp-block-media-text alignwide is-stacked-on-mobile\"><figure class=\"wp-block-media-text__media\"><img decoding=\"async\" src=\"https:\/\/media.empik.com\/content\/dbt\/empik\/Zabawki\/Gry%20planszowe%20-%20reklama\/Granna\/mafia1.jpg\" alt=\"\"\/><\/figure><div class=\"wp-block-media-text__content\">\n<p>MAFIA to wci\u0105gaj\u0105ca gra psychologiczna oparta na schemacie popularnej gry towarzyskiej. Mog\u0105 bawi\u0107 si\u0119 w ni\u0105 doro\u015bli i dzieci, doskonale sprawdza si\u0119 na wszelkiego rodzaju imprezach, wyjazdach integracyjnych, obozach, w \u015bwietlicach itp. Jej unikalna formu\u0142a umo\u017cliwia jednoczesn\u0105 wsp\u00f3ln\u0105 zabaw\u0119 du\u017cej grupie graczy. Zestaw zawiera \u017cetony u\u017cywane w podstawowej wersji gry, a tak\u017ce karty umo\u017cliwiaj\u0105ce zaawansowanym graczom intryguj\u0105ce rozszerzenie regu\u0142 i wzbogacenie rozgrywki.<\/p>\n<\/div><\/div>\n\n\n\n<p class=\"has-text-align-center has-large-font-size\"><a href=\"https:\/\/www.granna.pl\/pliki\/produkt-107\/MAFIA_instr_00084_3_p1.pdf\"><strong>INSTRUKCJA<\/strong><\/a><\/p>\n","protected":false},"excerpt":{"rendered":"<p>MAFIA to wci\u0105gaj\u0105ca gra psychologiczna oparta na schemacie popularnej gry towarzyskiej. Mog\u0105 bawi\u0107 si\u0119 w ni\u0105 doro\u015bli i dzieci, doskonale sprawdza si\u0119 na wszelkiego rodzaju imprezach, wyjazdach integracyjnych, obozach, w \u015bwietlicach itp. Jej unikalna formu\u0142a umo\u017cliwia jednoczesn\u0105 wsp\u00f3ln\u0105 zabaw\u0119 du\u017cej grupie graczy. Zestaw zawiera \u017cetony u\u017cywane w podstawowej wersji gry, a tak\u017ce karty umo\u017cliwiaj\u0105ce zaawansowanym [&hellip;]<\/p>\n","protected":false},"author":3,"featured_media":0,"parent":0,"menu_order":0,"comment_status":"closed","ping_status":"closed","template":"","meta":{"footnotes":""},"class_list":["post-292","page","type-page","status-publish","hentry"],"_links":{"self":[{"href":"https:\/\/cyberwroc.pl\/index.php\/wp-json\/wp\/v2\/pages\/292","targetHints":{"allow":["GET"]}}],"collection":[{"href":"https:\/\/cyberwroc.pl\/index.php\/wp-json\/wp\/v2\/pages"}],"about":[{"href":"https:\/\/cyberwroc.pl\/index.php\/wp-json\/wp\/v2\/types\/page"}],"author":[{"embeddable":true,"href":"https:\/\/cyberwroc.pl\/index.php\/wp-json\/wp\/v2\/users\/3"}],"replies":[{"embeddable":true,"href":"https:\/\/cyberwroc.pl\/index.php\/wp-json\/wp\/v2\/comments?post=292"}],"version-history":[{"count":3,"href":"https:\/\/cyberwroc.pl\/index.php\/wp-json\/wp\/v2\/pages\/292\/revisions"}],"predecessor-version":[{"id":488,"href":"https:\/\/cyberwroc.pl\/index.php\/wp-json\/wp\/v2\/pages\/292\/revisions\/488"}],"wp:attachment":[{"href":"https:\/\/cyberwroc.pl\/index.php\/wp-json\/wp\/v2\/media?parent=292"}],"curies":[{"name":"wp","href":"https:\/\/api.w.org\/{rel}","templated":true}]}}