{"id":295,"date":"2022-10-26T14:16:57","date_gmt":"2022-10-26T12:16:57","guid":{"rendered":"https:\/\/cyberwroc.pl\/?page_id=295"},"modified":"2022-11-09T15:09:15","modified_gmt":"2022-11-09T14:09:15","slug":"jungle-speed","status":"publish","type":"page","link":"https:\/\/cyberwroc.pl\/index.php\/jungle-speed\/","title":{"rendered":"Jungle Speed"},"content":{"rendered":"\n<div class=\"wp-block-media-text alignwide is-stacked-on-mobile\"><figure class=\"wp-block-media-text__media\"><img decoding=\"async\" src=\"https:\/\/ecsmedia.pl\/c\/rebel-gra-towarzyska-jungle-speed-bertone-edycja-limitowana-b-iext105053362.jpg\" alt=\"\"\/><\/figure><div class=\"wp-block-media-text__content\">\n<p>Nowe wydanie gry, w kt\u00f3rej liczy si\u0119 zr\u0119czno\u015b\u0107, spostrzegawczo\u015b\u0107 i szybko\u015b\u0107! Gry, podczas kt\u00f3rej ka\u017cdy stara si\u0119 jak najszybciej pozby\u0107 swoich kart. Aby to zrobi\u0107, nale\u017cy w odpowiednim momencie z\u0142apa\u0107 drewniany, przepi\u0119knie zdobiony&nbsp;totem. Je\u015bli gracz z\u0142apie go w z\u0142ym momencie, albo w og\u00f3le tego nie zrobi &#8211; b\u0119dzie musia\u0142 wzi\u0105\u0107 karty od swoich przeciwnik\u00f3w!<\/p>\n<\/div><\/div>\n\n\n\n<p class=\"has-text-align-center has-large-font-size\"><a href=\"https:\/\/www.wydawnictworebel.pl\/repository\/files\/instrukcje\/jungle-speed-edycja-2018-instrukcja-PL.pdf\"><strong>INSTRUKCJA<\/strong><\/a><\/p>\n","protected":false},"excerpt":{"rendered":"<p>Nowe wydanie gry, w kt\u00f3rej liczy si\u0119 zr\u0119czno\u015b\u0107, spostrzegawczo\u015b\u0107 i szybko\u015b\u0107! Gry, podczas kt\u00f3rej ka\u017cdy stara si\u0119 jak najszybciej pozby\u0107 swoich kart. Aby to zrobi\u0107, nale\u017cy w odpowiednim momencie z\u0142apa\u0107 drewniany, przepi\u0119knie zdobiony&nbsp;totem. Je\u015bli gracz z\u0142apie go w z\u0142ym momencie, albo w og\u00f3le tego nie zrobi &#8211; b\u0119dzie musia\u0142 wzi\u0105\u0107 karty od swoich przeciwnik\u00f3w! INSTRUKCJA<\/p>\n","protected":false},"author":3,"featured_media":0,"parent":0,"menu_order":0,"comment_status":"closed","ping_status":"closed","template":"","meta":{"footnotes":""},"class_list":["post-295","page","type-page","status-publish","hentry"],"_links":{"self":[{"href":"https:\/\/cyberwroc.pl\/index.php\/wp-json\/wp\/v2\/pages\/295","targetHints":{"allow":["GET"]}}],"collection":[{"href":"https:\/\/cyberwroc.pl\/index.php\/wp-json\/wp\/v2\/pages"}],"about":[{"href":"https:\/\/cyberwroc.pl\/index.php\/wp-json\/wp\/v2\/types\/page"}],"author":[{"embeddable":true,"href":"https:\/\/cyberwroc.pl\/index.php\/wp-json\/wp\/v2\/users\/3"}],"replies":[{"embeddable":true,"href":"https:\/\/cyberwroc.pl\/index.php\/wp-json\/wp\/v2\/comments?post=295"}],"version-history":[{"count":3,"href":"https:\/\/cyberwroc.pl\/index.php\/wp-json\/wp\/v2\/pages\/295\/revisions"}],"predecessor-version":[{"id":480,"href":"https:\/\/cyberwroc.pl\/index.php\/wp-json\/wp\/v2\/pages\/295\/revisions\/480"}],"wp:attachment":[{"href":"https:\/\/cyberwroc.pl\/index.php\/wp-json\/wp\/v2\/media?parent=295"}],"curies":[{"name":"wp","href":"https:\/\/api.w.org\/{rel}","templated":true}]}}