{"id":309,"date":"2022-10-26T14:54:52","date_gmt":"2022-10-26T12:54:52","guid":{"rendered":"https:\/\/cyberwroc.pl\/?page_id=309"},"modified":"2022-11-09T15:21:38","modified_gmt":"2022-11-09T14:21:38","slug":"sabotazysci","status":"publish","type":"page","link":"https:\/\/cyberwroc.pl\/index.php\/sabotazysci\/","title":{"rendered":"Sabota\u017cysta"},"content":{"rendered":"\n<div class=\"wp-block-media-text alignwide is-stacked-on-mobile\"><figure class=\"wp-block-media-text__media\"><img decoding=\"async\" src=\"https:\/\/ecsmedia.pl\/c\/g3-gra-towarzyska-sabotazysta-b-iext120024559.jpg\" alt=\"\"\/><\/figure><div class=\"wp-block-media-text__content\">\n<p>Gracze wcielaj\u0105 si\u0119 w rol\u0119 kopaczy poszukuj\u0105cych bry\u0142ek z\u0142ota w g\u0142\u0119bokich tunelach wij\u0105cych si\u0119 w trzewiach g\u00f3ry lub w sabota\u017cyst\u00f3w, kt\u00f3rzy na ka\u017cdym kroku utrudniaj\u0105 prac\u0119 kopaczom. Cz\u0142onkowie obu grup powinni wspiera\u0107 si\u0119 wzajemnie, kiedy ju\u017c odkryj\u0105, kto jest po ich stronie. Je\u017celi kopacze zdo\u0142aj\u0105 przebi\u0107 tunel do skarbu, otrzymuj\u0105 nagrod\u0119 w postaci bry\u0142ek z\u0142ota, podczas gdy sabota\u017cy\u015bci odchodz\u0105 z pustymi r\u0119koma. Jednak, je\u015bli kopacze ponios\u0105 pora\u017ck\u0119, nagrod\u0119 zgarniaj\u0105 sabota\u017cy\u015bci.<br>Wygrywa gracz, kt\u00f3ry po zako\u0144czeniu trzeciej rundy posiada najwi\u0119cej bry\u0142ek z\u0142ota.<\/p>\n<\/div><\/div>\n\n\n\n<p class=\"has-text-align-center has-large-font-size\"><a href=\"http:\/\/tylkorelaks.pl\/instrukcje\/Sabotazysta_gra_instrukcja.pdf\"><strong>INSTRUKCJA<\/strong><\/a><\/p>\n","protected":false},"excerpt":{"rendered":"<p>Gracze wcielaj\u0105 si\u0119 w rol\u0119 kopaczy poszukuj\u0105cych bry\u0142ek z\u0142ota w g\u0142\u0119bokich tunelach wij\u0105cych si\u0119 w trzewiach g\u00f3ry lub w sabota\u017cyst\u00f3w, kt\u00f3rzy na ka\u017cdym kroku utrudniaj\u0105 prac\u0119 kopaczom. Cz\u0142onkowie obu grup powinni wspiera\u0107 si\u0119 wzajemnie, kiedy ju\u017c odkryj\u0105, kto jest po ich stronie. Je\u017celi kopacze zdo\u0142aj\u0105 przebi\u0107 tunel do skarbu, otrzymuj\u0105 nagrod\u0119 w postaci bry\u0142ek z\u0142ota, [&hellip;]<\/p>\n","protected":false},"author":3,"featured_media":0,"parent":0,"menu_order":0,"comment_status":"closed","ping_status":"closed","template":"","meta":{"footnotes":""},"class_list":["post-309","page","type-page","status-publish","hentry"],"_links":{"self":[{"href":"https:\/\/cyberwroc.pl\/index.php\/wp-json\/wp\/v2\/pages\/309","targetHints":{"allow":["GET"]}}],"collection":[{"href":"https:\/\/cyberwroc.pl\/index.php\/wp-json\/wp\/v2\/pages"}],"about":[{"href":"https:\/\/cyberwroc.pl\/index.php\/wp-json\/wp\/v2\/types\/page"}],"author":[{"embeddable":true,"href":"https:\/\/cyberwroc.pl\/index.php\/wp-json\/wp\/v2\/users\/3"}],"replies":[{"embeddable":true,"href":"https:\/\/cyberwroc.pl\/index.php\/wp-json\/wp\/v2\/comments?post=309"}],"version-history":[{"count":3,"href":"https:\/\/cyberwroc.pl\/index.php\/wp-json\/wp\/v2\/pages\/309\/revisions"}],"predecessor-version":[{"id":506,"href":"https:\/\/cyberwroc.pl\/index.php\/wp-json\/wp\/v2\/pages\/309\/revisions\/506"}],"wp:attachment":[{"href":"https:\/\/cyberwroc.pl\/index.php\/wp-json\/wp\/v2\/media?parent=309"}],"curies":[{"name":"wp","href":"https:\/\/api.w.org\/{rel}","templated":true}]}}