{"id":313,"date":"2022-10-26T14:59:31","date_gmt":"2022-10-26T12:59:31","guid":{"rendered":"https:\/\/cyberwroc.pl\/?page_id=313"},"modified":"2022-11-09T15:21:47","modified_gmt":"2022-11-09T14:21:47","slug":"sabotazysta-pojedynek","status":"publish","type":"page","link":"https:\/\/cyberwroc.pl\/index.php\/sabotazysta-pojedynek\/","title":{"rendered":"Sabota\u017cysta: Pojedynek"},"content":{"rendered":"\n<div class=\"wp-block-media-text alignwide is-stacked-on-mobile\"><figure class=\"wp-block-media-text__media\"><img decoding=\"async\" src=\"https:\/\/files.rebel.pl\/products\/100\/1281\/_99364\/pojedynek_105250.jpg\" alt=\"\"\/><\/figure><div class=\"wp-block-media-text__content\">\n<p>Kto pod kim do\u0142ki kopie&#8230; Krasnoludy musz\u0105 si\u0119 zdecydowa\u0107, czy buduj\u0105 tunel razem, czy ka\u017cdy&nbsp;z nich b\u0119dzie pr\u00f3bowa\u0142 zrobi\u0107 to na w\u0142asn\u0105 r\u0119k\u0119. W obu przypadkach istnieje mo\u017cliwo\u015b\u0107 zniweczenia plan\u00f3w wsp\u00f3\u0142gracza i zagarni\u0119cia ca\u0142ego z\u0142ota dla siebie! Zepsuty kilof, zwalisko w tunelu lub zamkni\u0119te drzwi &#8211; przebieg\u0142y krasnal zapewni sobie decyduj\u0105c\u0105 przewag\u0119 w walce o z\u0142oto.<\/p>\n\n\n\n<p><br>A je\u015bli pod r\u0119k\u0105 nie ma drugiego kopacza, mo\u017cna spr\u00f3bowa\u0107 swych si\u0142 w&nbsp;<strong>grze jednoosobowej<\/strong>. Czy samemu uda si\u0119 zbudowa\u0107 tunel i omin\u0105\u0107 przy tym wszystkie przeszkody na drodze do z\u0142ota?<\/p>\n<\/div><\/div>\n\n\n\n<p class=\"has-text-align-center has-large-font-size\"><a href=\"http:\/\/aleplanszowki.pl\/pliki\/Sabotazysta_pojedynek_RULES_PL.pdf\"><strong>INSTRUKCJA<\/strong><\/a><\/p>\n","protected":false},"excerpt":{"rendered":"<p>Kto pod kim do\u0142ki kopie&#8230; Krasnoludy musz\u0105 si\u0119 zdecydowa\u0107, czy buduj\u0105 tunel razem, czy ka\u017cdy&nbsp;z nich b\u0119dzie pr\u00f3bowa\u0142 zrobi\u0107 to na w\u0142asn\u0105 r\u0119k\u0119. W obu przypadkach istnieje mo\u017cliwo\u015b\u0107 zniweczenia plan\u00f3w wsp\u00f3\u0142gracza i zagarni\u0119cia ca\u0142ego z\u0142ota dla siebie! Zepsuty kilof, zwalisko w tunelu lub zamkni\u0119te drzwi &#8211; przebieg\u0142y krasnal zapewni sobie decyduj\u0105c\u0105 przewag\u0119 w walce o [&hellip;]<\/p>\n","protected":false},"author":3,"featured_media":0,"parent":0,"menu_order":0,"comment_status":"closed","ping_status":"closed","template":"","meta":{"footnotes":""},"class_list":["post-313","page","type-page","status-publish","hentry"],"_links":{"self":[{"href":"https:\/\/cyberwroc.pl\/index.php\/wp-json\/wp\/v2\/pages\/313","targetHints":{"allow":["GET"]}}],"collection":[{"href":"https:\/\/cyberwroc.pl\/index.php\/wp-json\/wp\/v2\/pages"}],"about":[{"href":"https:\/\/cyberwroc.pl\/index.php\/wp-json\/wp\/v2\/types\/page"}],"author":[{"embeddable":true,"href":"https:\/\/cyberwroc.pl\/index.php\/wp-json\/wp\/v2\/users\/3"}],"replies":[{"embeddable":true,"href":"https:\/\/cyberwroc.pl\/index.php\/wp-json\/wp\/v2\/comments?post=313"}],"version-history":[{"count":3,"href":"https:\/\/cyberwroc.pl\/index.php\/wp-json\/wp\/v2\/pages\/313\/revisions"}],"predecessor-version":[{"id":507,"href":"https:\/\/cyberwroc.pl\/index.php\/wp-json\/wp\/v2\/pages\/313\/revisions\/507"}],"wp:attachment":[{"href":"https:\/\/cyberwroc.pl\/index.php\/wp-json\/wp\/v2\/media?parent=313"}],"curies":[{"name":"wp","href":"https:\/\/api.w.org\/{rel}","templated":true}]}}