{"id":317,"date":"2022-10-26T15:04:37","date_gmt":"2022-10-26T13:04:37","guid":{"rendered":"https:\/\/cyberwroc.pl\/?page_id=317"},"modified":"2022-11-09T15:09:29","modified_gmt":"2022-11-09T14:09:29","slug":"karty-dzentelmenow","status":"publish","type":"page","link":"https:\/\/cyberwroc.pl\/index.php\/karty-dzentelmenow\/","title":{"rendered":"Karty D\u017centelmen\u00f3w"},"content":{"rendered":"\n<div class=\"wp-block-media-text alignwide is-stacked-on-mobile\"><figure class=\"wp-block-media-text__media\"><img decoding=\"async\" src=\"https:\/\/img.tantis.pl\/image\/68c0e2f5-90e9-4331-8583-a0e5b482f4d4\/1024x768\/webp\" alt=\"\"\/><\/figure><div class=\"wp-block-media-text__content\">\n<p><strong>Karty D\u017centelmen\u00f3w<\/strong>&nbsp;to imprezowa gra towarzyska bez kurtuazji i pruderii, za to z ogromn\u0105 dawk\u0105 czarnego humoru. D\u017centelme\u0144skie rozgrywki z pewno\u015bci\u0105 urozmaic\u0105 ka\u017cde spotkanie w gronie b\u0142yskotliwych i obdarzonych niebywa\u0142ym poczuciem humoru os\u00f3b. Nie powinno jej zabrakn\u0105\u0107 na Twojej imprezie!<\/p>\n\n\n\n<p>Produkt posiada przejrzyste zasady, co zach\u0119ci ka\u017cdego do gry i pozwoli szybko wczu\u0107 si\u0119 w atmosfer\u0119 pe\u0142n\u0105 czarnego humoru. Gr\u0105 kieruje prosta mechanika: w ka\u017cdej kolejce \u2013 D\u017centelmen \u2013 zadaje pytanie z Czarnej Karty, a pozostali odpowiadaj\u0105 za pomoc\u0105 swojej najzabawniejszej Bia\u0142ej Karty.<\/p>\n\n\n\n<p>Drugim sposobem wykorzystania gry Karty D\u017centelmen\u00f3w jest tworzenie z jej pomoc\u0105 opowie\u015bci pe\u0142nych czarnego humoru bez cenzury. Podczas gry w&nbsp;<strong>D\u017centelme\u0144skie Opowie\u015bci<\/strong>&nbsp;wszyscy gracze wsp\u00f3lnie tworz\u0105 absurdalne i wci\u0105gaj\u0105ce historie w oparciu o frazy z Bia\u0142ych Kart. Pozw\u00f3lcie si\u0119 zaskoczy\u0107 efektami Waszej kreatywno\u015bci!<\/p>\n<\/div><\/div>\n\n\n\n<p class=\"has-text-align-center has-large-font-size\"><a href=\"https:\/\/kartydzentelmenow.pl\/wp-content\/uploads\/2020\/10\/karty_dzentelmenow_kojar_gra_wercja_bezplatna.pdf\"><strong>INSTRUKCJA<\/strong><\/a><\/p>\n","protected":false},"excerpt":{"rendered":"<p>Karty D\u017centelmen\u00f3w&nbsp;to imprezowa gra towarzyska bez kurtuazji i pruderii, za to z ogromn\u0105 dawk\u0105 czarnego humoru. D\u017centelme\u0144skie rozgrywki z pewno\u015bci\u0105 urozmaic\u0105 ka\u017cde spotkanie w gronie b\u0142yskotliwych i obdarzonych niebywa\u0142ym poczuciem humoru os\u00f3b. Nie powinno jej zabrakn\u0105\u0107 na Twojej imprezie! Produkt posiada przejrzyste zasady, co zach\u0119ci ka\u017cdego do gry i pozwoli szybko wczu\u0107 si\u0119 w atmosfer\u0119 [&hellip;]<\/p>\n","protected":false},"author":3,"featured_media":0,"parent":0,"menu_order":0,"comment_status":"closed","ping_status":"closed","template":"","meta":{"footnotes":""},"class_list":["post-317","page","type-page","status-publish","hentry"],"_links":{"self":[{"href":"https:\/\/cyberwroc.pl\/index.php\/wp-json\/wp\/v2\/pages\/317","targetHints":{"allow":["GET"]}}],"collection":[{"href":"https:\/\/cyberwroc.pl\/index.php\/wp-json\/wp\/v2\/pages"}],"about":[{"href":"https:\/\/cyberwroc.pl\/index.php\/wp-json\/wp\/v2\/types\/page"}],"author":[{"embeddable":true,"href":"https:\/\/cyberwroc.pl\/index.php\/wp-json\/wp\/v2\/users\/3"}],"replies":[{"embeddable":true,"href":"https:\/\/cyberwroc.pl\/index.php\/wp-json\/wp\/v2\/comments?post=317"}],"version-history":[{"count":2,"href":"https:\/\/cyberwroc.pl\/index.php\/wp-json\/wp\/v2\/pages\/317\/revisions"}],"predecessor-version":[{"id":481,"href":"https:\/\/cyberwroc.pl\/index.php\/wp-json\/wp\/v2\/pages\/317\/revisions\/481"}],"wp:attachment":[{"href":"https:\/\/cyberwroc.pl\/index.php\/wp-json\/wp\/v2\/media?parent=317"}],"curies":[{"name":"wp","href":"https:\/\/api.w.org\/{rel}","templated":true}]}}