{"id":325,"date":"2022-10-26T15:14:51","date_gmt":"2022-10-26T13:14:51","guid":{"rendered":"https:\/\/cyberwroc.pl\/?page_id=325"},"modified":"2022-11-09T15:01:38","modified_gmt":"2022-11-09T14:01:38","slug":"alien-artifact","status":"publish","type":"page","link":"https:\/\/cyberwroc.pl\/index.php\/alien-artifact\/","title":{"rendered":"Alien Artifact"},"content":{"rendered":"\n<div class=\"wp-block-media-text alignwide is-stacked-on-mobile\"><figure class=\"wp-block-media-text__media\"><img decoding=\"async\" src=\"https:\/\/portalgames.pl\/portalgames\/pl\/wp-content\/uploads\/2017\/07\/alienartifacts_3d_lores.png\" alt=\"\"\/><\/figure><div class=\"wp-block-media-text__content\">\n<p>Artefakty Obcych&nbsp;to gra z gatunku 4x, w kt\u00f3rej wcielasz si\u0119 w przedstawiciela mi\u0119dzyplanetarnej korporacji, wysy\u0142aj\u0105cej swoje statki badawcze w nieznane regiony kosmosu, by zwi\u0119ksza\u0107 swoj\u0105 wiedz\u0119 i pot\u0119g\u0119. Buduj swoje okr\u0119ty, dokonuj prze\u0142om\u00f3w naukowych, odkrywaj galaktyk\u0119 w poszukiwaniu wszystkiego &#8211; albo ka\u017cdego &#8211; co jeste\u015b w stanie wykorzysta\u0107.<\/p>\n\n\n\n<p>Gra&nbsp;zosta\u0142a zbudowana na mechanice <em>silnika zasob\u00f3w<\/em>. W ka\u017cdej turze pobierasz trzy karty zasob\u00f3w i decydujesz, jak najlepiej je wyda\u0107. Ka\u017cda karta zasobu zawiera dwa r\u00f3\u017cne typy zasob\u00f3w do wykorzystania. Mo\u017cesz wykorzysta\u0107 tylko jeden z tych nich i tylko dwie karty na tur\u0119! Z ich pomoc\u0105 zbudujesz statki, rozwiniesz technologie, odkryjesz planety albo przehandlujesz je na got\u00f3wk\u0119.<\/p>\n\n\n\n<p>Nowe statki pozwol\u0105 Ci atakowa\u0107 obcych i pozyskiwa\u0107 ich cenne artefakty, kt\u00f3re dostarczaj\u0105 znacz\u0105ce bonusy.<\/p>\n\n\n\n<p>Z ka\u017cd\u0105 wynalezion\u0105 technologi\u0105 w Twoim imperium zyskasz dost\u0119p do nowych akcji, bonus\u00f3w i okazji do zdobycia punkt\u00f3w. Ka\u017cda planeta, jak\u0105 odkryjesz, dostarczy cennych zasob\u00f3w do wykorzystania w przysz\u0142o\u015bci.<\/p>\n<\/div><\/div>\n\n\n\n<p class=\"has-text-align-center has-large-font-size\"><a href=\"https:\/\/portalgames.pl\/pl\/wp-content\/uploads\/2017\/09\/artefaktyobcych_rulebook_pl_www.pdf\">INSTRUKCJA<\/a><\/p>\n","protected":false},"excerpt":{"rendered":"<p>Artefakty Obcych&nbsp;to gra z gatunku 4x, w kt\u00f3rej wcielasz si\u0119 w przedstawiciela mi\u0119dzyplanetarnej korporacji, wysy\u0142aj\u0105cej swoje statki badawcze w nieznane regiony kosmosu, by zwi\u0119ksza\u0107 swoj\u0105 wiedz\u0119 i pot\u0119g\u0119. Buduj swoje okr\u0119ty, dokonuj prze\u0142om\u00f3w naukowych, odkrywaj galaktyk\u0119 w poszukiwaniu wszystkiego &#8211; albo ka\u017cdego &#8211; co jeste\u015b w stanie wykorzysta\u0107. Gra&nbsp;zosta\u0142a zbudowana na mechanice silnika zasob\u00f3w. W [&hellip;]<\/p>\n","protected":false},"author":3,"featured_media":0,"parent":0,"menu_order":0,"comment_status":"closed","ping_status":"closed","template":"","meta":{"footnotes":""},"class_list":["post-325","page","type-page","status-publish","hentry"],"_links":{"self":[{"href":"https:\/\/cyberwroc.pl\/index.php\/wp-json\/wp\/v2\/pages\/325","targetHints":{"allow":["GET"]}}],"collection":[{"href":"https:\/\/cyberwroc.pl\/index.php\/wp-json\/wp\/v2\/pages"}],"about":[{"href":"https:\/\/cyberwroc.pl\/index.php\/wp-json\/wp\/v2\/types\/page"}],"author":[{"embeddable":true,"href":"https:\/\/cyberwroc.pl\/index.php\/wp-json\/wp\/v2\/users\/3"}],"replies":[{"embeddable":true,"href":"https:\/\/cyberwroc.pl\/index.php\/wp-json\/wp\/v2\/comments?post=325"}],"version-history":[{"count":2,"href":"https:\/\/cyberwroc.pl\/index.php\/wp-json\/wp\/v2\/pages\/325\/revisions"}],"predecessor-version":[{"id":456,"href":"https:\/\/cyberwroc.pl\/index.php\/wp-json\/wp\/v2\/pages\/325\/revisions\/456"}],"wp:attachment":[{"href":"https:\/\/cyberwroc.pl\/index.php\/wp-json\/wp\/v2\/media?parent=325"}],"curies":[{"name":"wp","href":"https:\/\/api.w.org\/{rel}","templated":true}]}}