{"id":331,"date":"2022-10-26T15:23:06","date_gmt":"2022-10-26T13:23:06","guid":{"rendered":"https:\/\/cyberwroc.pl\/?page_id=331"},"modified":"2022-11-09T15:03:34","modified_gmt":"2022-11-09T14:03:34","slug":"catan-osadnicy-z-catanu","status":"publish","type":"page","link":"https:\/\/cyberwroc.pl\/index.php\/catan-osadnicy-z-catanu\/","title":{"rendered":"Catan: Osadnicy z Catanu"},"content":{"rendered":"\n<div class=\"wp-block-media-text alignwide is-stacked-on-mobile\"><figure class=\"wp-block-media-text__media\"><img decoding=\"async\" src=\"https:\/\/files.rebel.pl\/products\/100\/606\/_2013001\/5902259206972-catan-box.png\" alt=\"\"\/><\/figure><div class=\"wp-block-media-text__content\">\n<p>Gracze s\u0105 osadnikami na niedawno odkrytej wyspie Catan. Ka\u017cdy z nich przewodzi \u015bwie\u017co za\u0142o\u017conej kolonii&nbsp;i rozbudowuje&nbsp;j\u0105 stawiaj\u0105c na dost\u0119pnych obszarach nowe&nbsp;drogi i miasta. Ka\u017cda kolonia&nbsp;zbiera dost\u0119pne&nbsp;dobra naturalne, kt\u00f3re s\u0105 niezb\u0119dne do rozbudowy osiedli.<\/p>\n\n\n\n<p><\/p>\n\n\n\n<p>Gracz musi rozwa\u017cnie stawia\u0107 nowe osiedla i drogi, aby zapewni\u0107 sobie dostateczny, ale zr\u00f3wnowa\u017cony dop\u0142yw zasob\u00f3w, a je\u015bli&nbsp;ma ich nadmiar &#8211; prowadzi\u0107 handel z innymi graczami&nbsp;sprzedaj\u0105c im owce, drewno, ceg\u0142y, zbo\u017ce lub \u017celazo a pozyskuj\u0105c od nich te zasoby, kt\u00f3rych ci\u0105gle&nbsp;mu brakuje.<\/p>\n\n\n\n<p>Pierwszy z graczy, kt\u00f3ry uzyska dziesi\u0119\u0107 punkt\u00f3w z wybudowanych przez siebie dr\u00f3g, osiedli i specjalnych kart &#8211; wygrywa.<\/p>\n<\/div><\/div>\n\n\n\n<p class=\"has-text-align-center has-large-font-size\"><a href=\"https:\/\/graszki.pl\/upload\/graszki\/Instrukcje\/Catan_instrukcja.pdf\">INSTRUKCJA<\/a><\/p>\n","protected":false},"excerpt":{"rendered":"<p>Gracze s\u0105 osadnikami na niedawno odkrytej wyspie Catan. Ka\u017cdy z nich przewodzi \u015bwie\u017co za\u0142o\u017conej kolonii&nbsp;i rozbudowuje&nbsp;j\u0105 stawiaj\u0105c na dost\u0119pnych obszarach nowe&nbsp;drogi i miasta. Ka\u017cda kolonia&nbsp;zbiera dost\u0119pne&nbsp;dobra naturalne, kt\u00f3re s\u0105 niezb\u0119dne do rozbudowy osiedli. Gracz musi rozwa\u017cnie stawia\u0107 nowe osiedla i drogi, aby zapewni\u0107 sobie dostateczny, ale zr\u00f3wnowa\u017cony dop\u0142yw zasob\u00f3w, a je\u015bli&nbsp;ma ich nadmiar &#8211; prowadzi\u0107 [&hellip;]<\/p>\n","protected":false},"author":3,"featured_media":0,"parent":0,"menu_order":0,"comment_status":"closed","ping_status":"closed","template":"","meta":{"footnotes":""},"class_list":["post-331","page","type-page","status-publish","hentry"],"_links":{"self":[{"href":"https:\/\/cyberwroc.pl\/index.php\/wp-json\/wp\/v2\/pages\/331","targetHints":{"allow":["GET"]}}],"collection":[{"href":"https:\/\/cyberwroc.pl\/index.php\/wp-json\/wp\/v2\/pages"}],"about":[{"href":"https:\/\/cyberwroc.pl\/index.php\/wp-json\/wp\/v2\/types\/page"}],"author":[{"embeddable":true,"href":"https:\/\/cyberwroc.pl\/index.php\/wp-json\/wp\/v2\/users\/3"}],"replies":[{"embeddable":true,"href":"https:\/\/cyberwroc.pl\/index.php\/wp-json\/wp\/v2\/comments?post=331"}],"version-history":[{"count":2,"href":"https:\/\/cyberwroc.pl\/index.php\/wp-json\/wp\/v2\/pages\/331\/revisions"}],"predecessor-version":[{"id":461,"href":"https:\/\/cyberwroc.pl\/index.php\/wp-json\/wp\/v2\/pages\/331\/revisions\/461"}],"wp:attachment":[{"href":"https:\/\/cyberwroc.pl\/index.php\/wp-json\/wp\/v2\/media?parent=331"}],"curies":[{"name":"wp","href":"https:\/\/api.w.org\/{rel}","templated":true}]}}