{"id":336,"date":"2022-10-26T15:34:32","date_gmt":"2022-10-26T13:34:32","guid":{"rendered":"https:\/\/cyberwroc.pl\/?page_id=336"},"modified":"2022-11-09T15:11:07","modified_gmt":"2022-11-09T14:11:07","slug":"labyrinth","status":"publish","type":"page","link":"https:\/\/cyberwroc.pl\/index.php\/labyrinth\/","title":{"rendered":"Labyrinth"},"content":{"rendered":"\n<div class=\"wp-block-media-text alignwide is-stacked-on-mobile\"><figure class=\"wp-block-media-text__media\"><img decoding=\"async\" src=\"https:\/\/ecsmedia.pl\/c\/ravensburger-gra-logiczna-labirynth-b-iext110240372.jpg\" alt=\"\"\/><\/figure><div class=\"wp-block-media-text__content\">\n<p>Gracze wyruszaj\u0105 na poszukiwania w zakl\u0119tym labiryncie. Ka\u017cdy gracz umiej\u0119tnie przesuwaj\u0105c \u015bcie\u017cki labiryntu usi\u0142uje dotrze\u0107 do tajemniczych przedmiot\u00f3w i istot. Wygrywa ten, kt\u00f3ry jako pierwszy odkryje wszystkie tajemnice i powr\u00f3ci do punktu wyj\u015bcia. Dotarcie do danego celu nie jest jednak proste, poniewa\u017c uk\u0142ad labiryntu ulega ci\u0105gle zmianom. Zmiany nast\u0119puj\u0105 przez dodanie jednej karty labiryntu w taki spos\u00f3b, aby przesun\u0105\u0107 ca\u0142y, dowolny jeden rz\u0105d kart tworz\u0105cy labirynt. <\/p>\n\n\n\n<p>Tajemnice labiryntu czekaj\u0105 na odkrycie!<\/p>\n<\/div><\/div>\n\n\n\n<p class=\"has-text-align-center has-large-font-size\"><a href=\"https:\/\/blognawolnyczas.blogspot.com\/2015\/02\/tajemnice-labiryntu-labyrinth-w-pogoni.html\"><strong>INSTRUKCJA<\/strong><\/a><\/p>\n","protected":false},"excerpt":{"rendered":"<p>Gracze wyruszaj\u0105 na poszukiwania w zakl\u0119tym labiryncie. Ka\u017cdy gracz umiej\u0119tnie przesuwaj\u0105c \u015bcie\u017cki labiryntu usi\u0142uje dotrze\u0107 do tajemniczych przedmiot\u00f3w i istot. Wygrywa ten, kt\u00f3ry jako pierwszy odkryje wszystkie tajemnice i powr\u00f3ci do punktu wyj\u015bcia. Dotarcie do danego celu nie jest jednak proste, poniewa\u017c uk\u0142ad labiryntu ulega ci\u0105gle zmianom. Zmiany nast\u0119puj\u0105 przez dodanie jednej karty labiryntu w [&hellip;]<\/p>\n","protected":false},"author":3,"featured_media":0,"parent":0,"menu_order":0,"comment_status":"closed","ping_status":"closed","template":"","meta":{"footnotes":""},"class_list":["post-336","page","type-page","status-publish","hentry"],"_links":{"self":[{"href":"https:\/\/cyberwroc.pl\/index.php\/wp-json\/wp\/v2\/pages\/336","targetHints":{"allow":["GET"]}}],"collection":[{"href":"https:\/\/cyberwroc.pl\/index.php\/wp-json\/wp\/v2\/pages"}],"about":[{"href":"https:\/\/cyberwroc.pl\/index.php\/wp-json\/wp\/v2\/types\/page"}],"author":[{"embeddable":true,"href":"https:\/\/cyberwroc.pl\/index.php\/wp-json\/wp\/v2\/users\/3"}],"replies":[{"embeddable":true,"href":"https:\/\/cyberwroc.pl\/index.php\/wp-json\/wp\/v2\/comments?post=336"}],"version-history":[{"count":5,"href":"https:\/\/cyberwroc.pl\/index.php\/wp-json\/wp\/v2\/pages\/336\/revisions"}],"predecessor-version":[{"id":485,"href":"https:\/\/cyberwroc.pl\/index.php\/wp-json\/wp\/v2\/pages\/336\/revisions\/485"}],"wp:attachment":[{"href":"https:\/\/cyberwroc.pl\/index.php\/wp-json\/wp\/v2\/media?parent=336"}],"curies":[{"name":"wp","href":"https:\/\/api.w.org\/{rel}","templated":true}]}}