{"id":340,"date":"2022-12-08T20:36:13","date_gmt":"2022-12-08T19:36:13","guid":{"rendered":"https:\/\/cyberwroc.pl\/?page_id=340"},"modified":"2022-12-08T20:36:13","modified_gmt":"2022-12-08T19:36:13","slug":"ryzyko-gra-o-tron","status":"publish","type":"page","link":"https:\/\/cyberwroc.pl\/index.php\/ryzyko-gra-o-tron\/","title":{"rendered":"Ryzyko: Gra o Tron"},"content":{"rendered":"\n<div class=\"wp-block-media-text alignwide is-stacked-on-mobile\"><figure class=\"wp-block-media-text__media\"><img decoding=\"async\" src=\"https:\/\/sklep-graal.pl\/userdata\/public\/gfx\/19436.jpg\" alt=\"\"\/><\/figure><div class=\"wp-block-media-text__content\">\n<p>We\u017a we w\u0142adanie jedn\u0105 z 5 frakcji znanych z sagi &#8222;Pie\u015bni Lodu i Ognia&#8221; G. R. R. Martina i wyrusz na podb\u00f3j znanego \u015bwiata!<\/p>\n\n\n\n<p>W kr\u00f3lestwach ludzi zapanowa\u0142y wojna i chaos. W Westeros, po \u015bmierci Roberta Baratheona, zabrak\u0142o w\u0142adcy. Rywalizuj\u0105ce wielkie Rody d\u0105\u017c\u0105 wi\u0119c do przej\u0119cia kontroli nad \u017belaznym Tronem. Wciel si\u0119 w dow\u00f3dc\u0119 armii wielkich Rod\u00f3w Stark\u00f3w, Baratheon\u00f3w, Lannister\u00f3w, Tyrell\u00f3w i Martell\u00f3w. Teraz mo\u017cesz stan\u0105\u0107 do walki! Pami\u0119taj, \u017ce tylko przemy\u015blana strategia i umiej\u0119tno\u015bci przyw\u00f3dcze pomog\u0105 Ci w przej\u0119ciu w\u0142adzy nad Westeros!<\/p>\n\n\n\n<p>Ryzyko to klasyczna gra strategiczna, w kt\u00f3rej gracze d\u0105\u017c\u0105 do opanowania globu poprzez supremacj\u0119 militarn\u0105. To ostateczne starcie strategii militarnych w kt\u00f3rym zadaniem jest poprowadzenie swojej piechoty, kawalerii i artylerii do walki o dominacj\u0119 nad \u015bwiatem.<\/p>\n\n\n\n<p>Ryzyko, podobnie jak Monopoly, posiada nieskomplikowane zasady i niesamowit\u0105 grywalno\u015b\u0107 kt\u00f3re czyni\u0105 z tej gry bardzo wci\u0105gaj\u0105c\u0105 rozrywk\u0119 zar\u00f3wno dla planszowych weteran\u00f3w jak i ca\u0142ych rodzin!<\/p>\n<\/div><\/div>\n\n\n\n<p class=\"has-text-align-center\">INSTRUKCJA<\/p>\n","protected":false},"excerpt":{"rendered":"<p>We\u017a we w\u0142adanie jedn\u0105 z 5 frakcji znanych z sagi &#8222;Pie\u015bni Lodu i Ognia&#8221; G. R. R. Martina i wyrusz na podb\u00f3j znanego \u015bwiata! W kr\u00f3lestwach ludzi zapanowa\u0142y wojna i chaos. W Westeros, po \u015bmierci Roberta Baratheona, zabrak\u0142o w\u0142adcy. Rywalizuj\u0105ce wielkie Rody d\u0105\u017c\u0105 wi\u0119c do przej\u0119cia kontroli nad \u017belaznym Tronem. Wciel si\u0119 w dow\u00f3dc\u0119 armii [&hellip;]<\/p>\n","protected":false},"author":3,"featured_media":0,"parent":0,"menu_order":0,"comment_status":"closed","ping_status":"closed","template":"","meta":{"footnotes":""},"class_list":["post-340","page","type-page","status-publish","hentry"],"_links":{"self":[{"href":"https:\/\/cyberwroc.pl\/index.php\/wp-json\/wp\/v2\/pages\/340","targetHints":{"allow":["GET"]}}],"collection":[{"href":"https:\/\/cyberwroc.pl\/index.php\/wp-json\/wp\/v2\/pages"}],"about":[{"href":"https:\/\/cyberwroc.pl\/index.php\/wp-json\/wp\/v2\/types\/page"}],"author":[{"embeddable":true,"href":"https:\/\/cyberwroc.pl\/index.php\/wp-json\/wp\/v2\/users\/3"}],"replies":[{"embeddable":true,"href":"https:\/\/cyberwroc.pl\/index.php\/wp-json\/wp\/v2\/comments?post=340"}],"version-history":[{"count":1,"href":"https:\/\/cyberwroc.pl\/index.php\/wp-json\/wp\/v2\/pages\/340\/revisions"}],"predecessor-version":[{"id":341,"href":"https:\/\/cyberwroc.pl\/index.php\/wp-json\/wp\/v2\/pages\/340\/revisions\/341"}],"wp:attachment":[{"href":"https:\/\/cyberwroc.pl\/index.php\/wp-json\/wp\/v2\/media?parent=340"}],"curies":[{"name":"wp","href":"https:\/\/api.w.org\/{rel}","templated":true}]}}