{"id":346,"date":"2022-10-26T16:16:51","date_gmt":"2022-10-26T14:16:51","guid":{"rendered":"https:\/\/cyberwroc.pl\/?page_id=346"},"modified":"2022-11-09T15:26:21","modified_gmt":"2022-11-09T14:26:21","slug":"vu-du","status":"publish","type":"page","link":"https:\/\/cyberwroc.pl\/index.php\/vu-du\/","title":{"rendered":"VU DU"},"content":{"rendered":"\n<div class=\"wp-block-media-text alignwide is-stacked-on-mobile\"><figure class=\"wp-block-media-text__media\"><img decoding=\"async\" src=\"https:\/\/media.nauticamilanonline.com\/product\/juego-mesa-vudu-800x800.jpg\" alt=\"\"\/><\/figure><div class=\"wp-block-media-text__content\">\n<p>W Vudu wcielisz si\u0119 w czarownika, kt\u00f3ry zbiera sk\u0142adniki do swoich wyszukanych kl\u0105tw. Staniesz si\u0119 adeptem czarnej magii i b\u0119dziesz rzuca\u0107 uroki na swoich przeciwnik\u00f3w, utrudniaj\u0105c im \u017cycie i pilnowa\u0107, by przestrzegali ich skutk\u00f3w \u2013 albo zmierzyli si\u0119 z konsekwencjami. Uwa\u017caj jednak, na najwi\u0119kszych szcz\u0119\u015bciarzy czekaj\u0105 niemi\u0142e niespodzianki od losu\u2026<\/p>\n\n\n\n<p><br>Ka\u017cdy z graczy na pocz\u0105tku tury rzuca pi\u0119cioma specjalnymi ko\u015b\u0107mi, kt\u00f3re definiuj\u0105 jego pul\u0119 sk\u0142adnik\u00f3w. Dzi\u0119ki nim mo\u017ce rzuci\u0107 na wybranego gracza jedn\u0105 z kart Kl\u0105tw z r\u0119ki, lub dobra\u0107 dodatkowe karty w zamian za cz\u0119\u015b\u0107 ko\u015bci. Zawsze ma te\u017c opcj\u0119 od\u0142o\u017cenia jednej z kostek i przerzucenia pozosta\u0142ych. Pami\u0119taj jednak o Artefaktach, kt\u00f3re mog\u0105 nagle zmieni\u0107 oblicze gry.<\/p>\n\n\n\n<p><br>Podejmuj szybkie decyzje, dobrze oceniaj swoje szanse i zdobywaj punkty za udane zagrania kl\u0105tw. Otrzymasz je te\u017c, je\u015bli kto\u015b zapomni przestrzega\u0107 swoich kar\u2026 Wi\u0119c pilnuj swoich ofiar!<\/p>\n<\/div><\/div>\n\n\n\n<p class=\"has-text-align-center has-large-font-size\"><a href=\"https:\/\/blackmonk.pl\/MATERIALY\/VuDu_Instrukcja.pdf\"><strong>INSTRUKCJA<\/strong><\/a><\/p>\n","protected":false},"excerpt":{"rendered":"<p>W Vudu wcielisz si\u0119 w czarownika, kt\u00f3ry zbiera sk\u0142adniki do swoich wyszukanych kl\u0105tw. Staniesz si\u0119 adeptem czarnej magii i b\u0119dziesz rzuca\u0107 uroki na swoich przeciwnik\u00f3w, utrudniaj\u0105c im \u017cycie i pilnowa\u0107, by przestrzegali ich skutk\u00f3w \u2013 albo zmierzyli si\u0119 z konsekwencjami. Uwa\u017caj jednak, na najwi\u0119kszych szcz\u0119\u015bciarzy czekaj\u0105 niemi\u0142e niespodzianki od losu\u2026 Ka\u017cdy z graczy na pocz\u0105tku [&hellip;]<\/p>\n","protected":false},"author":3,"featured_media":0,"parent":0,"menu_order":0,"comment_status":"closed","ping_status":"closed","template":"","meta":{"footnotes":""},"class_list":["post-346","page","type-page","status-publish","hentry"],"_links":{"self":[{"href":"https:\/\/cyberwroc.pl\/index.php\/wp-json\/wp\/v2\/pages\/346","targetHints":{"allow":["GET"]}}],"collection":[{"href":"https:\/\/cyberwroc.pl\/index.php\/wp-json\/wp\/v2\/pages"}],"about":[{"href":"https:\/\/cyberwroc.pl\/index.php\/wp-json\/wp\/v2\/types\/page"}],"author":[{"embeddable":true,"href":"https:\/\/cyberwroc.pl\/index.php\/wp-json\/wp\/v2\/users\/3"}],"replies":[{"embeddable":true,"href":"https:\/\/cyberwroc.pl\/index.php\/wp-json\/wp\/v2\/comments?post=346"}],"version-history":[{"count":3,"href":"https:\/\/cyberwroc.pl\/index.php\/wp-json\/wp\/v2\/pages\/346\/revisions"}],"predecessor-version":[{"id":529,"href":"https:\/\/cyberwroc.pl\/index.php\/wp-json\/wp\/v2\/pages\/346\/revisions\/529"}],"wp:attachment":[{"href":"https:\/\/cyberwroc.pl\/index.php\/wp-json\/wp\/v2\/media?parent=346"}],"curies":[{"name":"wp","href":"https:\/\/api.w.org\/{rel}","templated":true}]}}