{"id":357,"date":"2022-10-26T16:30:22","date_gmt":"2022-10-26T14:30:22","guid":{"rendered":"https:\/\/cyberwroc.pl\/?page_id=357"},"modified":"2022-11-09T15:25:43","modified_gmt":"2022-11-09T14:25:43","slug":"trivial-pursuit-harry-potter","status":"publish","type":"page","link":"https:\/\/cyberwroc.pl\/index.php\/trivial-pursuit-harry-potter\/","title":{"rendered":"Trivial Pursuit: Harry Potter"},"content":{"rendered":"\n<div class=\"wp-block-media-text alignwide is-stacked-on-mobile\"><figure class=\"wp-block-media-text__media\"><img decoding=\"async\" src=\"https:\/\/files.rebel.pl\/products\/106\/1645\/5290\/_110442\/HP_Trivial-Pursuit_CardsCaseTokenChees-Copy.jpg\" alt=\"\"\/><\/figure><div class=\"wp-block-media-text__content\">\n<p>Trivial Pursuit: Harry Potter w wersji kieszonkowej zawiera 600 pyta\u0144 opartych na filmach z przygodami Harry\u2019ego Pottera. Niekt\u00f3re z nich mog\u0105 by\u0107 wyzwaniem nawet dla najm\u0105drzejszych czarodziej\u00f3w!&nbsp;Gra w por\u0119cznej formie nie wymaga planszy i mo\u017cna zabra\u0107 j\u0105 ze sob\u0105 wsz\u0119dzie.<\/p>\n\n\n\n<p>Sprawd\u017a swoj\u0105 wiedz\u0119 w dziedzinach takich jak Czarna Magia, Hogwart, Zakl\u0119cia i eliksiry czy Magiczne Stworzenia!<\/p>\n<\/div><\/div>\n\n\n\n<p class=\"has-text-align-center has-large-font-size\"><a href=\"https:\/\/blognawolnyczas.blogspot.com\/2018\/07\/trival-pursuit-harry-potter-co-ty-wiesz.html\"><strong>INSTRUKCJA<\/strong><\/a><\/p>\n","protected":false},"excerpt":{"rendered":"<p>Trivial Pursuit: Harry Potter w wersji kieszonkowej zawiera 600 pyta\u0144 opartych na filmach z przygodami Harry\u2019ego Pottera. Niekt\u00f3re z nich mog\u0105 by\u0107 wyzwaniem nawet dla najm\u0105drzejszych czarodziej\u00f3w!&nbsp;Gra w por\u0119cznej formie nie wymaga planszy i mo\u017cna zabra\u0107 j\u0105 ze sob\u0105 wsz\u0119dzie. Sprawd\u017a swoj\u0105 wiedz\u0119 w dziedzinach takich jak Czarna Magia, Hogwart, Zakl\u0119cia i eliksiry czy Magiczne [&hellip;]<\/p>\n","protected":false},"author":3,"featured_media":0,"parent":0,"menu_order":0,"comment_status":"closed","ping_status":"closed","template":"","meta":{"footnotes":""},"class_list":["post-357","page","type-page","status-publish","hentry"],"_links":{"self":[{"href":"https:\/\/cyberwroc.pl\/index.php\/wp-json\/wp\/v2\/pages\/357","targetHints":{"allow":["GET"]}}],"collection":[{"href":"https:\/\/cyberwroc.pl\/index.php\/wp-json\/wp\/v2\/pages"}],"about":[{"href":"https:\/\/cyberwroc.pl\/index.php\/wp-json\/wp\/v2\/types\/page"}],"author":[{"embeddable":true,"href":"https:\/\/cyberwroc.pl\/index.php\/wp-json\/wp\/v2\/users\/3"}],"replies":[{"embeddable":true,"href":"https:\/\/cyberwroc.pl\/index.php\/wp-json\/wp\/v2\/comments?post=357"}],"version-history":[{"count":3,"href":"https:\/\/cyberwroc.pl\/index.php\/wp-json\/wp\/v2\/pages\/357\/revisions"}],"predecessor-version":[{"id":526,"href":"https:\/\/cyberwroc.pl\/index.php\/wp-json\/wp\/v2\/pages\/357\/revisions\/526"}],"wp:attachment":[{"href":"https:\/\/cyberwroc.pl\/index.php\/wp-json\/wp\/v2\/media?parent=357"}],"curies":[{"name":"wp","href":"https:\/\/api.w.org\/{rel}","templated":true}]}}