{"id":359,"date":"2022-10-26T16:35:17","date_gmt":"2022-10-26T14:35:17","guid":{"rendered":"https:\/\/cyberwroc.pl\/?page_id=359"},"modified":"2022-10-26T16:35:17","modified_gmt":"2022-10-26T14:35:17","slug":"zupa-z-karaluchami","status":"publish","type":"page","link":"https:\/\/cyberwroc.pl\/index.php\/zupa-z-karaluchami\/","title":{"rendered":"Zupa z karaluchami"},"content":{"rendered":"\n<div class=\"wp-block-media-text alignwide is-stacked-on-mobile\"><figure class=\"wp-block-media-text__media\"><img decoding=\"async\" src=\"https:\/\/www.toys4boys.pl\/4547-thickbox_default\/gra-karciana-z-insektami-zupa-z-karaluchami.jpg\" alt=\"\"\/><\/figure><div class=\"wp-block-media-text__content\">\n<p>Doskona\u0142a gra imprezowa, kt\u00f3ra dostarcza wiele \u015bmiechu i emocji. Celem gry jest ugotowanie zupy z warzyw, do kt\u00f3rych zakrad\u0142y si\u0119 karaluchy. Gracze musz\u0105 si\u0119 spieszy\u0107 i bardzo szybko wyrzuca\u0107 karty z r\u0119ki, a nast\u0119pnie w\u0142a\u015bciwie nazywa\u0107 warzywa, kt\u00f3re znajd\u0105 si\u0119 na g\u00f3rze kupki. Jest r\u00f3wnie\u017c mo\u017cliwo\u015b\u0107 siorbni\u0119cia zupy w odpowiednim momencie (np. kiedy na szczycie kart pojawi si\u0119 karaluch). W przypadku pomy\u0142ki, gracz zbiera wszystkie karty z kupki. <\/p>\n\n\n\n<p><\/p>\n\n\n\n<p>Celem gry jest pozbycie si\u0119 wszystkich kart z r\u0119ki. W edycji Zupa z karaluch\u00f3w pojawiaj\u0105 si\u0119 nowe sk\u0142adniki: por, marchewka, papryczka i grzyby.<\/p>\n<\/div><\/div>\n\n\n\n<p class=\"has-text-align-center\"><\/p>\n","protected":false},"excerpt":{"rendered":"<p>Doskona\u0142a gra imprezowa, kt\u00f3ra dostarcza wiele \u015bmiechu i emocji. Celem gry jest ugotowanie zupy z warzyw, do kt\u00f3rych zakrad\u0142y si\u0119 karaluchy. Gracze musz\u0105 si\u0119 spieszy\u0107 i bardzo szybko wyrzuca\u0107 karty z r\u0119ki, a nast\u0119pnie w\u0142a\u015bciwie nazywa\u0107 warzywa, kt\u00f3re znajd\u0105 si\u0119 na g\u00f3rze kupki. Jest r\u00f3wnie\u017c mo\u017cliwo\u015b\u0107 siorbni\u0119cia zupy w odpowiednim momencie (np. kiedy na szczycie [&hellip;]<\/p>\n","protected":false},"author":3,"featured_media":0,"parent":0,"menu_order":0,"comment_status":"closed","ping_status":"closed","template":"","meta":{"footnotes":""},"class_list":["post-359","page","type-page","status-publish","hentry"],"_links":{"self":[{"href":"https:\/\/cyberwroc.pl\/index.php\/wp-json\/wp\/v2\/pages\/359","targetHints":{"allow":["GET"]}}],"collection":[{"href":"https:\/\/cyberwroc.pl\/index.php\/wp-json\/wp\/v2\/pages"}],"about":[{"href":"https:\/\/cyberwroc.pl\/index.php\/wp-json\/wp\/v2\/types\/page"}],"author":[{"embeddable":true,"href":"https:\/\/cyberwroc.pl\/index.php\/wp-json\/wp\/v2\/users\/3"}],"replies":[{"embeddable":true,"href":"https:\/\/cyberwroc.pl\/index.php\/wp-json\/wp\/v2\/comments?post=359"}],"version-history":[{"count":1,"href":"https:\/\/cyberwroc.pl\/index.php\/wp-json\/wp\/v2\/pages\/359\/revisions"}],"predecessor-version":[{"id":360,"href":"https:\/\/cyberwroc.pl\/index.php\/wp-json\/wp\/v2\/pages\/359\/revisions\/360"}],"wp:attachment":[{"href":"https:\/\/cyberwroc.pl\/index.php\/wp-json\/wp\/v2\/media?parent=359"}],"curies":[{"name":"wp","href":"https:\/\/api.w.org\/{rel}","templated":true}]}}