{"id":361,"date":"2022-10-26T16:39:39","date_gmt":"2022-10-26T14:39:39","guid":{"rendered":"https:\/\/cyberwroc.pl\/?page_id=361"},"modified":"2022-11-09T15:07:25","modified_gmt":"2022-11-09T14:07:25","slug":"fasolki","status":"publish","type":"page","link":"https:\/\/cyberwroc.pl\/index.php\/fasolki\/","title":{"rendered":"Fasolki"},"content":{"rendered":"\n<div class=\"wp-block-media-text alignwide is-stacked-on-mobile\"><figure class=\"wp-block-media-text__media\"><img decoding=\"async\" src=\"https:\/\/granaczas.pl\/images\/fasolkizdjecie.44614.800x0.jpeg\" alt=\"\"\/><\/figure><div class=\"wp-block-media-text__content\">\n<p>Ka\u017cdy z graczy handluje fasolkami, kt\u00f3re wyhodowa\u0142 na swoich polach uprawnych, chc\u0105c je sprzeda\u0107 po jak najbardziej korzystnych cenach. To sedno zabawy! Im wi\u0119cej fasolek jednego gatunku b\u0119dzie mia\u0142 na swoim polu, tym wi\u0119cej z\u0142otych monet za nie otrzyma. <\/p>\n\n\n\n<p>Niestety, niejednokrotnie gracz jest zmuszony sprzeda\u0107 swoje fasolki wcze\u015bniej ni\u017c by chcia\u0142, a czasem nawet zbiera swoje plony nie otrzymuj\u0105c za nie ani grosza! Celem gry jest zebranie jak najwi\u0119kszej ilo\u015bci z\u0142otych monet dzi\u0119ki umiej\u0119tnej hodowli i przemy\u015blanym wymianom.<\/p>\n<\/div><\/div>\n\n\n\n<p class=\"has-text-align-center has-large-font-size\"><a href=\"https:\/\/graszki.pl\/upload\/graszki\/Instrukcje\/Fasolki_PL_RULES_2015.pdf\"><strong>INSTRUKCJA<\/strong><\/a><\/p>\n","protected":false},"excerpt":{"rendered":"<p>Ka\u017cdy z graczy handluje fasolkami, kt\u00f3re wyhodowa\u0142 na swoich polach uprawnych, chc\u0105c je sprzeda\u0107 po jak najbardziej korzystnych cenach. To sedno zabawy! Im wi\u0119cej fasolek jednego gatunku b\u0119dzie mia\u0142 na swoim polu, tym wi\u0119cej z\u0142otych monet za nie otrzyma. Niestety, niejednokrotnie gracz jest zmuszony sprzeda\u0107 swoje fasolki wcze\u015bniej ni\u017c by chcia\u0142, a czasem nawet zbiera [&hellip;]<\/p>\n","protected":false},"author":3,"featured_media":0,"parent":0,"menu_order":0,"comment_status":"closed","ping_status":"closed","template":"","meta":{"footnotes":""},"class_list":["post-361","page","type-page","status-publish","hentry"],"_links":{"self":[{"href":"https:\/\/cyberwroc.pl\/index.php\/wp-json\/wp\/v2\/pages\/361","targetHints":{"allow":["GET"]}}],"collection":[{"href":"https:\/\/cyberwroc.pl\/index.php\/wp-json\/wp\/v2\/pages"}],"about":[{"href":"https:\/\/cyberwroc.pl\/index.php\/wp-json\/wp\/v2\/types\/page"}],"author":[{"embeddable":true,"href":"https:\/\/cyberwroc.pl\/index.php\/wp-json\/wp\/v2\/users\/3"}],"replies":[{"embeddable":true,"href":"https:\/\/cyberwroc.pl\/index.php\/wp-json\/wp\/v2\/comments?post=361"}],"version-history":[{"count":2,"href":"https:\/\/cyberwroc.pl\/index.php\/wp-json\/wp\/v2\/pages\/361\/revisions"}],"predecessor-version":[{"id":472,"href":"https:\/\/cyberwroc.pl\/index.php\/wp-json\/wp\/v2\/pages\/361\/revisions\/472"}],"wp:attachment":[{"href":"https:\/\/cyberwroc.pl\/index.php\/wp-json\/wp\/v2\/media?parent=361"}],"curies":[{"name":"wp","href":"https:\/\/api.w.org\/{rel}","templated":true}]}}