{"id":365,"date":"2022-10-26T16:45:41","date_gmt":"2022-10-26T14:45:41","guid":{"rendered":"https:\/\/cyberwroc.pl\/?page_id=365"},"modified":"2022-11-09T15:22:38","modified_gmt":"2022-11-09T14:22:38","slug":"story-cubes","status":"publish","type":"page","link":"https:\/\/cyberwroc.pl\/index.php\/story-cubes\/","title":{"rendered":"Story Cubes"},"content":{"rendered":"\n<div class=\"wp-block-media-text alignwide is-stacked-on-mobile\"><figure class=\"wp-block-media-text__media\"><img decoding=\"async\" src=\"https:\/\/img.smyk.com\/https:\/\/beta-cdn.smyk.com\/media\/product\/1600\/1\/rebel-story-cubes-gra-towarzyska-5673693.jpg\" alt=\"\"\/><\/figure><div class=\"wp-block-media-text__content\">\n<p>Oto prosta w za\u0142o\u017ceniach i jednocze\u015bnie genialna gra, kt\u00f3ra dostarczy Wam wiele rado\u015bci, stanowi\u0105c przy tym doskona\u0142y trening pomys\u0142owo\u015bci i wyobra\u017ani. Story Cubes to 9 estetycznie wykonanych, sze\u015bciennych kostek, z kt\u00f3rych ka\u017cda zawiera na \u015bciankach odmienny zestaw ilustracji inspiruj\u0105cych do tworzenia w\u0142asnych, oryginalnych opowie\u015bci!<\/p>\n\n\n\n<p>W zestawie podstawowym znajdziesz ko\u015bci z uniwersalnymi symbolami nawi\u0105zuj\u0105cymi do \u017cycia codziennego.<\/p>\n<\/div><\/div>\n\n\n\n<p class=\"has-text-align-center has-large-font-size\"><a href=\"https:\/\/www.storycubes.com\/pl\/jak-grac\/\"><strong>INSTRUKCJA<\/strong><\/a><\/p>\n","protected":false},"excerpt":{"rendered":"<p>Oto prosta w za\u0142o\u017ceniach i jednocze\u015bnie genialna gra, kt\u00f3ra dostarczy Wam wiele rado\u015bci, stanowi\u0105c przy tym doskona\u0142y trening pomys\u0142owo\u015bci i wyobra\u017ani. Story Cubes to 9 estetycznie wykonanych, sze\u015bciennych kostek, z kt\u00f3rych ka\u017cda zawiera na \u015bciankach odmienny zestaw ilustracji inspiruj\u0105cych do tworzenia w\u0142asnych, oryginalnych opowie\u015bci! W zestawie podstawowym znajdziesz ko\u015bci z uniwersalnymi symbolami nawi\u0105zuj\u0105cymi do \u017cycia [&hellip;]<\/p>\n","protected":false},"author":3,"featured_media":0,"parent":0,"menu_order":0,"comment_status":"closed","ping_status":"closed","template":"","meta":{"footnotes":""},"class_list":["post-365","page","type-page","status-publish","hentry"],"_links":{"self":[{"href":"https:\/\/cyberwroc.pl\/index.php\/wp-json\/wp\/v2\/pages\/365","targetHints":{"allow":["GET"]}}],"collection":[{"href":"https:\/\/cyberwroc.pl\/index.php\/wp-json\/wp\/v2\/pages"}],"about":[{"href":"https:\/\/cyberwroc.pl\/index.php\/wp-json\/wp\/v2\/types\/page"}],"author":[{"embeddable":true,"href":"https:\/\/cyberwroc.pl\/index.php\/wp-json\/wp\/v2\/users\/3"}],"replies":[{"embeddable":true,"href":"https:\/\/cyberwroc.pl\/index.php\/wp-json\/wp\/v2\/comments?post=365"}],"version-history":[{"count":2,"href":"https:\/\/cyberwroc.pl\/index.php\/wp-json\/wp\/v2\/pages\/365\/revisions"}],"predecessor-version":[{"id":512,"href":"https:\/\/cyberwroc.pl\/index.php\/wp-json\/wp\/v2\/pages\/365\/revisions\/512"}],"wp:attachment":[{"href":"https:\/\/cyberwroc.pl\/index.php\/wp-json\/wp\/v2\/media?parent=365"}],"curies":[{"name":"wp","href":"https:\/\/api.w.org\/{rel}","templated":true}]}}