{"id":368,"date":"2022-10-26T16:49:16","date_gmt":"2022-10-26T14:49:16","guid":{"rendered":"https:\/\/cyberwroc.pl\/?page_id=368"},"modified":"2022-11-09T15:22:24","modified_gmt":"2022-11-09T14:22:24","slug":"spiskowcy","status":"publish","type":"page","link":"https:\/\/cyberwroc.pl\/index.php\/spiskowcy\/","title":{"rendered":"Spiskowcy"},"content":{"rendered":"\n<div class=\"wp-block-media-text alignwide is-stacked-on-mobile\"><figure class=\"wp-block-media-text__media\"><img decoding=\"async\" src=\"https:\/\/ecsmedia.pl\/c\/portal-games-gra-spiskowcy-b-iext110229841.jpg\" alt=\"\"\/><\/figure><div class=\"wp-block-media-text__content\">\n<p>Spiskowcy to gra, kt\u00f3ra trwa 8 rund. W trakcie gry od 2 do 4 graczy b\u0119dziecie toczy\u0107 walk\u0119 o wp\u0142ywy polityczne w \u015bwiecie pe\u0142nym intryg i bezprecedensowych star\u0107. <\/p>\n\n\n\n<p>W ka\u017cdej rundzie gracze b\u0119d\u0105 wybiera\u0107 i zagrywa\u0107 w tym samym momencie karty z wybranego przez siebie rodu. Karty te pozwalaj\u0105 na u\u017cycie specjalnych akcji przypisanych do rodziny. Ka\u017cda kolejna zagrana karta tego samego typu zwi\u0119ksza nasze wp\u0142ywy i przybli\u017ca nas do zdobycia punkt\u00f3w na ko\u0144cu gry za wsparcie od konkretnego rodu. A zdobywanie go jest kluczem do sukcesu.<\/p>\n<\/div><\/div>\n\n\n\n<p class=\"has-text-align-center has-large-font-size\"><a href=\"https:\/\/www.dropbox.com\/s\/tebocia4wakovik\/spiskowcy_rules_www.pdf?dl=1%20target=\"><strong>INSTRUKCJA<\/strong><\/a><\/p>\n","protected":false},"excerpt":{"rendered":"<p>Spiskowcy to gra, kt\u00f3ra trwa 8 rund. W trakcie gry od 2 do 4 graczy b\u0119dziecie toczy\u0107 walk\u0119 o wp\u0142ywy polityczne w \u015bwiecie pe\u0142nym intryg i bezprecedensowych star\u0107. W ka\u017cdej rundzie gracze b\u0119d\u0105 wybiera\u0107 i zagrywa\u0107 w tym samym momencie karty z wybranego przez siebie rodu. Karty te pozwalaj\u0105 na u\u017cycie specjalnych akcji przypisanych do [&hellip;]<\/p>\n","protected":false},"author":3,"featured_media":0,"parent":0,"menu_order":0,"comment_status":"closed","ping_status":"closed","template":"","meta":{"footnotes":""},"class_list":["post-368","page","type-page","status-publish","hentry"],"_links":{"self":[{"href":"https:\/\/cyberwroc.pl\/index.php\/wp-json\/wp\/v2\/pages\/368","targetHints":{"allow":["GET"]}}],"collection":[{"href":"https:\/\/cyberwroc.pl\/index.php\/wp-json\/wp\/v2\/pages"}],"about":[{"href":"https:\/\/cyberwroc.pl\/index.php\/wp-json\/wp\/v2\/types\/page"}],"author":[{"embeddable":true,"href":"https:\/\/cyberwroc.pl\/index.php\/wp-json\/wp\/v2\/users\/3"}],"replies":[{"embeddable":true,"href":"https:\/\/cyberwroc.pl\/index.php\/wp-json\/wp\/v2\/comments?post=368"}],"version-history":[{"count":2,"href":"https:\/\/cyberwroc.pl\/index.php\/wp-json\/wp\/v2\/pages\/368\/revisions"}],"predecessor-version":[{"id":510,"href":"https:\/\/cyberwroc.pl\/index.php\/wp-json\/wp\/v2\/pages\/368\/revisions\/510"}],"wp:attachment":[{"href":"https:\/\/cyberwroc.pl\/index.php\/wp-json\/wp\/v2\/media?parent=368"}],"curies":[{"name":"wp","href":"https:\/\/api.w.org\/{rel}","templated":true}]}}