{"id":378,"date":"2022-10-26T17:07:19","date_gmt":"2022-10-26T15:07:19","guid":{"rendered":"https:\/\/cyberwroc.pl\/?page_id=378"},"modified":"2022-11-09T15:12:26","modified_gmt":"2022-11-09T14:12:26","slug":"maskarada","status":"publish","type":"page","link":"https:\/\/cyberwroc.pl\/index.php\/maskarada\/","title":{"rendered":"Maskarada"},"content":{"rendered":"\n<div class=\"wp-block-media-text alignwide is-stacked-on-mobile\"><figure class=\"wp-block-media-text__media\"><img decoding=\"async\" src=\"https:\/\/files.rebel.pl\/products\/100\/1010\/_26734\/maskarada_cover.jpg\" alt=\"\"\/><\/figure><div class=\"wp-block-media-text__content\">\n<p>Rozgrywka obfituje w rozmaite zwroty akcji, sytuacj\u0119 trzeba \u015bledzi\u0107 na bie\u017c\u0105co obserwuj\u0105c kto jest kim. Gdy wszyscy &#8222;za\u0142o\u017c\u0105 maski&#8221; rozpocznie si\u0119 bal, prawdziwa maskarada, w kt\u00f3rej wygra najprzebieglejszy!<\/p>\n\n\n\n<p>Naszym celem jest zdobycie 13 monet poprzez sprytne wykorzystanie umiej\u0119tno\u015bci postaci. Podczas gry postacie posiadane przez graczy s\u0105 zakryte, u\u017cywaj\u0105c akcji mo\u017cna si\u0119 nimi wymienia\u0107, podgl\u0105da\u0107 je, albo pr\u00f3bowa\u0107 podszy\u0107 si\u0119 pod jak\u0105\u015b posta\u0107, co pozwoli nam wykona\u0107 jej akcj\u0119. <\/p>\n\n\n\n<p>Ale musimy by\u0107 ostro\u017cni, gdy\u017c og\u0142osiwszy si\u0119 kr\u00f3lem (niekoniecznie nim b\u0119d\u0105c) inny gracz, b\u0105d\u017a kilku innych graczy, tak\u017ce mo\u017ce samozwa\u0144czo powiedzie\u0107 &#8222;to ja jestem kr\u00f3lem!&#8221;. Gdy taki konflikt nast\u0105pi wszyscy bior\u0105cy w nim udzia\u0142 gracze musz\u0105 ods\u0142oni\u0107 swoje karty i tylko ten, kt\u00f3ry rzeczywi\u015bcie jest kr\u00f3lem (o ile jest taki!) otrzymuje jego przywileje, reszta musi ponie\u015b\u0107 kar\u0119.<\/p>\n<\/div><\/div>\n\n\n\n<p class=\"has-text-align-center has-large-font-size\"><a href=\"https:\/\/www.wydawnictworebel.pl\/repository\/files\/instrukcje\/Maskarada\/mascarade_rules_pl.pdf\"><strong>INSTRUKCJA<\/strong><\/a><\/p>\n","protected":false},"excerpt":{"rendered":"<p>Rozgrywka obfituje w rozmaite zwroty akcji, sytuacj\u0119 trzeba \u015bledzi\u0107 na bie\u017c\u0105co obserwuj\u0105c kto jest kim. Gdy wszyscy &#8222;za\u0142o\u017c\u0105 maski&#8221; rozpocznie si\u0119 bal, prawdziwa maskarada, w kt\u00f3rej wygra najprzebieglejszy! Naszym celem jest zdobycie 13 monet poprzez sprytne wykorzystanie umiej\u0119tno\u015bci postaci. Podczas gry postacie posiadane przez graczy s\u0105 zakryte, u\u017cywaj\u0105c akcji mo\u017cna si\u0119 nimi wymienia\u0107, podgl\u0105da\u0107 je, [&hellip;]<\/p>\n","protected":false},"author":3,"featured_media":0,"parent":0,"menu_order":0,"comment_status":"closed","ping_status":"closed","template":"","meta":{"footnotes":""},"class_list":["post-378","page","type-page","status-publish","hentry"],"_links":{"self":[{"href":"https:\/\/cyberwroc.pl\/index.php\/wp-json\/wp\/v2\/pages\/378","targetHints":{"allow":["GET"]}}],"collection":[{"href":"https:\/\/cyberwroc.pl\/index.php\/wp-json\/wp\/v2\/pages"}],"about":[{"href":"https:\/\/cyberwroc.pl\/index.php\/wp-json\/wp\/v2\/types\/page"}],"author":[{"embeddable":true,"href":"https:\/\/cyberwroc.pl\/index.php\/wp-json\/wp\/v2\/users\/3"}],"replies":[{"embeddable":true,"href":"https:\/\/cyberwroc.pl\/index.php\/wp-json\/wp\/v2\/comments?post=378"}],"version-history":[{"count":2,"href":"https:\/\/cyberwroc.pl\/index.php\/wp-json\/wp\/v2\/pages\/378\/revisions"}],"predecessor-version":[{"id":490,"href":"https:\/\/cyberwroc.pl\/index.php\/wp-json\/wp\/v2\/pages\/378\/revisions\/490"}],"wp:attachment":[{"href":"https:\/\/cyberwroc.pl\/index.php\/wp-json\/wp\/v2\/media?parent=378"}],"curies":[{"name":"wp","href":"https:\/\/api.w.org\/{rel}","templated":true}]}}