{"id":380,"date":"2022-10-26T17:09:44","date_gmt":"2022-10-26T15:09:44","guid":{"rendered":"https:\/\/cyberwroc.pl\/?page_id=380"},"modified":"2022-11-09T15:14:14","modified_gmt":"2022-11-09T14:14:14","slug":"miszmasz","status":"publish","type":"page","link":"https:\/\/cyberwroc.pl\/index.php\/miszmasz\/","title":{"rendered":"Miszmasz!"},"content":{"rendered":"\n<div class=\"wp-block-media-text alignwide is-stacked-on-mobile\"><figure class=\"wp-block-media-text__media\"><img decoding=\"async\" src=\"https:\/\/files.rebel.pl\/products\/100\/1203\/_105489\/box_3d-1200x900-ffffff.jpg\" alt=\"\"\/><\/figure><div class=\"wp-block-media-text__content\">\n<p>Miszmasz! to niesamowicie dynamiczna gra imprezowa, za kt\u00f3rej powstanie odpowiada Thomas Vuarchex.<\/p>\n\n\n\n<p>Naszym celem jest zebranie pi\u0119ciu par identycznych kart. Pocz\u0105tkowo z \u0142atwo\u015bci\u0105 znajdujemy pasuj\u0105ce wzory. Jednak z czasem wy\u0142o\u017conych kart jest coraz wi\u0119cej, a \u017ce wszystkie one bior\u0105 udzia\u0142 w grze, to przygl\u0105damy si\u0119 sto\u0142owi z rosn\u0105cym skupieniem i napi\u0119ciem!<\/p>\n<\/div><\/div>\n\n\n\n<p class=\"has-text-align-center has-large-font-size\"><a href=\"https:\/\/www.wydawnictworebel.pl\/repository\/files\/instrukcje\/Miszmasz-Gramy-Instrukcja-PL.pdf\"><strong>INSTRUKCJA<\/strong><\/a><\/p>\n","protected":false},"excerpt":{"rendered":"<p>Miszmasz! to niesamowicie dynamiczna gra imprezowa, za kt\u00f3rej powstanie odpowiada Thomas Vuarchex. Naszym celem jest zebranie pi\u0119ciu par identycznych kart. Pocz\u0105tkowo z \u0142atwo\u015bci\u0105 znajdujemy pasuj\u0105ce wzory. Jednak z czasem wy\u0142o\u017conych kart jest coraz wi\u0119cej, a \u017ce wszystkie one bior\u0105 udzia\u0142 w grze, to przygl\u0105damy si\u0119 sto\u0142owi z rosn\u0105cym skupieniem i napi\u0119ciem! INSTRUKCJA<\/p>\n","protected":false},"author":3,"featured_media":0,"parent":0,"menu_order":0,"comment_status":"closed","ping_status":"closed","template":"","meta":{"footnotes":""},"class_list":["post-380","page","type-page","status-publish","hentry"],"_links":{"self":[{"href":"https:\/\/cyberwroc.pl\/index.php\/wp-json\/wp\/v2\/pages\/380","targetHints":{"allow":["GET"]}}],"collection":[{"href":"https:\/\/cyberwroc.pl\/index.php\/wp-json\/wp\/v2\/pages"}],"about":[{"href":"https:\/\/cyberwroc.pl\/index.php\/wp-json\/wp\/v2\/types\/page"}],"author":[{"embeddable":true,"href":"https:\/\/cyberwroc.pl\/index.php\/wp-json\/wp\/v2\/users\/3"}],"replies":[{"embeddable":true,"href":"https:\/\/cyberwroc.pl\/index.php\/wp-json\/wp\/v2\/comments?post=380"}],"version-history":[{"count":3,"href":"https:\/\/cyberwroc.pl\/index.php\/wp-json\/wp\/v2\/pages\/380\/revisions"}],"predecessor-version":[{"id":492,"href":"https:\/\/cyberwroc.pl\/index.php\/wp-json\/wp\/v2\/pages\/380\/revisions\/492"}],"wp:attachment":[{"href":"https:\/\/cyberwroc.pl\/index.php\/wp-json\/wp\/v2\/media?parent=380"}],"curies":[{"name":"wp","href":"https:\/\/api.w.org\/{rel}","templated":true}]}}