{"id":383,"date":"2022-10-26T17:12:52","date_gmt":"2022-10-26T15:12:52","guid":{"rendered":"https:\/\/cyberwroc.pl\/?page_id=383"},"modified":"2022-11-09T15:08:18","modified_gmt":"2022-11-09T14:08:18","slug":"guns-steel","status":"publish","type":"page","link":"https:\/\/cyberwroc.pl\/index.php\/guns-steel\/","title":{"rendered":"Guns &#038; Steel"},"content":{"rendered":"\n<div class=\"wp-block-media-text alignwide is-stacked-on-mobile\"><figure class=\"wp-block-media-text__media\"><img decoding=\"async\" src=\"https:\/\/1.bp.blogspot.com\/-xHr_15c_s7w\/WuyayyIsDtI\/AAAAAAAAZ9c\/jqLy4LW0v9QF3BxQhljtFna5SrSQ96fGACLcBGAs\/s1600\/guns.jpg\" alt=\"\"\/><\/figure><div class=\"wp-block-media-text__content\">\n<p>Gra karciana &#8222;Guns &amp; Steel. Historia ludzko\u015bci&#8221; postawi ci\u0119 w roli przyw\u00f3dcy dbaj\u0105cego o rozw\u00f3j cywilizacyjny podleg\u0142ych mu ludzi. Podejmuj znacz\u0105ce decyzje. Sprawnie zarz\u0105dzaj dost\u0119pnymi zasobami, a nast\u0119pnie przy ich pomocy zakupuj technologie, dzi\u0119ki kt\u00f3rym zyskasz przewag\u0119 nad oponentami.<br>Obserwuj rozw\u00f3j swojego pa\u0144stwa przez kolejne ery rozwoju ludzko\u015bci od pocz\u0105tk\u00f3w rolnictwa po loty kosmiczne. Czy postawisz na si\u0142\u0119 militarn\u0105? Spo\u0142ecze\u0144stwo oparte na produkcji? A mo\u017ce zadziwisz przeciwnik\u00f3w budowanymi przez siebie cudami, kt\u00f3re rozs\u0142awi\u0105 twoje imi\u0119 na ca\u0142y \u015bwiat?<\/p>\n\n\n\n<p>&#8222;Guns &amp; Steel. Historia ludzko\u015bci&#8221; to nied\u0142uga gra karciana, kt\u00f3ra oferuje z jednej strony prostot\u0119 regu\u0142, z drugiej za\u015b wybory, zale\u017cno\u015bci i interakcj\u0119 mi\u0119dzy graczami. Zawiera blisko 100 pi\u0119knie zilustrowanych kart, reprezentuj\u0105cych kamienie milowe rozwoju na Ziemi, takie jak In\u017cynieria, Handel zamorski, Kinematografia czy Prasa. <\/p>\n<\/div><\/div>\n\n\n\n<p class=\"has-text-align-center has-large-font-size\"><a href=\"https:\/\/portalgames.pl\/portalgames\/pl\/wp-content\/uploads\/2017\/06\/PL_GunsSteel_RULES_net-1.pdf\"><strong>INSTRUKCJA<\/strong><\/a><\/p>\n","protected":false},"excerpt":{"rendered":"<p>Gra karciana &#8222;Guns &amp; Steel. Historia ludzko\u015bci&#8221; postawi ci\u0119 w roli przyw\u00f3dcy dbaj\u0105cego o rozw\u00f3j cywilizacyjny podleg\u0142ych mu ludzi. Podejmuj znacz\u0105ce decyzje. Sprawnie zarz\u0105dzaj dost\u0119pnymi zasobami, a nast\u0119pnie przy ich pomocy zakupuj technologie, dzi\u0119ki kt\u00f3rym zyskasz przewag\u0119 nad oponentami.Obserwuj rozw\u00f3j swojego pa\u0144stwa przez kolejne ery rozwoju ludzko\u015bci od pocz\u0105tk\u00f3w rolnictwa po loty kosmiczne. Czy postawisz [&hellip;]<\/p>\n","protected":false},"author":3,"featured_media":0,"parent":0,"menu_order":0,"comment_status":"closed","ping_status":"closed","template":"","meta":{"footnotes":""},"class_list":["post-383","page","type-page","status-publish","hentry"],"_links":{"self":[{"href":"https:\/\/cyberwroc.pl\/index.php\/wp-json\/wp\/v2\/pages\/383","targetHints":{"allow":["GET"]}}],"collection":[{"href":"https:\/\/cyberwroc.pl\/index.php\/wp-json\/wp\/v2\/pages"}],"about":[{"href":"https:\/\/cyberwroc.pl\/index.php\/wp-json\/wp\/v2\/types\/page"}],"author":[{"embeddable":true,"href":"https:\/\/cyberwroc.pl\/index.php\/wp-json\/wp\/v2\/users\/3"}],"replies":[{"embeddable":true,"href":"https:\/\/cyberwroc.pl\/index.php\/wp-json\/wp\/v2\/comments?post=383"}],"version-history":[{"count":2,"href":"https:\/\/cyberwroc.pl\/index.php\/wp-json\/wp\/v2\/pages\/383\/revisions"}],"predecessor-version":[{"id":475,"href":"https:\/\/cyberwroc.pl\/index.php\/wp-json\/wp\/v2\/pages\/383\/revisions\/475"}],"wp:attachment":[{"href":"https:\/\/cyberwroc.pl\/index.php\/wp-json\/wp\/v2\/media?parent=383"}],"curies":[{"name":"wp","href":"https:\/\/api.w.org\/{rel}","templated":true}]}}