{"id":387,"date":"2022-10-26T17:18:29","date_gmt":"2022-10-26T15:18:29","guid":{"rendered":"https:\/\/cyberwroc.pl\/?page_id=387"},"modified":"2022-11-09T15:26:29","modified_gmt":"2022-11-09T14:26:29","slug":"wilkolaki","status":"publish","type":"page","link":"https:\/\/cyberwroc.pl\/index.php\/wilkolaki\/","title":{"rendered":"Wilko\u0142aki"},"content":{"rendered":"\n<div class=\"wp-block-media-text alignwide is-stacked-on-mobile\"><figure class=\"wp-block-media-text__media\"><img decoding=\"async\" src=\"https:\/\/boardtime.pl\/wp-content\/uploads\/2017\/07\/wilkolaki.jpg\" alt=\"\"\/><\/figure><div class=\"wp-block-media-text__content\">\n<p>Bez narratora. Bez eliminacji. Uzale\u017cnia. Dziesi\u0119ciominutowa gra, kt\u00f3ra przyci\u0105gnie Ci\u0119 na d\u0142uuuuugo!<\/p>\n\n\n\n<p>Wilko\u0142aki to szybka gra, przy kt\u00f3rej mo\u017ce bawi\u0107 si\u0119 od trzech do nawet dziesi\u0119ciu graczy. W trakcie gry wcielicie si\u0119 w przebieg\u0142e Wilko\u0142aki, zdradliwego Intryganta, pomocnego Jasnowidza, czy jedn\u0105 z wielu innych postaci.<\/p>\n\n\n\n<p>Jako mieszka\u0144cy wsi macie tylko jedn\u0105 noc, aby odnale\u017a\u0107 Wilko\u0142aki i wygna\u0107 cho\u0107 jednego z nich. Je\u015bli Wam&nbsp;si\u0119 to uda, wygracie.<\/p>\n\n\n\n<p>Gra jest tak szybka i wci\u0105gaj\u0105ca, \u017ce wiecz\u00f3r nigdy nie sko\u0144czy si\u0119 na pojedynczej rozgrywce. Ka\u017cda nast\u0119pna partia b\u0119dzie jeszcze ciekawsza!<\/p>\n<\/div><\/div>\n\n\n\n<p class=\"has-text-align-center has-large-font-size\"><a href=\"https:\/\/www.mediaexpert.pl\/products\/files\/39\/3902422\/instrukcja-obslugi-ravensburger-wilkolaki-pelnia-ksiezyca-27284.pdf\"><strong>INSTRUKCJA<\/strong><\/a><\/p>\n","protected":false},"excerpt":{"rendered":"<p>Bez narratora. Bez eliminacji. Uzale\u017cnia. Dziesi\u0119ciominutowa gra, kt\u00f3ra przyci\u0105gnie Ci\u0119 na d\u0142uuuuugo! Wilko\u0142aki to szybka gra, przy kt\u00f3rej mo\u017ce bawi\u0107 si\u0119 od trzech do nawet dziesi\u0119ciu graczy. W trakcie gry wcielicie si\u0119 w przebieg\u0142e Wilko\u0142aki, zdradliwego Intryganta, pomocnego Jasnowidza, czy jedn\u0105 z wielu innych postaci. Jako mieszka\u0144cy wsi macie tylko jedn\u0105 noc, aby odnale\u017a\u0107 Wilko\u0142aki [&hellip;]<\/p>\n","protected":false},"author":3,"featured_media":0,"parent":0,"menu_order":0,"comment_status":"closed","ping_status":"closed","template":"","meta":{"footnotes":""},"class_list":["post-387","page","type-page","status-publish","hentry"],"_links":{"self":[{"href":"https:\/\/cyberwroc.pl\/index.php\/wp-json\/wp\/v2\/pages\/387","targetHints":{"allow":["GET"]}}],"collection":[{"href":"https:\/\/cyberwroc.pl\/index.php\/wp-json\/wp\/v2\/pages"}],"about":[{"href":"https:\/\/cyberwroc.pl\/index.php\/wp-json\/wp\/v2\/types\/page"}],"author":[{"embeddable":true,"href":"https:\/\/cyberwroc.pl\/index.php\/wp-json\/wp\/v2\/users\/3"}],"replies":[{"embeddable":true,"href":"https:\/\/cyberwroc.pl\/index.php\/wp-json\/wp\/v2\/comments?post=387"}],"version-history":[{"count":2,"href":"https:\/\/cyberwroc.pl\/index.php\/wp-json\/wp\/v2\/pages\/387\/revisions"}],"predecessor-version":[{"id":530,"href":"https:\/\/cyberwroc.pl\/index.php\/wp-json\/wp\/v2\/pages\/387\/revisions\/530"}],"wp:attachment":[{"href":"https:\/\/cyberwroc.pl\/index.php\/wp-json\/wp\/v2\/media?parent=387"}],"curies":[{"name":"wp","href":"https:\/\/api.w.org\/{rel}","templated":true}]}}