{"id":389,"date":"2022-10-26T17:20:32","date_gmt":"2022-10-26T15:20:32","guid":{"rendered":"https:\/\/cyberwroc.pl\/?page_id=389"},"modified":"2022-11-09T15:23:19","modified_gmt":"2022-11-09T14:23:19","slug":"swiatowy-konflikt","status":"publish","type":"page","link":"https:\/\/cyberwroc.pl\/index.php\/swiatowy-konflikt\/","title":{"rendered":"\u015awiatowy konflikt"},"content":{"rendered":"\n<div class=\"wp-block-media-text alignwide is-stacked-on-mobile\"><figure class=\"wp-block-media-text__media\"><img decoding=\"async\" src=\"https:\/\/ecsmedia.pl\/c\/foxgames-gra-towarzyska-swiatowy-konflikt-b-iext99896783.jpg\" alt=\"\"\/><\/figure><div class=\"wp-block-media-text__content\">\n<p>Prezentowana gra to walka o wp\u0142ywy, pieni\u0105dze i w\u0142adz\u0119! Akcja toczy si\u0119 na granicy rosyjskiej i zachodniej strefy wp\u0142yw\u00f3w. Gracze s\u0105 lokalnymi politykami staraj\u0105cymi si\u0119 si\u0119gn\u0105\u0107 po w\u0142adz\u0119. Aby to osi\u0105gn\u0105\u0107, musz\u0105 skutecznie wykorzysta\u0107 swoje wp\u0142ywy w kraju i za granic\u0105.<\/p>\n\n\n\n<p>Wygra najbardziej wp\u0142ywowy polityk!<\/p>\n<\/div><\/div>\n\n\n\n<p class=\"has-text-align-center has-large-font-size\"><a href=\"http:\/\/foxgames.pl\/wp-content\/uploads\/2014\/10\/Instrukcja-gry-%C5%9Awiatowy-konflikt.pdf\"><strong>INSTRUKCJA<\/strong><\/a><\/p>\n","protected":false},"excerpt":{"rendered":"<p>Prezentowana gra to walka o wp\u0142ywy, pieni\u0105dze i w\u0142adz\u0119! Akcja toczy si\u0119 na granicy rosyjskiej i zachodniej strefy wp\u0142yw\u00f3w. Gracze s\u0105 lokalnymi politykami staraj\u0105cymi si\u0119 si\u0119gn\u0105\u0107 po w\u0142adz\u0119. Aby to osi\u0105gn\u0105\u0107, musz\u0105 skutecznie wykorzysta\u0107 swoje wp\u0142ywy w kraju i za granic\u0105. Wygra najbardziej wp\u0142ywowy polityk! INSTRUKCJA<\/p>\n","protected":false},"author":3,"featured_media":0,"parent":0,"menu_order":0,"comment_status":"closed","ping_status":"closed","template":"","meta":{"footnotes":""},"class_list":["post-389","page","type-page","status-publish","hentry"],"_links":{"self":[{"href":"https:\/\/cyberwroc.pl\/index.php\/wp-json\/wp\/v2\/pages\/389","targetHints":{"allow":["GET"]}}],"collection":[{"href":"https:\/\/cyberwroc.pl\/index.php\/wp-json\/wp\/v2\/pages"}],"about":[{"href":"https:\/\/cyberwroc.pl\/index.php\/wp-json\/wp\/v2\/types\/page"}],"author":[{"embeddable":true,"href":"https:\/\/cyberwroc.pl\/index.php\/wp-json\/wp\/v2\/users\/3"}],"replies":[{"embeddable":true,"href":"https:\/\/cyberwroc.pl\/index.php\/wp-json\/wp\/v2\/comments?post=389"}],"version-history":[{"count":2,"href":"https:\/\/cyberwroc.pl\/index.php\/wp-json\/wp\/v2\/pages\/389\/revisions"}],"predecessor-version":[{"id":514,"href":"https:\/\/cyberwroc.pl\/index.php\/wp-json\/wp\/v2\/pages\/389\/revisions\/514"}],"wp:attachment":[{"href":"https:\/\/cyberwroc.pl\/index.php\/wp-json\/wp\/v2\/media?parent=389"}],"curies":[{"name":"wp","href":"https:\/\/api.w.org\/{rel}","templated":true}]}}