{"id":392,"date":"2022-10-26T17:41:25","date_gmt":"2022-10-26T15:41:25","guid":{"rendered":"https:\/\/cyberwroc.pl\/?page_id=392"},"modified":"2022-11-09T15:08:35","modified_gmt":"2022-11-09T14:08:35","slug":"hook","status":"publish","type":"page","link":"https:\/\/cyberwroc.pl\/index.php\/hook\/","title":{"rendered":"Hook!"},"content":{"rendered":"\n<div class=\"wp-block-media-text alignwide is-stacked-on-mobile\"><figure class=\"wp-block-media-text__media\"><img decoding=\"async\" src=\"https:\/\/strefamtg.pl\/33288-large_default\/hook-pl-.jpg\" alt=\"\"\/><\/figure><div class=\"wp-block-media-text__content\">\n<p>Kiedy ocean jest spokojny, a statki pirackie stoj\u0105 bez ruchu w wodzie, zar\u00f3wno piraci, jak i marynarze zwykli sp\u0119dza\u0107 czas na uwielbianej przez nich wszystkich grze zr\u0119czno\u015bciowej. Zabawa polega na strzelaniu do siebie z armat, kt\u00f3re przy okazji po\u0142\u0105czone jest z \u0142apaniem jak najwi\u0119kszej liczby przestraszonych papug.<br>Wszyscy jednak dobrze wiemy, \u017ce najwi\u0119kszym postrachem m\u00f3rz i ocean\u00f3w jest Czarny Pirat. Czy jeste\u015b piratem, czy marynarzem \u2013 on zawsze czyha w\u0142a\u015bnie na ciebie.<br>Podczas walki mo\u017cesz chowa\u0107 si\u0119 za beczkami lub w pustych klatkach. Aby ul\u017cy\u0107 sobie w b\u00f3lu zadanym przez armatnie kule, mo\u017cesz \u0142ykn\u0105\u0107 buteleczk\u0119 rumu. Bez wzgl\u0119du na to, ile guz\u00f3w i siniak\u00f3w zdob\u0119dziesz w trakcie gry, na jej koniec wa\u017cne b\u0119dzie tylko to, aby\u015b posiada\u0142 jak najwi\u0119cej papug&#8230;<\/p>\n\n\n\n<p>Ahoj! Piraci na horyzoncie!<\/p>\n<\/div><\/div>\n\n\n\n<p class=\"has-text-align-center has-large-font-size\"><a href=\"https:\/\/www.lacerta.pl\/repozytorium-plikow\/download\/27-hook\/47-hook-instrukcja\"><strong>INSTRUKCJA<\/strong><\/a><\/p>\n","protected":false},"excerpt":{"rendered":"<p>Kiedy ocean jest spokojny, a statki pirackie stoj\u0105 bez ruchu w wodzie, zar\u00f3wno piraci, jak i marynarze zwykli sp\u0119dza\u0107 czas na uwielbianej przez nich wszystkich grze zr\u0119czno\u015bciowej. Zabawa polega na strzelaniu do siebie z armat, kt\u00f3re przy okazji po\u0142\u0105czone jest z \u0142apaniem jak najwi\u0119kszej liczby przestraszonych papug.Wszyscy jednak dobrze wiemy, \u017ce najwi\u0119kszym postrachem m\u00f3rz i [&hellip;]<\/p>\n","protected":false},"author":3,"featured_media":0,"parent":0,"menu_order":0,"comment_status":"closed","ping_status":"closed","template":"","meta":{"footnotes":""},"class_list":["post-392","page","type-page","status-publish","hentry"],"_links":{"self":[{"href":"https:\/\/cyberwroc.pl\/index.php\/wp-json\/wp\/v2\/pages\/392","targetHints":{"allow":["GET"]}}],"collection":[{"href":"https:\/\/cyberwroc.pl\/index.php\/wp-json\/wp\/v2\/pages"}],"about":[{"href":"https:\/\/cyberwroc.pl\/index.php\/wp-json\/wp\/v2\/types\/page"}],"author":[{"embeddable":true,"href":"https:\/\/cyberwroc.pl\/index.php\/wp-json\/wp\/v2\/users\/3"}],"replies":[{"embeddable":true,"href":"https:\/\/cyberwroc.pl\/index.php\/wp-json\/wp\/v2\/comments?post=392"}],"version-history":[{"count":3,"href":"https:\/\/cyberwroc.pl\/index.php\/wp-json\/wp\/v2\/pages\/392\/revisions"}],"predecessor-version":[{"id":556,"href":"https:\/\/cyberwroc.pl\/index.php\/wp-json\/wp\/v2\/pages\/392\/revisions\/556"}],"wp:attachment":[{"href":"https:\/\/cyberwroc.pl\/index.php\/wp-json\/wp\/v2\/media?parent=392"}],"curies":[{"name":"wp","href":"https:\/\/api.w.org\/{rel}","templated":true}]}}