{"id":394,"date":"2022-10-26T17:49:08","date_gmt":"2022-10-26T15:49:08","guid":{"rendered":"https:\/\/cyberwroc.pl\/?page_id=394"},"modified":"2022-11-09T15:25:11","modified_gmt":"2022-11-09T14:25:11","slug":"tak-mroczny-wladco","status":"publish","type":"page","link":"https:\/\/cyberwroc.pl\/index.php\/tak-mroczny-wladco\/","title":{"rendered":"Tak, mroczny w\u0142adco"},"content":{"rendered":"\n<div class=\"wp-block-media-text alignwide is-stacked-on-mobile\"><figure class=\"wp-block-media-text__media\"><img decoding=\"async\" src=\"https:\/\/www.moriongames.pl\/images\/Gry_karciane_niekolekcjonerskie\/watermark\/wpx_a421779bf8ac838236f1da45dab6b304.jpg\" alt=\"\"\/><\/figure><div class=\"wp-block-media-text__content\">\n<p>Tak, Mroczny W\u0142adco! to zabawna, imprezowa, narracyjna gra karciana osadzona w \u015bwiecie gry Kragmortha i komiksu Rigor Mortis, w kt\u00f3rej gracze wcielaj\u0105 si\u0119 w postaci z\u0142ych goblin\u00f3w, kt\u00f3re musz\u0105 wyt\u0142umaczy\u0107 si\u0119 swojemu Mrocznemu W\u0142adcy z zawalonej misji i unikn\u0105\u0107 jego gniewu.<\/p>\n<\/div><\/div>\n\n\n\n<p class=\"has-text-align-center has-large-font-size\"><a href=\"https:\/\/malash.znadplanszy.pl\/2015\/07\/10\/tak-mroczny-wladco\/\"><strong>INSTRUKCJA<\/strong><\/a><\/p>\n","protected":false},"excerpt":{"rendered":"<p>Tak, Mroczny W\u0142adco! to zabawna, imprezowa, narracyjna gra karciana osadzona w \u015bwiecie gry Kragmortha i komiksu Rigor Mortis, w kt\u00f3rej gracze wcielaj\u0105 si\u0119 w postaci z\u0142ych goblin\u00f3w, kt\u00f3re musz\u0105 wyt\u0142umaczy\u0107 si\u0119 swojemu Mrocznemu W\u0142adcy z zawalonej misji i unikn\u0105\u0107 jego gniewu. INSTRUKCJA<\/p>\n","protected":false},"author":3,"featured_media":0,"parent":0,"menu_order":0,"comment_status":"closed","ping_status":"closed","template":"","meta":{"footnotes":""},"class_list":["post-394","page","type-page","status-publish","hentry"],"_links":{"self":[{"href":"https:\/\/cyberwroc.pl\/index.php\/wp-json\/wp\/v2\/pages\/394","targetHints":{"allow":["GET"]}}],"collection":[{"href":"https:\/\/cyberwroc.pl\/index.php\/wp-json\/wp\/v2\/pages"}],"about":[{"href":"https:\/\/cyberwroc.pl\/index.php\/wp-json\/wp\/v2\/types\/page"}],"author":[{"embeddable":true,"href":"https:\/\/cyberwroc.pl\/index.php\/wp-json\/wp\/v2\/users\/3"}],"replies":[{"embeddable":true,"href":"https:\/\/cyberwroc.pl\/index.php\/wp-json\/wp\/v2\/comments?post=394"}],"version-history":[{"count":2,"href":"https:\/\/cyberwroc.pl\/index.php\/wp-json\/wp\/v2\/pages\/394\/revisions"}],"predecessor-version":[{"id":521,"href":"https:\/\/cyberwroc.pl\/index.php\/wp-json\/wp\/v2\/pages\/394\/revisions\/521"}],"wp:attachment":[{"href":"https:\/\/cyberwroc.pl\/index.php\/wp-json\/wp\/v2\/media?parent=394"}],"curies":[{"name":"wp","href":"https:\/\/api.w.org\/{rel}","templated":true}]}}