{"id":397,"date":"2022-10-26T17:52:53","date_gmt":"2022-10-26T15:52:53","guid":{"rendered":"https:\/\/cyberwroc.pl\/?page_id=397"},"modified":"2022-11-09T15:02:06","modified_gmt":"2022-11-09T14:02:06","slug":"avalon","status":"publish","type":"page","link":"https:\/\/cyberwroc.pl\/index.php\/avalon\/","title":{"rendered":"Avalon"},"content":{"rendered":"\n<div class=\"wp-block-media-text alignwide is-stacked-on-mobile\"><figure class=\"wp-block-media-text__media\"><img decoding=\"async\" src=\"https:\/\/ecsmedia.pl\/c\/gra-karciana-avalon-rycerze-krola-artura-b-iext120167038.jpg\" alt=\"\"\/><\/figure><div class=\"wp-block-media-text__content\">\n<p>Wciel si\u0119 w role Merlina, Lancelota, Morgany, Mordreda i innych postaci z legend arturia\u0144skich. Szukaj sojusznik\u00f3w i odkrywaj to\u017csamo\u015b\u0107 zdrajc\u00f3w w niezwyk\u0142ej grze karcianej.<\/p>\n\n\n\n<p><br>Gracze realizuj\u0105 misje, lecz tylko cz\u0119\u015bci z nich zale\u017cy na ich powodzeniu. Pozostali to poplecznicy Mordreda. Snuj\u0105c swe mroczne intrygi, pr\u00f3buj\u0105 doprowadzi\u0107 do fiaska dru\u017cyny.<br>Spiski, blef, dedukcja i \u017cywio\u0142owe negocjacje czyni\u0105 t\u0119 gr\u0119 zupe\u0142nie niepowtarzaln\u0105, emocjonuj\u0105c\u0105 do ostatniej chwili.<br>Wkrocz w krain\u0119 legend\u2026<br>i nie ufaj nikomu!<\/p>\n<\/div><\/div>\n\n\n\n<p class=\"has-text-align-center has-large-font-size\"><a href=\"https:\/\/files.rebel.pl\/files\/instrukcje\/avalon_instrukcja.pdf\">INSTRUKCJA<\/a><\/p>\n","protected":false},"excerpt":{"rendered":"<p>Wciel si\u0119 w role Merlina, Lancelota, Morgany, Mordreda i innych postaci z legend arturia\u0144skich. Szukaj sojusznik\u00f3w i odkrywaj to\u017csamo\u015b\u0107 zdrajc\u00f3w w niezwyk\u0142ej grze karcianej. Gracze realizuj\u0105 misje, lecz tylko cz\u0119\u015bci z nich zale\u017cy na ich powodzeniu. Pozostali to poplecznicy Mordreda. Snuj\u0105c swe mroczne intrygi, pr\u00f3buj\u0105 doprowadzi\u0107 do fiaska dru\u017cyny.Spiski, blef, dedukcja i \u017cywio\u0142owe negocjacje czyni\u0105 [&hellip;]<\/p>\n","protected":false},"author":3,"featured_media":0,"parent":0,"menu_order":0,"comment_status":"closed","ping_status":"closed","template":"","meta":{"footnotes":""},"class_list":["post-397","page","type-page","status-publish","hentry"],"_links":{"self":[{"href":"https:\/\/cyberwroc.pl\/index.php\/wp-json\/wp\/v2\/pages\/397","targetHints":{"allow":["GET"]}}],"collection":[{"href":"https:\/\/cyberwroc.pl\/index.php\/wp-json\/wp\/v2\/pages"}],"about":[{"href":"https:\/\/cyberwroc.pl\/index.php\/wp-json\/wp\/v2\/types\/page"}],"author":[{"embeddable":true,"href":"https:\/\/cyberwroc.pl\/index.php\/wp-json\/wp\/v2\/users\/3"}],"replies":[{"embeddable":true,"href":"https:\/\/cyberwroc.pl\/index.php\/wp-json\/wp\/v2\/comments?post=397"}],"version-history":[{"count":2,"href":"https:\/\/cyberwroc.pl\/index.php\/wp-json\/wp\/v2\/pages\/397\/revisions"}],"predecessor-version":[{"id":458,"href":"https:\/\/cyberwroc.pl\/index.php\/wp-json\/wp\/v2\/pages\/397\/revisions\/458"}],"wp:attachment":[{"href":"https:\/\/cyberwroc.pl\/index.php\/wp-json\/wp\/v2\/media?parent=397"}],"curies":[{"name":"wp","href":"https:\/\/api.w.org\/{rel}","templated":true}]}}