{"id":399,"date":"2022-10-26T17:54:50","date_gmt":"2022-10-26T15:54:50","guid":{"rendered":"https:\/\/cyberwroc.pl\/?page_id=399"},"modified":"2022-11-09T15:03:12","modified_gmt":"2022-11-09T14:03:12","slug":"boss-monster","status":"publish","type":"page","link":"https:\/\/cyberwroc.pl\/index.php\/boss-monster\/","title":{"rendered":"Boss Monster"},"content":{"rendered":"\n<div class=\"wp-block-media-text alignwide is-stacked-on-mobile\"><figure class=\"wp-block-media-text__media\"><img decoding=\"async\" src=\"https:\/\/files.rebel.pl\/products\/100\/302\/_98361\/Muduko-boss-monster-pudelko.jpg\" alt=\"\"\/><\/figure><div class=\"wp-block-media-text__content\">\n<p>Boss Monster&nbsp;to samodzielna gra karciana, kt\u00f3ra rzuca graczy w wir niezwyk\u0142ych przyg\u00f3d. Maj\u0105 zmieni\u0107 si\u0119 w z\u0142oczy\u0144c\u00f3w rodem z gier wideo i zbudowa\u0107 zab\u00f3jcze podziemia. Gracze rywalizuj\u0105 staraj\u0105c si\u0119 zwabi\u0107 i zniszczy\u0107 jak najwi\u0119ksz\u0105 liczb\u0119 poszukiwaczy przyg\u00f3d. <\/p>\n\n\n\n<p>Ale uwaga! Musz\u0105 stworzy\u0107 podziemia tyle\u017c atrakcyjne, co \u015bmierciono\u015bne, inaczej s\u0142abowici bohaterowie gotowi ich pozabija\u0107!<\/p>\n<\/div><\/div>\n\n\n\n<p class=\"has-text-align-center has-large-font-size\"><a href=\"https:\/\/repository.rebel.pl\/files\/instrukcje\/Boss%20Monster_instrukcja.pdf\">INSTRUKCJA<\/a><\/p>\n","protected":false},"excerpt":{"rendered":"<p>Boss Monster&nbsp;to samodzielna gra karciana, kt\u00f3ra rzuca graczy w wir niezwyk\u0142ych przyg\u00f3d. Maj\u0105 zmieni\u0107 si\u0119 w z\u0142oczy\u0144c\u00f3w rodem z gier wideo i zbudowa\u0107 zab\u00f3jcze podziemia. Gracze rywalizuj\u0105 staraj\u0105c si\u0119 zwabi\u0107 i zniszczy\u0107 jak najwi\u0119ksz\u0105 liczb\u0119 poszukiwaczy przyg\u00f3d. Ale uwaga! Musz\u0105 stworzy\u0107 podziemia tyle\u017c atrakcyjne, co \u015bmierciono\u015bne, inaczej s\u0142abowici bohaterowie gotowi ich pozabija\u0107! INSTRUKCJA<\/p>\n","protected":false},"author":3,"featured_media":0,"parent":0,"menu_order":0,"comment_status":"closed","ping_status":"closed","template":"","meta":{"footnotes":""},"class_list":["post-399","page","type-page","status-publish","hentry"],"_links":{"self":[{"href":"https:\/\/cyberwroc.pl\/index.php\/wp-json\/wp\/v2\/pages\/399","targetHints":{"allow":["GET"]}}],"collection":[{"href":"https:\/\/cyberwroc.pl\/index.php\/wp-json\/wp\/v2\/pages"}],"about":[{"href":"https:\/\/cyberwroc.pl\/index.php\/wp-json\/wp\/v2\/types\/page"}],"author":[{"embeddable":true,"href":"https:\/\/cyberwroc.pl\/index.php\/wp-json\/wp\/v2\/users\/3"}],"replies":[{"embeddable":true,"href":"https:\/\/cyberwroc.pl\/index.php\/wp-json\/wp\/v2\/comments?post=399"}],"version-history":[{"count":2,"href":"https:\/\/cyberwroc.pl\/index.php\/wp-json\/wp\/v2\/pages\/399\/revisions"}],"predecessor-version":[{"id":460,"href":"https:\/\/cyberwroc.pl\/index.php\/wp-json\/wp\/v2\/pages\/399\/revisions\/460"}],"wp:attachment":[{"href":"https:\/\/cyberwroc.pl\/index.php\/wp-json\/wp\/v2\/media?parent=399"}],"curies":[{"name":"wp","href":"https:\/\/api.w.org\/{rel}","templated":true}]}}