{"id":407,"date":"2022-10-26T18:01:34","date_gmt":"2022-10-26T16:01:34","guid":{"rendered":"https:\/\/cyberwroc.pl\/?page_id=407"},"modified":"2022-11-09T15:25:19","modified_gmt":"2022-11-09T14:25:19","slug":"the-resistance","status":"publish","type":"page","link":"https:\/\/cyberwroc.pl\/index.php\/the-resistance\/","title":{"rendered":"The Resistance"},"content":{"rendered":"\n<div class=\"wp-block-media-text alignwide is-stacked-on-mobile\"><figure class=\"wp-block-media-text__media\"><img decoding=\"async\" src=\"https:\/\/sklep.portalgames.pl\/environment\/cache\/images\/500_500_productGfx_3262\/3dresistance.png\" alt=\"\"\/><\/figure><div class=\"wp-block-media-text__content\">\n<p><em>Czy zdo\u0142asz domy\u015bli\u0107 si\u0119, kto z zebranych jest Agentem?<\/em><\/p>\n\n\n\n<p>Gra karciana&nbsp;The Resistance&nbsp;to polska edycja jednego z najwi\u0119kszych przeboj\u00f3w na targach gier w Essen 2010. To nowatorska wariacja na temat znanej w Polsce gry Mafia \u2013 wariacja bez eliminacji graczy, z czasem rozgrywki oko\u0142o 30 minut z mo\u017cliwo\u015bci\u0105 gry od 5 do 10 graczy!<\/p>\n\n\n\n<p><\/p>\n\n\n\n<p>The Resistance to \u015bwietna gra na ka\u017cd\u0105 okazj\u0119, pozwala bawi\u0107 si\u0119 w szerokim gronie znajomych, oferuje olbrzymi\u0105 dawk\u0119 dedukcji, blefu i interakcji pomi\u0119dzy graczami. Idealna gra do plecaka. Warto uda\u0107 si\u0119 z ni\u0105 na ka\u017cd\u0105 wypraw\u0119.<\/p>\n<\/div><\/div>\n\n\n\n<p class=\"has-text-align-center has-large-font-size\"><a href=\"http:\/\/aleplanszowki.pl\/pliki\/resistance2_ruleswww.pdf\"><strong>INSTRUKCJA <\/strong><\/a><\/p>\n","protected":false},"excerpt":{"rendered":"<p>Czy zdo\u0142asz domy\u015bli\u0107 si\u0119, kto z zebranych jest Agentem? Gra karciana&nbsp;The Resistance&nbsp;to polska edycja jednego z najwi\u0119kszych przeboj\u00f3w na targach gier w Essen 2010. To nowatorska wariacja na temat znanej w Polsce gry Mafia \u2013 wariacja bez eliminacji graczy, z czasem rozgrywki oko\u0142o 30 minut z mo\u017cliwo\u015bci\u0105 gry od 5 do 10 graczy! The Resistance [&hellip;]<\/p>\n","protected":false},"author":3,"featured_media":0,"parent":0,"menu_order":0,"comment_status":"closed","ping_status":"closed","template":"","meta":{"footnotes":""},"class_list":["post-407","page","type-page","status-publish","hentry"],"_links":{"self":[{"href":"https:\/\/cyberwroc.pl\/index.php\/wp-json\/wp\/v2\/pages\/407","targetHints":{"allow":["GET"]}}],"collection":[{"href":"https:\/\/cyberwroc.pl\/index.php\/wp-json\/wp\/v2\/pages"}],"about":[{"href":"https:\/\/cyberwroc.pl\/index.php\/wp-json\/wp\/v2\/types\/page"}],"author":[{"embeddable":true,"href":"https:\/\/cyberwroc.pl\/index.php\/wp-json\/wp\/v2\/users\/3"}],"replies":[{"embeddable":true,"href":"https:\/\/cyberwroc.pl\/index.php\/wp-json\/wp\/v2\/comments?post=407"}],"version-history":[{"count":2,"href":"https:\/\/cyberwroc.pl\/index.php\/wp-json\/wp\/v2\/pages\/407\/revisions"}],"predecessor-version":[{"id":522,"href":"https:\/\/cyberwroc.pl\/index.php\/wp-json\/wp\/v2\/pages\/407\/revisions\/522"}],"wp:attachment":[{"href":"https:\/\/cyberwroc.pl\/index.php\/wp-json\/wp\/v2\/media?parent=407"}],"curies":[{"name":"wp","href":"https:\/\/api.w.org\/{rel}","templated":true}]}}